{"id":14843,"date":"2024-04-02T22:26:45","date_gmt":"2024-04-02T22:26:45","guid":{"rendered":"https:\/\/staging.wattsmartsavings.net\/financiamiento-ca\/"},"modified":"2025-01-22T17:40:59","modified_gmt":"2025-01-22T17:40:59","slug":"financiamiento-ca","status":"publish","type":"page","link":"https:\/\/staging.wattsmartsavings.net\/es\/financiamiento-ca\/","title":{"rendered":"Financiamiento CA"},"content":{"rendered":"<p>[et_pb_section fb_built=\u00bb1&#8243; _builder_version=\u00bb4.16&#8243; global_colors_info=\u00bb{}\u00bb][et_pb_row _builder_version=\u00bb4.16&#8243; global_colors_info=\u00bb{}\u00bb][et_pb_column type=\u00bb4_4&#8243; _builder_version=\u00bb4.16&#8243; custom_padding=\u00bb|||\u00bb global_colors_info=\u00bb{}\u00bb custom_padding__hover=\u00bb|||\u00bb][et_pb_text _builder_version=\u00bb4.20.2&#8243; global_colors_info=\u00bb{}\u00bb]<\/p>\n<h1><strong>Financiaci\u00f3n<\/strong><\/h1>\n<p><strong><\/strong><\/p>\n<p><span>Las mejoras energ\u00e9ticas pueden hacer que su hogar sea m\u00e1s c\u00f3modo, m\u00e1s valioso y generar grandes ahorros en sus facturas mensuales de servicios p\u00fablicos. Los costos iniciales <\/span> <span>(<\/span> <span>despu\u00e9s de los incentivos de Pacific Power<\/span> <span>)<\/span> <span>, sin embargo, impiden que muchos propietarios realicen mejoras.<\/span> <\/p>\n<p><span>Para ayudar,<\/span> Pacific Power se asocia con el prestamista Craft3, sin fines de lucro, para ofrecer financiamiento a sus clientes para mejoras de eficiencia energ\u00e9tica elegibles. El pr\u00e9stamo de energ\u00eda para el hogar Craft3 <span>ofrece<\/span> tasas asequibles y <span>una<\/span> <span>opci\u00f3n de pago conveniente que se aplica<\/span> directamente a <span>su<\/span> factura de servicios p\u00fablicos de Pacific Power. <\/p>\n<p>Los proyectos deben calificar para los incentivos Wattsmart de Pacific Power para ser elegibles. <span>Puede pedir prestado el costo total de las mejoras energ\u00e9ticas elegibles, ya sea instalar una bomba de calor, aislar su casa o actualizar su calentador de agua. <\/span><\/p>\n<p><span>Puede financiar reparaciones cr\u00edticas junto con proyectos elegibles para reembolso de Pacific Power.<\/span><span> Las reparaciones cr\u00edticas podr\u00edan incluir eliminaci\u00f3n de moho, eliminaci\u00f3n de asbesto, reparaci\u00f3n de fugas (incluido el reemplazo de paredes y pisos), reparaci\u00f3n\/reemplazo de techos, eliminaci\u00f3n y prevenci\u00f3n de roedores\/plagas, actualizaciones el\u00e9ctricas (incluido el reemplazo de paneles) y mejora de la calidad del aire. <\/span><\/p>\n<p>Para obtener m\u00e1s informaci\u00f3n, visite <span>el<\/span> <a href=\"http:\/\/www.Craft3.org\/HomeEnergyWash\">sitio web de Craft3<\/a> <span>para obtener informaci\u00f3n y comenzar a crear su propia aplicaci\u00f3n<\/span> .<\/p>\n<p><span>La financiaci\u00f3n de Craft3 ha ayudado a cientos de propietarios a mejorar su situaci\u00f3n. \u00a1Esperamos poder ayudarle! <\/span><\/p>\n<p>Nota: Los hogares de bajos ingresos pueden ser elegibles para recibir servicios adicionales de bajo costo. Pacific Power se asocia con agencias locales para brindar servicios gratuitos de climatizaci\u00f3n a propietarios e inquilinos que califiquen seg\u00fan sus ingresos y que vivan en casas m\u00f3viles. Seg\u00fan las necesidades de la casa, se pueden instalar varias medidas, que incluyen aislamiento, cabezales de ducha de bajo consumo, bombillas LED y m\u00e1s. Todas estas medidas est\u00e1n dise\u00f1adas para reducir sus facturas de electricidad y, al mismo tiempo, mantener su hogar c\u00f3modo. Obtenga m\u00e1s informaci\u00f3n: <a href=\"https:\/\/www.pacificpower.net\/liweatherization\">https:\/\/www.pacificpower.net\/liweatherization<\/a>    <\/p>\n<p style=\"color: #2570b6; font-size: 20px;\"><strong>TARIFAS Y T\u00c9RMINOS* para pr\u00e9stamos de energ\u00eda para el hogar de Craft3<\/strong><\/p>\n<p>[\/et_pb_text][et_pb_code disabled_on=\u00bbon|on|on\u00bb _builder_version=\u00bb4.16&#8243; disabled=\u00bbon\u00bb global_colors_info=\u00bb{}\u00bb]<\/p>\n<table><!-- [et_pb_line_break_holder] -->  <\/p>\n<tr><!-- [et_pb_line_break_holder] -->    <\/p>\n<td>Monto del pr\u00e9stamo<\/td>\n<p><!-- [et_pb_line_break_holder] --> <\/p>\n<td>$2,500 &#8211; $30,000<\/td>\n<p><!-- [et_pb_line_break_holder] -->  <\/tr>\n<p><!-- [et_pb_line_break_holder] -->  <\/p>\n<tr><!-- [et_pb_line_break_holder] -->    <\/p>\n<td>Tasa de inter\u00e9s<\/td>\n<p><!-- [et_pb_line_break_holder] --> <\/p>\n<td>4,99% (5,29% TAE*)<\/td>\n<p><!-- [et_pb_line_break_holder] -->  <\/tr>\n<p><!-- [et_pb_line_break_holder] -->    <\/p>\n<tr><!-- [et_pb_line_break_holder] -->    <\/p>\n<td>T\u00e9rmino<\/td>\n<p><!-- [et_pb_line_break_holder] --> <\/p>\n<td>Hasta 15 a\u00f1os<\/td>\n<p><!-- [et_pb_line_break_holder] -->  <\/tr>\n<p><!-- [et_pb_line_break_holder] -->    <\/p>\n<tr><!-- [et_pb_line_break_holder] -->    <\/p>\n<td>Tarifa de grabaci\u00f3n<\/td>\n<p><!-- [et_pb_line_break_holder] --> <\/p>\n<td>$200<\/td>\n<p><!-- [et_pb_line_break_holder] -->  <\/tr>\n<p><!-- [et_pb_line_break_holder] -->      <\/p>\n<tr><!-- [et_pb_line_break_holder] -->    <\/p>\n<td>Ejemplo<\/td>\n<p><!-- [et_pb_line_break_holder] --> <\/p>\n<td>Pr\u00e9stamo de $10,000 al 5.29% TAE 180 pagos de $80.61 por mes<\/td>\n<p><!-- [et_pb_line_break_holder] -->  <\/tr>\n<p><!-- [et_pb_line_break_holder] --><\/table>\n<p>[\/et_pb_code][et_pb_code disabled_on=\u00bboff|off|off\u00bb _builder_version=\u00bb4.18.0&#8243; min_height=\u00bb180.6px\u00bb global_colors_info=\u00bb{}\u00bb]<div class=\"supsystic-table-loader spinner\"style=\"background-color:#000000\"><\/div><div id=\"supsystic-table-23_56797\" class=\"supsystic-tables-wrap \" style=\" width:100%; visibility: hidden; \" data-table-width-fixed=\"100%\" data-table-width-mobile=\"100%\" ><table id=\"supsystic-table-23\" class=\"supsystic-table border lightboxImg cell-border\" data-id=\"23\" data-view-id=\"23_56797\" data-title=\"RATES &amp;amp; TERMS* for Craft3 Home Energy Loans\" data-currency-format=\"$1,000.00\" data-percent-format=\"10.00%\" data-date-format=\"DD.MM.YYYY\" data-time-format=\"HH:mm\" data-features=\"[&quot;after_table_loaded_script&quot;]\" data-search-value=\"\" data-lightbox-img=\"\" data-head-rows-count=\"1\" data-pagination-length=\"50,100,All\" data-auto-index=\"off\" data-searching-settings=\"{&quot;columnSearchPosition&quot;:&quot;bottom&quot;,&quot;minChars&quot;:&quot;0&quot;}\" data-lang=\"default\" data-override=\"{&quot;emptyTable&quot;:&quot;&quot;,&quot;info&quot;:&quot;&quot;,&quot;infoEmpty&quot;:&quot;&quot;,&quot;infoFiltered&quot;:&quot;&quot;,&quot;lengthMenu&quot;:&quot;&quot;,&quot;search&quot;:&quot;&quot;,&quot;zeroRecords&quot;:&quot;&quot;,&quot;exportLabel&quot;:&quot;&quot;,&quot;file&quot;:&quot;default&quot;}\" data-merged=\"[{&quot;row&quot;:1,&quot;col&quot;:2,&quot;rowspan&quot;:2,&quot;colspan&quot;:1,&quot;removed&quot;:false},{&quot;row&quot;:1,&quot;col&quot;:4,&quot;rowspan&quot;:2,&quot;colspan&quot;:1,&quot;removed&quot;:false},{&quot;row&quot;:1,&quot;col&quot;:3,&quot;rowspan&quot;:2,&quot;colspan&quot;:1,&quot;removed&quot;:false}]\" data-responsive-mode=\"0\" data-from-history=\"0\" ><thead><tr><th class=\"\" style=\"width:; padding: 0 !important;\"><\/th><th class=\"\" style=\"width:; padding: 0 !important;\"><\/th><th class=\"\" style=\"width:; padding: 0 !important;\"><\/th><th class=\"\" style=\"width:; padding: 0 !important;\"><\/th><th class=\"\" style=\"width:; padding: 0 !important;\"><\/th><th class=\"\" style=\"width:; padding: 0 !important;\"><\/th><\/tr><\/thead><tbody><tr style=\"height:px\" ><td data-cell-id=\"A1\" data-x=\"0\" data-y=\"1\" data-db-index=\"1\" class=\"bold htCenter\" data-cell-type=\"text\" data-original-value=\"Annual Household Income\" data-order=\"Annual Household Income\" style=\"min-width:24.3682%; \" >Annual Household Income <\/td><td data-cell-id=\"B1\" data-x=\"1\" data-y=\"1\" data-db-index=\"1\" class=\"bold htCenter\" data-cell-type=\"text\" data-original-value=\"Interest Rate\" data-order=\"Interest Rate\" style=\"min-width:19.1336%; \" >Interest Rate <\/td><td data-cell-id=\"C1\" data-x=\"2\" data-y=\"1\" data-db-index=\"1\" class=\"bold htCenter\" data-cell-type=\"text\" data-original-value=\"Terms\" data-order=\"Terms\" style=\"min-width:13.8989%; \" >Terms <\/td><td data-cell-id=\"D1\" data-x=\"3\" data-y=\"1\" data-db-index=\"1\" class=\"bold htCenter\" data-cell-type=\"text\" data-original-value=\"Loan Amount\" data-order=\"Loan Amount\" style=\"min-width:14.8014%; \" >Loan Amount <\/td><td data-cell-id=\"E1\" data-x=\"4\" data-y=\"1\" data-db-index=\"1\" class=\"bold htCenter\" data-cell-type=\"text\" data-original-value=\"Loan Amount\" data-order=\"Loan Amount\" style=\"min-width:13.8989%; \" >Loan Amount <\/td><td data-cell-id=\"F1\" data-x=\"5\" data-y=\"1\" data-db-index=\"1\" class=\"bold htCenter\" data-cell-type=\"text\" data-original-value=\"Examples\" data-order=\"Examples\" style=\"min-width:13.8989%; \" >Examples <\/td><\/tr><tr style=\"height:px\" ><td data-cell-id=\"A2\" data-x=\"0\" data-y=\"2\" data-db-index=\"2\" class=\"htCenter\" data-cell-type=\"text\" data-original-value=\"More than 100% AMI**\" data-order=\"More than 100% AMI**\" >More than 100% AMI** <\/td><td data-cell-id=\"B2\" data-x=\"1\" data-y=\"2\" data-db-index=\"2\" class=\"htCenter\" data-cell-type=\"text\" data-original-value=\"4.99% (5.29% APR*)\" data-order=\"4.99% (5.29% APR*)\" >4.99% (5.29% APR*) <\/td><td data-cell-id=\"C2\" data-x=\"2\" data-y=\"2\" data-db-index=\"2\" class=\"htCenter htMiddle\" data-cell-type=\"text\" data-original-value=\"Up to 15 years\" data-order=\"Up to 15 years\" data-colspan=\"1\" data-rowspan=\"2\" >Up to 15 years <\/td><td data-cell-id=\"D2\" data-x=\"3\" data-y=\"2\" data-db-index=\"2\" class=\"htCenter htMiddle\" data-cell-type=\"text\" data-original-value=\"$2,500 - $50,000***\" data-order=\"$2,500 - $50,000***\" data-colspan=\"1\" data-rowspan=\"2\" >$2,500 - $50,000*** <\/td><td data-cell-id=\"E2\" data-x=\"4\" data-y=\"2\" data-db-index=\"2\" class=\"htCenter htMiddle\" data-cell-type=\"text\" data-original-value=\" UCC - $200 \" data-order=\" UCC - $200 \" data-colspan=\"1\" data-rowspan=\"2\" > UCC - $200 <\/td><td data-cell-id=\"F2\" data-x=\"5\" data-y=\"2\" data-db-index=\"2\" class=\"htCenter\" data-cell-type=\"text\" data-original-value=\"$10,000 loan at 5.29% APR 180 payments of $80.61 per month\" data-order=\"$10,000 loan at 5.29% APR 180 payments of $80.61 per month\" >$10,000 loan at 5.29% APR 180 payments of $80.61 per month <\/td><\/tr><tr style=\"height:60px\" ><td data-cell-id=\"A3\" data-x=\"0\" data-y=\"3\" data-db-index=\"3\" class=\"htCenter\" data-cell-type=\"text\" data-original-value=\" Equal to\/Less than 100% AMI** \" data-order=\" Equal to\/Less than 100% AMI** \" > Equal to\/Less than 100% AMI** <\/td><td data-cell-id=\"B3\" data-x=\"1\" data-y=\"3\" data-db-index=\"3\" class=\"htCenter\" data-cell-type=\"text\" data-original-value=\"4.49% (4.789% APR*)\" data-order=\"4.49% (4.789% APR*)\" >4.49% (4.789% APR*) <\/td><td data-cell-id=\"C3\" data-x=\"2\" data-y=\"3\" data-db-index=\"3\" class=\"htCenter htMiddle\" data-cell-type=\"text\" data-original-value=\"\" data-order=\"\" data-hide=\"true\" ><\/td><td data-cell-id=\"D3\" data-x=\"3\" data-y=\"3\" data-db-index=\"3\" class=\"htCenter htMiddle\" data-cell-type=\"text\" data-original-value=\"\" data-order=\"\" data-hide=\"true\" ><\/td><td data-cell-id=\"E3\" data-x=\"4\" data-y=\"3\" data-db-index=\"3\" class=\"htCenter htMiddle\" data-cell-type=\"text\" data-original-value=\" UCC - $200 \" data-order=\" UCC - $200 \" data-hide=\"true\" > UCC - $200 <\/td><td data-cell-id=\"F3\" data-x=\"5\" data-y=\"3\" data-db-index=\"3\" class=\"htCenter\" data-cell-type=\"text\" data-original-value=\"$10,000 loan at 4.789% APR 180 payments of $78.16 per month\" data-order=\"$10,000 loan at 4.789% APR 180 payments of $78.16 per month\" >$10,000 loan at 4.789% APR 180 payments of $78.16 per month <\/td><\/tr><\/tbody><\/table><!-- \/#supsystic-table-23.supsystic-table --><\/div><!-- \/.supsystic-tables-wrap --><!-- Tables Generator by Supsystic --><!-- Version:1.10.37 --><!-- http:\/\/supsystic.com\/ -->[\/et_pb_code][et_pb_text _builder_version=\u00bb4.20.2&#8243; min_height=\u00bb452.2px\u00bb custom_margin=\u00bb-41px|||||\u00bb custom_padding=\u00bb||73px|||\u00bb global_colors_info=\u00bb{}\u00bb]<\/p>\n<p>*APR, Tasa de Porcentaje Anual basada en criterios de pr\u00e9stamo de ejemplo.<br \/>** El ingreso medio del \u00e1rea (AMI) es el ingreso familiar promedio de una regi\u00f3n. El AMI se basa en los l\u00edmites de ingresos del HUD. Consulte <a href=\"\">L\u00edmites de Ingresos | HUD USER<\/a> y <a href=\"\">L\u00edmites de Ingresos de la Secci\u00f3n 8 (huduser.gov)<\/a> para obtener m\u00e1s informaci\u00f3n.<br \/>*** El monto m\u00e1ximo del pr\u00e9stamo es de $25,000 para pr\u00e9stamos no garantizados por una presentaci\u00f3n UCC-1A.<br \/>La disponibilidad, los t\u00e9rminos y las condiciones de los pr\u00e9stamos est\u00e1n vigentes al 11\/07\/22 y est\u00e1n sujetos a cambios. Los ejemplos incluyen la financiaci\u00f3n de las tarifas de los pr\u00e9stamos y una tarifa de registro de $200, cuando corresponda. Todas las solicitudes de pr\u00e9stamos est\u00e1n sujetas a la aprobaci\u00f3n del cr\u00e9dito, la propiedad y el proyecto. Se aplican el monto m\u00e1ximo del pr\u00e9stamo y la relaci\u00f3n pr\u00e9stamo-valor y est\u00e1n sujetos al valor patrimonial y los requisitos de suscripci\u00f3n para todos los programas. Los solicitantes deben ser clientes de una empresa de servicios p\u00fablicos participante que figure en la lista. Los pr\u00e9stamos garantizados por una presentaci\u00f3n UCC-1A se registrar\u00e1n en el condado. La subordinaci\u00f3n puede estar disponible con la aprobaci\u00f3n del prestamista; pueden aplicarse tarifas. El saldo principal y los intereses se deben al momento de la venta, transferencia, refinanciamiento o vencimiento. Debido a las fuentes de financiamiento de pr\u00e9stamos para energ\u00eda residencial, los proyectos financiados pueden requerir una revisi\u00f3n de preservaci\u00f3n hist\u00f3rica y de recursos culturales. Si se realiza una designaci\u00f3n, el propietario de la propiedad ser\u00e1 responsable de los costos incurridos.           <\/p>\n<p><span style=\"color: #2570b6; font-size: 20px;\"><strong><\/strong><\/span><\/p>\n<p><span style=\"color: #2570b6; font-size: 20px;\"><strong>\u00bfA\u00fan tiene preguntas?<\/strong><\/span><br \/>HomeEnergy@Craft3.org<br \/>888-231-2170 ext 225<\/p>\n<p>[\/et_pb_text][et_pb_text _builder_version=\u00bb4.20.2&#8243; min_height=\u00bb145.2px\u00bb custom_margin=\u00bb-41px|||||\u00bb custom_padding=\u00bb||14px|||\u00bb global_colors_info=\u00bb{}\u00bb]<\/p>\n<p><img loading=\"lazy\" decoding=\"async\" src=\"https:\/\/staging.wattsmartsavings.net\/wp-content\/uploads\/2023\/03\/Equal-Housing-Opportunity-Logo-150x150.png\" width=\"150\" height=\"150\" alt=\"Logotipo de igualdad de oportunidades en la vivienda\" class=\"wp-image-11843 size-thumbnail\"> <\/p>\n<p><strong>Craft3 es un prestamista y empleador que ofrece igualdad de oportunidades. NMLS ID 390159   <\/strong><a href=\"https:\/\/nam02.safelinks.protection.outlook.com\/?url=http%3A%2F%2Fnmlsconsumeraccess.org%2F&amp;data=05%7C01%7Caudreys%40resource-innovations.com%7C6107108176074919619708daa233cd67%7Cf47531636e054a32bf82acbc0efbc64d%7C0%7C0%7C638000640628788467%7CUnknown%7CTWFpbGZsb3d8eyJWIjoiMC4wLjAwMDAiLCJQIjoiV2luMzIiLCJBTiI6Ik1haWwiLCJXVCI6Mn0%3D%7C3000%7C%7C%7C&amp;sdata=inR8w%2BPFOLXMompbm41wLFVnnvx30PJ6ixr5lDWQ8Vs%3D&amp;reserved=0\"><strong>Acceso de consumidores a NMLS<\/strong><\/a><strong>.<br \/> Completar una solicitud no garantiza la aprobaci\u00f3n del pr\u00e9stamo ni la recepci\u00f3n de los fondos del pr\u00e9stamo.<br \/> Craft3 es una organizaci\u00f3n 501(c)(3) y todas las donaciones son deducibles de impuestos. EIN 91-1662698.<br \/> Copyright \u00a9 2015-2022 Craft3 TODOS LOS DERECHOS RESERVADOS. Craft3 y el logotipo de Craft3 son marcas registradas de Craft3.  <\/strong><\/p>\n<p>[\/et_pb_text][\/et_pb_column][\/et_pb_row][\/et_pb_section]<\/p>\n","protected":false},"excerpt":{"rendered":"<p>Financiaci\u00f3n Las mejoras energ\u00e9ticas pueden hacer que su hogar sea m\u00e1s c\u00f3modo, m\u00e1s valioso y generar grandes ahorros en sus facturas mensuales de servicios p\u00fablicos. Los costos iniciales ( despu\u00e9s de los incentivos de Pacific Power ) , sin embargo, impiden que muchos propietarios realicen mejoras. Para ayudar, Pacific Power se asocia con el prestamista [&hellip;]<\/p>\n","protected":false},"author":21,"featured_media":0,"parent":0,"menu_order":0,"comment_status":"closed","ping_status":"closed","template":"","meta":{"_et_pb_use_builder":"on","_et_pb_old_content":"","_et_gb_content_width":"","inline_featured_image":false,"footnotes":""},"class_list":["post-14843","page","type-page","status-publish","hentry"],"_links":{"self":[{"href":"https:\/\/staging.wattsmartsavings.net\/es\/wp-json\/wp\/v2\/pages\/14843","targetHints":{"allow":["GET"]}}],"collection":[{"href":"https:\/\/staging.wattsmartsavings.net\/es\/wp-json\/wp\/v2\/pages"}],"about":[{"href":"https:\/\/staging.wattsmartsavings.net\/es\/wp-json\/wp\/v2\/types\/page"}],"author":[{"embeddable":true,"href":"https:\/\/staging.wattsmartsavings.net\/es\/wp-json\/wp\/v2\/users\/21"}],"replies":[{"embeddable":true,"href":"https:\/\/staging.wattsmartsavings.net\/es\/wp-json\/wp\/v2\/comments?post=14843"}],"version-history":[{"count":5,"href":"https:\/\/staging.wattsmartsavings.net\/es\/wp-json\/wp\/v2\/pages\/14843\/revisions"}],"predecessor-version":[{"id":15029,"href":"https:\/\/staging.wattsmartsavings.net\/es\/wp-json\/wp\/v2\/pages\/14843\/revisions\/15029"}],"wp:attachment":[{"href":"https:\/\/staging.wattsmartsavings.net\/es\/wp-json\/wp\/v2\/media?parent=14843"}],"curies":[{"name":"wp","href":"https:\/\/api.w.org\/{rel}","templated":true}]}}