{"id":14852,"date":"2020-07-21T20:30:25","date_gmt":"2020-07-21T20:30:25","guid":{"rendered":"https:\/\/staging.wattsmartsavings.net\/ca-rendimiento-para-toda-la-casa\/"},"modified":"2025-01-21T18:04:32","modified_gmt":"2025-01-21T18:04:32","slug":"ca-rendimiento-para-toda-la-casa","status":"publish","type":"page","link":"https:\/\/staging.wattsmartsavings.net\/es\/residencial-california\/ca-rendimiento-para-toda-la-casa\/","title":{"rendered":"CA-rendimiento-para-toda-la-casa"},"content":{"rendered":"<p>[et_pb_section fb_built=\u00bb1&#8243; _builder_version=\u00bb3.23.2&#8243; custom_padding=\u00bb54px||0px|||\u00bb global_module=\u00bb2100&#8243; global_colors_info=\u00bb{}\u00bb][et_pb_row column_structure=\u00bb1_5,1_5,1_5,1_5,1_5&#8243; use_custom_gutter=\u00bbon\u00bb gutter_width=\u00bb1&#8243; disabled_on=\u00bbon|on|off\u00bb _builder_version=\u00bb4.16&#8243; width=\u00bb77%\u00bb max_width=\u00bb2560px\u00bb custom_margin=\u00bb-40px|auto|22px|auto||\u00bb custom_padding=\u00bb18px||16px|||\u00bb border_width_bottom=\u00bb1px\u00bb border_color_bottom=\u00bbrgba(92,92,92,0.24)\u00bb saved_tabs=\u00bball\u00bb locked=\u00bboff\u00bb global_colors_info=\u00bb{}\u00bb][et_pb_column type=\u00bb1_5&#8243; _builder_version=\u00bb4.16&#8243; custom_padding=\u00bb||0px|\u00bb global_colors_info=\u00bb{}\u00bb custom_padding__hover=\u00bb|||\u00bb][et_pb_text _builder_version=\u00bb4.21.0&#8243; text_text_color=\u00bb#919191&#8243; width=\u00bb100%\u00bb custom_margin=\u00bb||0px\u00bb custom_padding=\u00bb||0px\u00bb link_option_url=\u00bbhttps:\/\/staging.wattsmartsavings.net\/washington-residential\/\u00bb z_index_tablet=\u00bb500&#8243; text_text_shadow_horizontal_length_tablet=\u00bb0px\u00bb text_text_shadow_vertical_length_tablet=\u00bb0px\u00bb text_text_shadow_blur_strength_tablet=\u00bb1px\u00bb link_text_shadow_horizontal_length_tablet=\u00bb0px\u00bb link_text_shadow_vertical_length_tablet=\u00bb0px\u00bb link_text_shadow_blur_strength_tablet=\u00bb1px\u00bb ul_text_shadow_horizontal_length_tablet=\u00bb0px\u00bb ul_text_shadow_vertical_length_tablet=\u00bb0px\u00bb ul_text_shadow_blur_strength_tablet=\u00bb1px\u00bb ol_text_shadow_horizontal_length_tablet=\u00bb0px\u00bb ol_text_shadow_vertical_length_tablet=\u00bb0px\u00bb ol_text_shadow_blur_strength_tablet=\u00bb1px\u00bb quote_text_shadow_horizontal_length_tablet=\u00bb0px\u00bb quote_text_shadow_vertical_length_tablet=\u00bb0px\u00bb quote_text_shadow_blur_strength_tablet=\u00bb1px\u00bb header_text_shadow_horizontal_length_tablet=\u00bb0px\u00bb header_text_shadow_vertical_length_tablet=\u00bb0px\u00bb header_text_shadow_blur_strength_tablet=\u00bb1px\u00bb header_2_text_shadow_horizontal_length_tablet=\u00bb0px\u00bb header_2_text_shadow_vertical_length_tablet=\u00bb0px\u00bb header_2_text_shadow_blur_strength_tablet=\u00bb1px\u00bb header_3_text_shadow_horizontal_length_tablet=\u00bb0px\u00bb header_3_text_shadow_vertical_length_tablet=\u00bb0px\u00bb header_3_text_shadow_blur_strength_tablet=\u00bb1px\u00bb header_4_text_shadow_horizontal_length_tablet=\u00bb0px\u00bb header_4_text_shadow_vertical_length_tablet=\u00bb0px\u00bb header_4_text_shadow_blur_strength_tablet=\u00bb1px\u00bb header_5_text_shadow_horizontal_length_tablet=\u00bb0px\u00bb header_5_text_shadow_vertical_length_tablet=\u00bb0px\u00bb header_5_text_shadow_blur_strength_tablet=\u00bb1px\u00bb header_6_text_shadow_horizontal_length_tablet=\u00bb0px\u00bb header_6_text_shadow_vertical_length_tablet=\u00bb0px\u00bb header_6_text_shadow_blur_strength_tablet=\u00bb1px\u00bb box_shadow_horizontal_tablet=\u00bb0px\u00bb box_shadow_vertical_tablet=\u00bb0px\u00bb box_shadow_blur_tablet=\u00bb40px\u00bb box_shadow_spread_tablet=\u00bb0px\u00bb global_colors_info=\u00bb{}\u00bb]<\/p>\n<p style=\"text-align: center;\"><a href=\"https:\/\/staging.wattsmartsavings.net\/california-residential\/\" style=\"color: #196fb6;\"><strong>ENCUENTRE AHORROS<\/strong><\/a><\/p>\n<p>[\/et_pb_text][\/et_pb_column][et_pb_column type=\u00bb1_5&#8243; _builder_version=\u00bb4.16&#8243; custom_padding=\u00bb||0px|\u00bb global_colors_info=\u00bb{}\u00bb custom_padding__hover=\u00bb|||\u00bb][et_pb_text _builder_version=\u00bb4.16&#8243; text_font=\u00bb||||||||\u00bb custom_margin=\u00bb||0px|||\u00bb custom_padding=\u00bb||0px\u00bb link_option_url=\u00bbhttps:\/\/pacificpower.tradeally.com\/\u00bb global_colors_info=\u00bb{}\u00bb]<\/p>\n<p style=\"text-align: center;\"><a href=\"https:\/\/pacificpower.tradeally.com\/\" style=\"color: #196fb6;\"><strong>ENCONTRAR UN CONTRATISTA<\/strong><\/a><\/p>\n<p>[\/et_pb_text][\/et_pb_column][et_pb_column type=\u00bb1_5&#8243; _builder_version=\u00bb4.16&#8243; custom_padding=\u00bb||0px|\u00bb global_colors_info=\u00bb{}\u00bb custom_padding__hover=\u00bb|||\u00bb][et_pb_text _builder_version=\u00bb4.16&#8243; custom_margin=\u00bb0px||0px\u00bb custom_padding=\u00bb||0px\u00bb link_option_url=\u00bb#\u00bb global_colors_info=\u00bb{}\u00bb]<\/p>\n<p style=\"text-align: center;\"><a href=\"https:\/\/pacificorpdsmc.traksmart.com\/traksmart4\/html\/pux\/application-search\" style=\"color: #196fb6;\"><strong>ESTADO DE LA SOLICITUD<\/strong><\/a><\/p>\n<p>[\/et_pb_text][\/et_pb_column][et_pb_column type=\u00bb1_5&#8243; _builder_version=\u00bb4.16&#8243; custom_padding=\u00bb||0px|\u00bb global_colors_info=\u00bb{}\u00bb custom_padding__hover=\u00bb|||\u00bb][et_pb_text _builder_version=\u00bb4.24.2&#8243; custom_margin=\u00bb||0px\u00bb custom_padding=\u00bb||0px\u00bb link_option_url=\u00bb#\u00bb global_colors_info=\u00bb{}\u00bb]<\/p>\n<p style=\"text-align: center;\"><a href=\"https:\/\/staging.wattsmartsavings.net\/california-residential\/faqs-ca\/\" style=\"color: #196fb6;\"><strong>ATENCI\u00d3N AL CLIENTE<\/strong><\/a><\/p>\n<p>[\/et_pb_text][et_pb_text disabled_on=\u00bbon|on|on\u00bb _builder_version=\u00bb4.16&#8243; text_font=\u00bb||||||||\u00bb text_text_color=\u00bb#196fb6&#8243; header_font=\u00bb||||||||\u00bb custom_margin=\u00bb||0px\u00bb custom_padding=\u00bb||0px\u00bb link_option_url=\u00bb#\u00bb disabled=\u00bbon\u00bb global_colors_info=\u00bb{}\u00bb text_text_color__hover_enabled=\u00bbon\u00bb text_text_color__hover=\u00bb#196fb6&#8243;]<\/p>\n<p style=\"text-align: center;\"><a href=\"https:\/\/staging.wattsmartsavings.net\/?page_id=3784\" style=\"color: #196fb6;\"><strong>KIT DE INICIO GRATUITO<\/strong><\/a><\/p>\n<p>[\/et_pb_text][\/et_pb_column][et_pb_column type=\u00bb1_5&#8243; _builder_version=\u00bb4.16&#8243; custom_padding=\u00bb||0px|\u00bb global_colors_info=\u00bb{}\u00bb custom_padding__hover=\u00bb|||\u00bb][et_pb_text disabled_on=\u00bbon|on|on\u00bb _builder_version=\u00bb4.24.2&#8243; _module_preset=\u00bbdefault\u00bb disabled=\u00bbon\u00bb global_colors_info=\u00bb{}\u00bb]<\/p>\n<p style=\"text-align: center;\"><a href=\"https:\/\/staging.wattsmartsavings.net\/es\/financiamiento-ca\/\" style=\"color: #196fb6;\"><b>FINANCIACI\u00d3N<\/b><\/a><\/p>\n<p>[\/et_pb_text][\/et_pb_column][\/et_pb_row][\/et_pb_section][et_pb_section fb_built=\u00bb1&#8243; _builder_version=\u00bb4.16&#8243; custom_margin=\u00bb1px|||||\u00bb custom_padding=\u00bb3px|||||\u00bb global_colors_info=\u00bb{}\u00bb][et_pb_row column_structure=\u00bb1_3,2_3&#8243; use_custom_gutter=\u00bbon\u00bb gutter_width=\u00bb1&#8243; padding_top_bottom_link_2=\u00bbtrue\u00bb padding_left_right_link_2=\u00bbtrue\u00bb disabled_on=\u00bbon|on|off\u00bb module_class=\u00bbpa-inline-buttons\u00bb _builder_version=\u00bb4.16&#8243; custom_margin=\u00bb1px|auto|-8px|auto||\u00bb global_colors_info=\u00bb{}\u00bb][et_pb_column type=\u00bb1_3&#8243; _builder_version=\u00bb4.16&#8243; custom_padding=\u00bb|||\u00bb global_colors_info=\u00bb{}\u00bb custom_padding__hover=\u00bb|||\u00bb][et_pb_text disabled_on=\u00bbon|on|off\u00bb _builder_version=\u00bb4.27.0&#8243; text_font=\u00bb||||||||\u00bb text_letter_spacing=\u00bb0.25px\u00bb text_line_height=\u00bb2.2em\u00bb link_text_color=\u00bb#5c5c5c\u00bb header_font=\u00bb||||||||\u00bb header_2_font=\u00bb|800|||||||\u00bb header_2_font_size=\u00bb18px\u00bb width=\u00bb95.5%\u00bb custom_padding=\u00bb22px|0px|22px|0px|true|true\u00bb z_index_tablet=\u00bb500&#8243; text_text_shadow_horizontal_length_tablet=\u00bb0px\u00bb text_text_shadow_vertical_length_tablet=\u00bb0px\u00bb text_text_shadow_blur_strength_tablet=\u00bb1px\u00bb link_text_shadow_horizontal_length_tablet=\u00bb0px\u00bb link_text_shadow_vertical_length_tablet=\u00bb0px\u00bb link_text_shadow_blur_strength_tablet=\u00bb1px\u00bb ul_text_shadow_horizontal_length_tablet=\u00bb0px\u00bb ul_text_shadow_vertical_length_tablet=\u00bb0px\u00bb ul_text_shadow_blur_strength_tablet=\u00bb1px\u00bb ol_text_shadow_horizontal_length_tablet=\u00bb0px\u00bb ol_text_shadow_vertical_length_tablet=\u00bb0px\u00bb ol_text_shadow_blur_strength_tablet=\u00bb1px\u00bb quote_text_shadow_horizontal_length_tablet=\u00bb0px\u00bb quote_text_shadow_vertical_length_tablet=\u00bb0px\u00bb quote_text_shadow_blur_strength_tablet=\u00bb1px\u00bb header_text_shadow_horizontal_length_tablet=\u00bb0px\u00bb header_text_shadow_vertical_length_tablet=\u00bb0px\u00bb header_text_shadow_blur_strength_tablet=\u00bb1px\u00bb header_2_text_shadow_horizontal_length_tablet=\u00bb0px\u00bb header_2_text_shadow_vertical_length_tablet=\u00bb0px\u00bb header_2_text_shadow_blur_strength_tablet=\u00bb1px\u00bb header_3_text_shadow_horizontal_length_tablet=\u00bb0px\u00bb header_3_text_shadow_vertical_length_tablet=\u00bb0px\u00bb header_3_text_shadow_blur_strength_tablet=\u00bb1px\u00bb header_4_text_shadow_horizontal_length_tablet=\u00bb0px\u00bb header_4_text_shadow_vertical_length_tablet=\u00bb0px\u00bb header_4_text_shadow_blur_strength_tablet=\u00bb1px\u00bb header_5_text_shadow_horizontal_length_tablet=\u00bb0px\u00bb header_5_text_shadow_vertical_length_tablet=\u00bb0px\u00bb header_5_text_shadow_blur_strength_tablet=\u00bb1px\u00bb header_6_text_shadow_horizontal_length_tablet=\u00bb0px\u00bb header_6_text_shadow_vertical_length_tablet=\u00bb0px\u00bb header_6_text_shadow_blur_strength_tablet=\u00bb1px\u00bb box_shadow_style=\u00bbpreset1&#8243; box_shadow_blur=\u00bb23px\u00bb box_shadow_spread=\u00bb-1px\u00bb global_colors_info=\u00bb{}\u00bb]<\/p>\n<h2 style=\"padding-left: 20px; padding-bottom: 20px; padding-top: 0px; border-bottom: solid #cdcdcd 1px;\">Encuentre ahorros<\/h2>\n<p style=\"padding-left: 20px; padding-bottom: 5px; padding-top: 5px;\"><a id=\"hoverlinkblue1\" href=\"https:\/\/staging.wattsmartsavings.net\/california-residential\/find-savings-appliances\/\" title=\"Electrodom\u00e9sticos - Encuentra ahorros\"><strong>Accesorios<\/strong><\/a><\/p>\n<p style=\"padding-left: 20px; padding-bottom: 5px; padding-top: 5px;\"><a id=\"hoverlinkblue2\" href=\"https:\/\/staging.wattsmartsavings.net\/california-residential\/find-savings-heating-and-cooling\/\" title=\"Calefacci\u00f3n y enfriamiento: encuentre ahorros\"><strong>Calefacci\u00f3n y enfriamiento<\/strong><\/a><\/p>\n<p style=\"padding-left: 20px; padding-bottom: 5px; padding-top: 5px;\"><a href=\"https:\/\/staging.wattsmartsavings.net\/california-residential\/find-savings-manufactured-homes\/\" title=\"Casas prefabricadas: encuentre ahorros\"><strong>Casas prefabricadas<\/strong><\/a><\/p>\n<p style=\"padding-left: 20px; padding-bottom: 5px; padding-top: 5px;\"><a id=\"hoverlinkblue5\" href=\"https:\/\/staging.wattsmartsavings.net\/california-residential\/find-savings-multifamily\/\" title=\"Multifamiliar - Encuentre ahorros\"><strong>Multifamiliar<\/strong><\/a><\/p>\n<p style=\"background-color: #d6efff; color: #000; padding-left: 20px; padding-bottom: 5px; padding-top: 5px;\"><strong>Casas nuevas<\/strong><\/p>\n<p style=\"padding-left: 20px; padding-bottom: 5px; padding-top: 5px;\"><a id=\"hoverlinkblue7\" href=\"https:\/\/staging.wattsmartsavings.net\/california-residential\/find-savings-plumbing-and-heating\/\" title=\"Fontaner\u00eda y calefacci\u00f3n de agua: encuentre ahorros\"><strong>Calentamiento de agua<\/strong><\/a><\/p>\n<p>[\/et_pb_text][\/et_pb_column][et_pb_column type=\u00bb2_3&#8243; _builder_version=\u00bb4.16&#8243; custom_padding=\u00bb0px|51px|0px|51px\u00bb global_colors_info=\u00bb{}\u00bb custom_padding__hover=\u00bb|||\u00bb][et_pb_text _builder_version=\u00bb4.16&#8243; header_font=\u00bb||||||||\u00bb header_2_font=\u00bb||||||||\u00bb header_2_font_size=\u00bb29px\u00bb global_colors_info=\u00bb{}\u00bb]<\/p>\n<h1><strong>Ruta de desempe\u00f1o integral de viviendas nuevas<\/strong><\/h1>\n<p>[\/et_pb_text][et_pb_image src=\u00bbhttps:\/\/staging.wattsmartsavings.net\/wp-content\/uploads\/2019\/05\/thumbnail_measures_whole_home_upgrade-e1558650829674.png\u00bb alt=\u00bbCasa suburbana grande renovada\u00bb title_text=\u00bbMedidas en miniatura para mejorar toda la casa\u00bb align=\u00bbcenter\u00bb align_tablet=\u00bbcenter\u00bb align_phone=\u00bb\u00bb align_last_edited=\u00bbon|desktop\u00bb disabled_on=\u00bbon|on|off\u00bb _builder_version=\u00bb4.16&#8243; width=\u00bb100%\u00bb custom_margin=\u00bb|||||\u00bb custom_padding=\u00bb|||||\u00bb z_index_tablet=\u00bb500&#8243; global_colors_info=\u00bb{}\u00bb]<br \/>\n[\/et_pb_image][et_pb_text disabled_on=\u00bbon|on|off\u00bb _builder_version=\u00bb4.16&#8243; text_font=\u00bb||||||||\u00bb header_font=\u00bb|700|||||||\u00bb header_text_align=\u00bbcenter\u00bb header_text_color=\u00bb#196fb6&#8243; header_2_font=\u00bb|700|||||||\u00bb header_2_text_align=\u00bbcenter\u00bb header_2_text_color=\u00bb#196fb6&#8243; background_color=\u00bb#f5f5f5&#8243; custom_margin=\u00bb|||||\u00bb custom_padding=\u00bb1vw||0.5vw||false\u00bb global_colors_info=\u00bb{}\u00bb]<\/p>\n<h2>Reciba hasta $5,000 de reembolso en efectivo<\/h2>\n<p>[\/et_pb_text][et_pb_code disabled_on=\u00bbon|on|on\u00bb _builder_version=\u00bb4.16&#8243; custom_margin=\u00bb5px|||||\u00bb z_index_tablet=\u00bb500&#8243; disabled=\u00bbon\u00bb global_colors_info=\u00bb{}\u00bb]<a href=\"https:\/\/staging.wattsmartsavings.net\/apps\/CA\/09-CA-new-homes-whole-home.pdf\"><button style=\"background-color: #196fb5; color: white; padding: 10px 15px; border: none; margin-right: 1vh; font-size: large;\">SOLICITAR POR CORREO<\/button><\/a><!-- [et_pb_line_break_holder] -->[\/et_pb_code][et_pb_button button_url=\u00bbhttps:\/\/staging.wattsmartsavings.net\/wp-content\/uploads\/2022\/04\/09-CA-new-homes-whole-home-post-tariff-applications-033022-1.pdf\u00bb url_new_window=\u00bbon\u00bb button_text=\u00bbSOLICITAR POR CORREO\u00bb _builder_version=\u00bb4.16.0&#8243; _module_preset=\u00bbdefault\u00bb custom_button=\u00bbon\u00bb button_text_size=\u00bb18px\u00bb button_text_color=\u00bb#ffffff\u00bb button_bg_color=\u00bb#196fb6&#8243; button_border_width=\u00bb0px\u00bb button_border_radius=\u00bb0px\u00bb button_icon=\u00bb&#x35;||divi||400&#8243; custom_margin=\u00bb5px|8px|5px||true|false\u00bb global_colors_info=\u00bb{}\u00bb][\/et_pb_button][\/et_pb_column][\/et_pb_row][et_pb_row _builder_version=\u00bb4.16&#8243; _module_preset=\u00bbdefault\u00bb global_colors_info=\u00bb{}\u00bb][et_pb_column type=\u00bb4_4&#8243; _builder_version=\u00bb4.16&#8243; _module_preset=\u00bbdefault\u00bb global_colors_info=\u00bb{}\u00bb][et_pb_text _builder_version=\u00bb4.16&#8243; text_font=\u00bb||||||||\u00bb text_font_size=\u00bb14.6px\u00bb global_colors_info=\u00bb{}\u00bb]<\/p>\n<h3><span style=\"font-size: large;\"><strong>Construya para lograr eficiencia y gane recompensas<\/strong><\/span><\/h3>\n<p>Pacific Power ofrece a los constructores la oportunidad de recibir incentivos en efectivo por incluir productos y caracter\u00edsticas de alta eficiencia en viviendas unifamiliares y prefabricadas nuevas. Destaque y demuestre su compromiso con la calidad con viviendas que ofrecen comodidad superior, mayor durabilidad y menores costos de energ\u00eda. <\/p>\n<p>Los constructores interesados deben comunicarse con el programa a trav\u00e9s del sitio web de Ahorro de Energ\u00eda en el Hogar.<\/p>\n<p>Se informar\u00e1 al constructor sobre los detalles del programa y se lo conectar\u00e1 con un analista de energ\u00eda certificado por CABEC que lo ayudar\u00e1 a determinar la elegibilidad, el modelado y las pruebas del proyecto.<\/p>\n<p>El analista de energ\u00eda certificado por CABEC proporcionar\u00eda los resultados preliminares del modelo utilizando el software de modelado EnergyPro para estimar los ahorros de energ\u00eda en comparaci\u00f3n con el est\u00e1ndar del c\u00f3digo de construcci\u00f3n de 2019. EnergyPro brinda una estimaci\u00f3n del \u00abporcentaje por encima del c\u00f3digo de energ\u00eda de California\u00bb a partir del cual se calculan las tasas y los montos de los reembolsos. Debido a que EnergyPro se utiliza en todo el estado, el software se actualiza con los c\u00f3digos de construcci\u00f3n cambiantes. EnergyPro muestra como entradas medidas opcionales de las pruebas de hermeticidad de los conductos y del edificio. El c\u00f3digo de construcci\u00f3n actual de California (2019) requiere pruebas de soplado de conductos para todas las casas con conductos, pero no requiere una prueba de puerta sopladora. Por lo tanto, la prueba de puerta sopladora es un cargo adicional para el constructor si desea participar en el programa. Para las casas que califican, los incentivos son los que se muestran en la secci\u00f3n Calificaci\u00f3n e incentivos a continuaci\u00f3n.      <\/p>\n<p>[\/et_pb_text][et_pb_tabs active_tab_background_color=\u00bb#196fb6&#8243; active_tab_text_color=\u00bb#ffffff\u00bb _builder_version=\u00bb4.25.0&#8243; _module_preset=\u00bbdefault\u00bb tab_font_size=\u00bb16px\u00bb hover_enabled=\u00bb0&#8243; global_colors_info=\u00bb{}\u00bb sticky_enabled=\u00bb0&#8243;][et_pb_tab title=\u00bbCualificaciones e incentivos\u00bb _builder_version=\u00bb4.27.4&#8243; _module_preset=\u00bbdefault\u00bb hover_enabled=\u00bb0&#8243; global_colors_info=\u00bb{}\u00bb sticky_enabled=\u00bb0&#8243;]<\/p>\n<h4>Nueva bomba de calor sin conductos para el hogar<\/h4>\n<table style=\"border: 2px solid black; width: 664px;\">\n<tbody>\n<tr style=\"background-color: #eeeeee; border: 2px solid; height: 48px;\">\n<th style=\"text-align: center; border: 2px solid black; width: 273px; height: 48px;\" scope=\"col\">Compras de servicios<\/th>\n<th style=\"text-align: center; border: 2px solid; width: 192px; height: 48px;\" scope=\"col\">Incentivo para clientes\/constructores<\/th>\n<th style=\"text-align: center; border: 2px solid; width: 179px; height: 48px;\" scope=\"col\">Incentivo m\u00e1ximo para clientes\/constructores<\/th>\n<\/tr>\n<tr style=\"height: 24px;\">\n<td style=\"text-align: center; border: 2px solid black; width: 273px; height: 24px;\">15% &#8211; 29,9% por encima del c\u00f3digo de energ\u00eda<\/td>\n<td style=\"text-align: center; border: 2px solid; width: 192px; height: 24px;\">$1,00 \/ kWh ahorrado<\/td>\n<td style=\"text-align: center; border: 2px solid; width: 179px; height: 24px;\">$2500<\/td>\n<\/tr>\n<tr style=\"height: 33.5313px;\">\n<td style=\"text-align: center; border: 2px solid black; width: 273px; height: 33.5313px;\">30% &#8211; 44,99% por encima del c\u00f3digo de energ\u00eda<\/td>\n<td style=\"text-align: center; border: 2px solid; width: 192px; height: 33.5313px;\">$1,10 \/ kWh ahorrado<\/td>\n<td style=\"text-align: center; border: 2px solid; width: 179px; height: 33.5313px;\">$3500<\/td>\n<\/tr>\n<tr style=\"height: 34px;\">\n<td style=\"text-align: center; border: 2px solid black; width: 273px; height: 34px;\">45%+ por encima del c\u00f3digo de energ\u00eda<\/td>\n<td style=\"text-align: center; border: 2px solid; width: 192px; height: 34px;\">$1.20\/kWh ahorrado<\/td>\n<td style=\"text-align: center; border: 2px solid; width: 179px; height: 34px;\">$5,000<\/td>\n<\/tr>\n<\/tbody>\n<\/table>\n<p><em>*El incentivo est\u00e1 disponible para el propietario o el constructor, no para ambos.<br \/><\/em><\/p>\n<h5><strong>Aseg\u00farese de que la vivienda califique:<\/strong><\/h5>\n<ul>\n<li>La casa debe ser de nueva construcci\u00f3n.<\/li>\n<li>El trabajo realizado debe cumplir con todos los c\u00f3digos y est\u00e1ndares de construcci\u00f3n.<\/li>\n<\/ul>\n<h5><strong>Aseg\u00farese de que el servicio califique:<\/strong><\/h5>\n<ul>\n<li>Debe ser al menos un 15 % o mejor que los est\u00e1ndares de eficiencia energ\u00e9tica de edificios vigentes en California (T\u00edtulo 24)<\/li>\n<li>Todos los equipos y servicios deben cumplir con todos los requisitos del programa individual en el Manual de Especificaciones T\u00e9cnicas de California.<\/li>\n<\/ul>\n<h5><strong>Incluya prueba documentada del cierre del permiso por parte de la autoridad de construcci\u00f3n local para cualquier instalaci\u00f3n de aire acondicionado o bomba de calor.<\/strong><\/h5>\n<ul>\n<li>Incluya el n\u00famero de permiso, el nombre de la autoridad de construcci\u00f3n local y el comprobante del cierre del permiso.<\/li>\n<li>Siga el enlace para encontrar su <a href=\"https:\/\/www.cslb.ca.gov\/Consumers\/Hire_A_Contractor\/Building_Permit_Requirements.aspx\">autoridad de construcci\u00f3n<\/a> local<\/li>\n<\/ul>\n<h5><strong>Documentos requeridos:<\/strong><\/h5>\n<ul>\n<li><a href=\"https:\/\/staging.wattsmartsavings.net\/wp-content\/uploads\/2022\/04\/09-CA-new-homes-whole-home-post-tariff-applications-033022-1.pdf\">Solicitud de ruta de desempe\u00f1o integral para viviendas nuevas<\/a> , completa y firmada<\/li>\n<li><span>  La solicitud debe presentarse dentro de los 90 d\u00edas posteriores a la compra de su nuevo producto de eficiencia energ\u00e9tica.<\/span><\/li>\n<li>Se debe proporcionar una copia del modelo de la casa realizado por un tercero independiente. Si utiliza un software de modelado diferente, comun\u00edquese con el programa para obtener la aprobaci\u00f3n antes de presentar la solicitud. <\/li>\n<li><a href=\"https:\/\/staging.wattsmartsavings.net\/ca_third_party_payment_addendum.pdf\">Anexo de pago de terceros<\/a> para solicitantes que deseen reenviar el pago a un tercero que no figura en la cuenta de servicios p\u00fablicos<\/li>\n<li>Formulario <a href=\"https:\/\/www.irs.gov\/pub\/irs-pdf\/fw9.pdf\">W-9 del IRS<\/a> , si corresponde**<\/li>\n<\/ul>\n<p><em>**Aplicable \u00fanicamente a empresas y clientes no particulares que soliciten incentivos.<\/em><\/p>\n<p>[\/et_pb_tab][et_pb_tab title=\u00bbElegibilidad del cliente\u00bb _builder_version=\u00bb4.16&#8243; _module_preset=\u00bbdefault\u00bb global_colors_info=\u00bb{}\u00bb]<\/p>\n<p>Los clientes residenciales de electricidad que residen en el estado de California y que compran su electricidad a Pacific Power con tarifas D, DL-6, DS-8, DM-9 o NEM-35 califican para este programa. Los propietarios que son due\u00f1os de propiedades de alquiler a las que presta servicios la empresa en el estado de California y donde el inquilino recibe la factura con tarifas D, DL-6, DS-8, DM-9 o NEM-35 tambi\u00e9n califican para este programa.  Puede encontrar su lista de tarifas en su factura o llamando al 1-888-221-7070. Los cheques de incentivo solo se emiten a nombre del titular de la cuenta de Pacific Power.<\/p>\n<p>[\/et_pb_tab][et_pb_tab title=\u00bb\u00bfC\u00f3mo aplicar?\u00bb _builder_version=\u00bb4.16&#8243; _module_preset=\u00bbdefault\u00bb global_colors_info=\u00bb{}\u00bb]<\/p>\n<p><strong>Si el cliente solicita el incentivo:<\/strong><\/p>\n<ul>\n<li>Al finalizar el proyecto, los clientes deben recibir de sus contratistas:\n<ul>\n<li>Secci\u00f3n de aliado comercial completada y firmada de la solicitud de incentivo<\/li>\n<li>Hoja de trabajo t\u00e9cnica completa y firmada, si corresponde<\/li>\n<li>Factura\/recibo detallado y cualquier otra documentaci\u00f3n requerida<\/li>\n<\/ul>\n<\/li>\n<li>Presentar toda la documentaci\u00f3n y papeleo requerido al programa.<\/li>\n<li>La casa debe pasar una inspecci\u00f3n antes de que se pueda aprobar el incentivo.<\/li>\n<li><span style=\"font-weight: 400;\">En caso de que falte informaci\u00f3n, trabaje con su contratista para proporcionar cualquier documentaci\u00f3n faltante al programa de Ahorro de Energ\u00eda en el Hogar a<\/span> <a href=\"mailto:pacificpower@wattsmartsavings.net\"><span style=\"font-weight: 400;\">pacificpower@wattsmartsavings.net<\/span><\/a><\/li>\n<li><span style=\"font-weight: 400;\">La solicitud de incentivo debe tener matasellos dentro de los 90 d\u00edas posteriores a la finalizaci\u00f3n del servicio.<\/span><\/li>\n<\/ul>\n<p><strong>Si el aliado comercial solicita el incentivo:<\/strong><\/p>\n<ul>\n<li>Complete y firme la solicitud de incentivo<\/li>\n<li>Completar y firmar la hoja de trabajo t\u00e9cnica, si corresponde<\/li>\n<li>Presentar factura\/recibo detallado y cualquier otra documentaci\u00f3n requerida<\/li>\n<li>La casa debe pasar una inspecci\u00f3n antes de que se pueda aprobar el incentivo.<\/li>\n<li><span style=\"font-weight: 400;\">En caso de que falte informaci\u00f3n, trabaje con su contratista para proporcionar cualquier documentaci\u00f3n faltante al programa de Ahorro de Energ\u00eda en el Hogar a<\/span> <a href=\"mailto:pacificpower@wattsmartsavings.net\"><span style=\"font-weight: 400;\">pacificpower@wattsmartsavings.net<\/span><\/a><\/li>\n<li><span style=\"font-weight: 400;\">La solicitud de incentivo debe tener matasellos dentro de los 90 d\u00edas posteriores a la finalizaci\u00f3n del servicio.<\/span><\/li>\n<\/ul>\n<p>Proporcionar comentarios al programa sobre las mejoras sugeridas para agilizar el procesamiento de incentivos. Queremos que el proceso sea lo m\u00e1s simple y f\u00e1cil posible. <\/p>\n<p>[\/et_pb_tab][\/et_pb_tabs][\/et_pb_column][\/et_pb_row][\/et_pb_section]<\/p>\n","protected":false},"excerpt":{"rendered":"<p>ENCUENTRE AHORROSENCONTRAR UN CONTRATISTAESTADO DE LA SOLICITUDATENCI\u00d3N AL CLIENTEKIT DE INICIO GRATUITOFINANCIACI\u00d3NEncuentre ahorros Accesorios Calefacci\u00f3n y enfriamiento Casas prefabricadas Multifamiliar Casas nuevas Calentamiento de aguaRuta de desempe\u00f1o integral de viviendas nuevas Reciba hasta $5,000 de reembolso en efectivo Construya para lograr eficiencia y gane recompensas Pacific Power ofrece a los constructores la oportunidad de recibir [&hellip;]<\/p>\n","protected":false},"author":8,"featured_media":0,"parent":14859,"menu_order":0,"comment_status":"closed","ping_status":"closed","template":"","meta":{"_et_pb_use_builder":"on","_et_pb_old_content":"","_et_gb_content_width":"","inline_featured_image":false,"footnotes":""},"class_list":["post-14852","page","type-page","status-publish","hentry"],"_links":{"self":[{"href":"https:\/\/staging.wattsmartsavings.net\/es\/wp-json\/wp\/v2\/pages\/14852","targetHints":{"allow":["GET"]}}],"collection":[{"href":"https:\/\/staging.wattsmartsavings.net\/es\/wp-json\/wp\/v2\/pages"}],"about":[{"href":"https:\/\/staging.wattsmartsavings.net\/es\/wp-json\/wp\/v2\/types\/page"}],"author":[{"embeddable":true,"href":"https:\/\/staging.wattsmartsavings.net\/es\/wp-json\/wp\/v2\/users\/8"}],"replies":[{"embeddable":true,"href":"https:\/\/staging.wattsmartsavings.net\/es\/wp-json\/wp\/v2\/comments?post=14852"}],"version-history":[{"count":1,"href":"https:\/\/staging.wattsmartsavings.net\/es\/wp-json\/wp\/v2\/pages\/14852\/revisions"}],"predecessor-version":[{"id":14856,"href":"https:\/\/staging.wattsmartsavings.net\/es\/wp-json\/wp\/v2\/pages\/14852\/revisions\/14856"}],"up":[{"embeddable":true,"href":"https:\/\/staging.wattsmartsavings.net\/es\/wp-json\/wp\/v2\/pages\/14859"}],"wp:attachment":[{"href":"https:\/\/staging.wattsmartsavings.net\/es\/wp-json\/wp\/v2\/media?parent=14852"}],"curies":[{"name":"wp","href":"https:\/\/api.w.org\/{rel}","templated":true}]}}