{"id":14862,"date":"2019-06-13T18:11:02","date_gmt":"2019-06-13T18:11:02","guid":{"rendered":"https:\/\/staging.wattsmartsavings.net\/residencial-california\/en-espanol-ca\/"},"modified":"2025-01-21T18:04:33","modified_gmt":"2025-01-21T18:04:33","slug":"en-espanol-ca","status":"publish","type":"page","link":"https:\/\/staging.wattsmartsavings.net\/es\/residencial-california\/en-espanol-ca\/","title":{"rendered":"En Espa\u00f1ol &#8211; CA"},"content":{"rendered":"<p>[et_pb_section fb_built=\u00bb1&#8243; _builder_version=\u00bb3.23.2&#8243; custom_padding=\u00bb||0px|||\u00bb global_module=\u00bb2100&#8243; global_colors_info=\u00bb{}\u00bb][et_pb_row column_structure=\u00bb1_4,1_4,1_4,1_4&#8243; use_custom_gutter=\u00bbon\u00bb gutter_width=\u00bb1&#8243; disabled_on=\u00bbon|on|off\u00bb _builder_version=\u00bb4.16&#8243; width=\u00bb77%\u00bb max_width=\u00bb2560px\u00bb custom_margin=\u00bb-40px|auto|22px|auto||\u00bb custom_padding=\u00bb18px||16px|||\u00bb border_width_bottom=\u00bb1px\u00bb border_color_bottom=\u00bbrgba(92,92,92,0.24)\u00bb saved_tabs=\u00bball\u00bb locked=\u00bboff\u00bb global_colors_info=\u00bb{}\u00bb][et_pb_column type=\u00bb1_4&#8243; _builder_version=\u00bb4.16&#8243; custom_padding=\u00bb||0px|\u00bb global_colors_info=\u00bb{}\u00bb custom_padding__hover=\u00bb|||\u00bb][et_pb_text _builder_version=\u00bb4.16&#8243; text_text_color=\u00bb#919191&#8243; width=\u00bb100%\u00bb custom_margin=\u00bb||0px\u00bb custom_padding=\u00bb||0px\u00bb link_option_url=\u00bb#\u00bb z_index_tablet=\u00bb500&#8243; text_text_shadow_horizontal_length_tablet=\u00bb0px\u00bb text_text_shadow_vertical_length_tablet=\u00bb0px\u00bb text_text_shadow_blur_strength_tablet=\u00bb1px\u00bb link_text_shadow_horizontal_length_tablet=\u00bb0px\u00bb link_text_shadow_vertical_length_tablet=\u00bb0px\u00bb link_text_shadow_blur_strength_tablet=\u00bb1px\u00bb ul_text_shadow_horizontal_length_tablet=\u00bb0px\u00bb ul_text_shadow_vertical_length_tablet=\u00bb0px\u00bb ul_text_shadow_blur_strength_tablet=\u00bb1px\u00bb ol_text_shadow_horizontal_length_tablet=\u00bb0px\u00bb ol_text_shadow_vertical_length_tablet=\u00bb0px\u00bb ol_text_shadow_blur_strength_tablet=\u00bb1px\u00bb quote_text_shadow_horizontal_length_tablet=\u00bb0px\u00bb quote_text_shadow_vertical_length_tablet=\u00bb0px\u00bb quote_text_shadow_blur_strength_tablet=\u00bb1px\u00bb header_text_shadow_horizontal_length_tablet=\u00bb0px\u00bb header_text_shadow_vertical_length_tablet=\u00bb0px\u00bb header_text_shadow_blur_strength_tablet=\u00bb1px\u00bb header_2_text_shadow_horizontal_length_tablet=\u00bb0px\u00bb header_2_text_shadow_vertical_length_tablet=\u00bb0px\u00bb header_2_text_shadow_blur_strength_tablet=\u00bb1px\u00bb header_3_text_shadow_horizontal_length_tablet=\u00bb0px\u00bb header_3_text_shadow_vertical_length_tablet=\u00bb0px\u00bb header_3_text_shadow_blur_strength_tablet=\u00bb1px\u00bb header_4_text_shadow_horizontal_length_tablet=\u00bb0px\u00bb header_4_text_shadow_vertical_length_tablet=\u00bb0px\u00bb header_4_text_shadow_blur_strength_tablet=\u00bb1px\u00bb header_5_text_shadow_horizontal_length_tablet=\u00bb0px\u00bb header_5_text_shadow_vertical_length_tablet=\u00bb0px\u00bb header_5_text_shadow_blur_strength_tablet=\u00bb1px\u00bb header_6_text_shadow_horizontal_length_tablet=\u00bb0px\u00bb header_6_text_shadow_vertical_length_tablet=\u00bb0px\u00bb header_6_text_shadow_blur_strength_tablet=\u00bb1px\u00bb box_shadow_horizontal_tablet=\u00bb0px\u00bb box_shadow_vertical_tablet=\u00bb0px\u00bb box_shadow_blur_tablet=\u00bb40px\u00bb box_shadow_spread_tablet=\u00bb0px\u00bb global_colors_info=\u00bb{}\u00bb]<\/p>\n<p style=\"text-align: center;\"><a href=\"https:\/\/staging.wattsmartsavings.net\/es\/residencial-california\/\" style=\"color: #196fb6\"><strong>ENCUENTRE AHORROS<\/strong><\/a><\/p>\n<p>[\/et_pb_text][\/et_pb_column][et_pb_column type=\u00bb1_4&#8243; _builder_version=\u00bb4.16&#8243; custom_padding=\u00bb||0px|\u00bb global_colors_info=\u00bb{}\u00bb custom_padding__hover=\u00bb|||\u00bb][et_pb_text _builder_version=\u00bb4.16&#8243; text_font=\u00bb||||||||\u00bb custom_margin=\u00bb||0px|||\u00bb custom_padding=\u00bb||0px\u00bb link_option_url=\u00bbhttps:\/\/pacificpower.tradeally.com\/\u00bb global_colors_info=\u00bb{}\u00bb]<\/p>\n<p style=\"text-align: center;\"><a href=\"https:\/\/pacificpower.tradeally.com\/\" style=\"color: #196fb6;\"><strong>ENCONTRAR UN CONTRATISTA<\/strong><\/a><\/p>\n<p>[\/et_pb_text][\/et_pb_column][et_pb_column type=\u00bb1_4&#8243; _builder_version=\u00bb4.16&#8243; custom_padding=\u00bb||0px|\u00bb global_colors_info=\u00bb{}\u00bb custom_padding__hover=\u00bb|||\u00bb][et_pb_text _builder_version=\u00bb4.16&#8243; custom_margin=\u00bb0px||0px\u00bb custom_padding=\u00bb||0px\u00bb link_option_url=\u00bb#\u00bb global_colors_info=\u00bb{}\u00bb]<\/p>\n<p style=\"text-align: center;\"><a href=\"https:\/\/pacificorpdsmc.traksmart.com\/traksmart4\/html\/pux\/application-search\" style=\"color: #196fb6;\"><strong>ESTADO DE LA SOLICITUD<\/strong><\/a><\/p>\n<p>[\/et_pb_text][\/et_pb_column][et_pb_column type=\u00bb1_4&#8243; _builder_version=\u00bb4.16&#8243; custom_padding=\u00bb||0px|\u00bb global_colors_info=\u00bb{}\u00bb custom_padding__hover=\u00bb|||\u00bb][et_pb_text _builder_version=\u00bb4.16&#8243; custom_margin=\u00bb||0px\u00bb custom_padding=\u00bb||0px\u00bb link_option_url=\u00bb#\u00bb global_colors_info=\u00bb{}\u00bb]<\/p>\n<p style=\"text-align: center;\"><a href=\"https:\/\/staging.wattsmartsavings.net\/california-residential\/faqs-ca\/\" style=\"color: #196fb6\"><strong>ATENCI\u00d3N AL CLIENTE<\/strong><\/a><\/p>\n<p>[\/et_pb_text][et_pb_text disabled_on=\u00bbon|on|on\u00bb _builder_version=\u00bb4.16&#8243; text_font=\u00bb||||||||\u00bb text_text_color=\u00bb#196fb6&#8243; header_font=\u00bb||||||||\u00bb custom_margin=\u00bb||0px\u00bb custom_padding=\u00bb||0px\u00bb link_option_url=\u00bb#\u00bb disabled=\u00bbon\u00bb global_colors_info=\u00bb{}\u00bb text_text_color__hover_enabled=\u00bbon\u00bb text_text_color__hover=\u00bb#196fb6&#8243;]<\/p>\n<p style=\"text-align: center;\"><a href=\"https:\/\/staging.wattsmartsavings.net\/?page_id=3784\" style=\"color: #196fb6;\"><strong>KIT DE INICIO GRATUITO<\/strong><\/a><\/p>\n<p>[\/et_pb_text][\/et_pb_column][\/et_pb_row][\/et_pb_section][et_pb_section fb_built=\u00bb1&#8243; _builder_version=\u00bb4.16&#8243; custom_padding=\u00bb4px|||||\u00bb global_colors_info=\u00bb{}\u00bb][et_pb_row column_structure=\u00bb2_5,3_5&#8243; padding_top_bottom_link_1=\u00bbtrue\u00bb padding_left_right_link_1=\u00bbtrue\u00bb _builder_version=\u00bb4.16&#8243; custom_padding=\u00bb13px|||||\u00bb global_colors_info=\u00bb{}\u00bb][et_pb_column type=\u00bb2_5&#8243; _builder_version=\u00bb4.16&#8243; custom_padding=\u00bb1vw||1vw|\u00bb global_colors_info=\u00bb{}\u00bb custom_padding__hover=\u00bb|||\u00bb][et_pb_text disabled_on=\u00bbon|on|off\u00bb _builder_version=\u00bb4.17.3&#8243; text_font=\u00bb||||||||\u00bb text_letter_spacing=\u00bb0.25px\u00bb text_line_height=\u00bb2.2em\u00bb link_text_color=\u00bb#5c5c5c\u00bb header_font=\u00bb||||||||\u00bb header_2_font=\u00bb|800|||||||\u00bb header_2_font_size=\u00bb18px\u00bb width=\u00bb95.5%\u00bb custom_padding=\u00bb22px|0px|22px|0px|true|true\u00bb hover_enabled=\u00bb0&#8243; z_index_tablet=\u00bb500&#8243; text_text_shadow_horizontal_length_tablet=\u00bb0px\u00bb text_text_shadow_vertical_length_tablet=\u00bb0px\u00bb text_text_shadow_blur_strength_tablet=\u00bb1px\u00bb link_text_shadow_horizontal_length_tablet=\u00bb0px\u00bb link_text_shadow_vertical_length_tablet=\u00bb0px\u00bb link_text_shadow_blur_strength_tablet=\u00bb1px\u00bb ul_text_shadow_horizontal_length_tablet=\u00bb0px\u00bb ul_text_shadow_vertical_length_tablet=\u00bb0px\u00bb ul_text_shadow_blur_strength_tablet=\u00bb1px\u00bb ol_text_shadow_horizontal_length_tablet=\u00bb0px\u00bb ol_text_shadow_vertical_length_tablet=\u00bb0px\u00bb ol_text_shadow_blur_strength_tablet=\u00bb1px\u00bb quote_text_shadow_horizontal_length_tablet=\u00bb0px\u00bb quote_text_shadow_vertical_length_tablet=\u00bb0px\u00bb quote_text_shadow_blur_strength_tablet=\u00bb1px\u00bb header_text_shadow_horizontal_length_tablet=\u00bb0px\u00bb header_text_shadow_vertical_length_tablet=\u00bb0px\u00bb header_text_shadow_blur_strength_tablet=\u00bb1px\u00bb header_2_text_shadow_horizontal_length_tablet=\u00bb0px\u00bb header_2_text_shadow_vertical_length_tablet=\u00bb0px\u00bb header_2_text_shadow_blur_strength_tablet=\u00bb1px\u00bb header_3_text_shadow_horizontal_length_tablet=\u00bb0px\u00bb header_3_text_shadow_vertical_length_tablet=\u00bb0px\u00bb header_3_text_shadow_blur_strength_tablet=\u00bb1px\u00bb header_4_text_shadow_horizontal_length_tablet=\u00bb0px\u00bb header_4_text_shadow_vertical_length_tablet=\u00bb0px\u00bb header_4_text_shadow_blur_strength_tablet=\u00bb1px\u00bb header_5_text_shadow_horizontal_length_tablet=\u00bb0px\u00bb header_5_text_shadow_vertical_length_tablet=\u00bb0px\u00bb header_5_text_shadow_blur_strength_tablet=\u00bb1px\u00bb header_6_text_shadow_horizontal_length_tablet=\u00bb0px\u00bb header_6_text_shadow_vertical_length_tablet=\u00bb0px\u00bb header_6_text_shadow_blur_strength_tablet=\u00bb1px\u00bb box_shadow_style=\u00bbpreset1&#8243; box_shadow_blur=\u00bb23px\u00bb box_shadow_spread=\u00bb-1px\u00bb global_colors_info=\u00bb{}\u00bb sticky_enabled=\u00bb0&#8243;]<\/p>\n<h2 style=\"padding-left: 20px; padding-bottom: 20px; padding-top: 0px; border-bottom: solid #cdcdcd 1px;\">Atenci\u00f3n al cliente<\/h2>\n<p style=\"padding-left: 20px; padding-bottom: 5px; padding-top: 5px;\"><a id=\"hoverlinkblue1\" href=\"https:\/\/staging.wattsmartsavings.net\/california-residential\/faqs-ca\/\" title=\"Electrodom\u00e9sticos - Encuentra ahorros\"><strong>Preguntas frecuentes<\/strong><\/a><a id=\"hoverlinkblue5\" href=\"https:\/\/staging.wattsmartsavings.net\/es\/residencial-california\/contactenos-ca\/\" title=\"Multifamiliar - Encuentre ahorros\"><strong><\/strong><\/a><\/p>\n<p style=\"padding-left: 20px; padding-bottom: 5px; padding-top: 5px;\"><a id=\"hoverlinkblue5\" href=\"https:\/\/staging.wattsmartsavings.net\/es\/residencial-california\/contactenos-ca\/\" title=\"Multifamiliar - Encuentre ahorros\"><strong>Cont\u00e1ctenos<\/strong><\/a><\/p>\n<p style=\"padding-left: 20px; padding-bottom: 5px; padding-top: 5px;\"><strong><a id=\"hoverlinkblue1\" href=\"https:\/\/pacificorpdsmc.traksmart.com\/traksmart4\/html\/pux\/application-search\" title=\"Electrodom\u00e9sticos - Encuentra ahorros\">Estado de la solicitud<\/a><\/strong><\/p>\n<p style=\"padding-left: 20px; padding-bottom: 5px; padding-top: 5px;\"><a id=\"hoverlinkblue2\" href=\"https:\/\/staging.wattsmartsavings.net\/california-residential\/qualified-products-ca\/\" title=\"Calefacci\u00f3n y enfriamiento: encuentre ahorros\"><strong>Productos calificados<\/strong><\/a><\/p>\n<p style=\"color: #000; padding-left: 20px; padding-bottom: 5px; padding-top: 5px;\"><strong><a id=\"hoverlinkblue7\" href=\"https:\/\/staging.wattsmartsavings.net\/california-residential\/multifamily-customer-support-ca\/\">Atenci\u00f3n al cliente de viviendas multifamiliares<\/a><\/strong><\/p>\n<p style=\"background-color: #d6efff; padding-left: 20px; padding-bottom: 5px; padding-top: 5px;\"><a id=\"hoverlinkblue4\" href=\"https:\/\/staging.wattsmartsavings.net\/es\/residencial-california\/en-espanol-ca\/\" title=\"Artefactos de iluminaci\u00f3n: encuentre ahorros\"><strong>En<\/strong> <strong>espa\u00f1ol<\/strong><\/a><\/p>\n<p style=\"padding-left: 20px; padding-bottom: 5px; padding-top: 5px;\"><a id=\"hoverlinkblue6\" href=\"https:\/\/staging.wattsmartsavings.net\/california-residential\/privacy-notice-ca\/\"><strong>Pol\u00edtica de Privacidad<\/strong><\/a><\/p>\n<p style=\"padding-left: 20px; padding-bottom: 5px; padding-top: 5px;\"><strong><a href=\"https:\/\/staging.wattsmartsavings.net\/wp-content\/uploads\/2022\/04\/CA_HES_Planned_Modifications-_Exhibit-1-and-2-032822.pdf\" data-uw-styling-context=\"true\">Tablas de incentivos<\/a><\/strong><\/p>\n<p>[\/et_pb_text][\/et_pb_column][et_pb_column type=\u00bb3_5&#8243; _builder_version=\u00bb4.16&#8243; custom_padding=\u00bb|||\u00bb global_colors_info=\u00bb{}\u00bb custom_padding__hover=\u00bb|||\u00bb][et_pb_text _builder_version=\u00bb4.16&#8243; header_font=\u00bb|600|||||||\u00bb custom_margin=\u00bb||14px|||\u00bb global_colors_info=\u00bb{}\u00bb]<\/p>\n<h1>En espa\u00f1ol<\/h1>\n<p>[\/et_pb_text][et_pb_text _builder_version=\u00bb4.16&#8243; header_font=\u00bb|600|||||||\u00bb header_2_font=\u00bb|600|||||||\u00bb header_2_font_size=\u00bb23px\u00bb custom_margin=\u00bb||14px|||\u00bb z_index_tablet=\u00bb500&#8243; text_text_shadow_horizontal_length_tablet=\u00bb0px\u00bb text_text_shadow_vertical_length_tablet=\u00bb0px\u00bb text_text_shadow_blur_strength_tablet=\u00bb1px\u00bb link_text_shadow_horizontal_length_tablet=\u00bb0px\u00bb link_text_shadow_vertical_length_tablet=\u00bb0px\u00bb link_text_shadow_blur_strength_tablet=\u00bb1px\u00bb ul_text_shadow_horizontal_length_tablet=\u00bb0px\u00bb ul_text_shadow_vertical_length_tablet=\u00bb0px\u00bb ul_text_shadow_blur_strength_tablet=\u00bb1px\u00bb ol_text_shadow_horizontal_length_tablet=\u00bb0px\u00bb ol_text_shadow_vertical_length_tablet=\u00bb0px\u00bb ol_text_shadow_blur_strength_tablet=\u00bb1px\u00bb quote_text_shadow_horizontal_length_tablet=\u00bb0px\u00bb quote_text_shadow_vertical_length_tablet=\u00bb0px\u00bb quote_text_shadow_blur_strength_tablet=\u00bb1px\u00bb header_text_shadow_horizontal_length_tablet=\u00bb0px\u00bb header_text_shadow_vertical_length_tablet=\u00bb0px\u00bb header_text_shadow_blur_strength_tablet=\u00bb1px\u00bb header_2_text_shadow_horizontal_length_tablet=\u00bb0px\u00bb header_2_text_shadow_vertical_length_tablet=\u00bb0px\u00bb header_2_text_shadow_blur_strength_tablet=\u00bb1px\u00bb header_3_text_shadow_horizontal_length_tablet=\u00bb0px\u00bb header_3_text_shadow_vertical_length_tablet=\u00bb0px\u00bb header_3_text_shadow_blur_strength_tablet=\u00bb1px\u00bb header_4_text_shadow_horizontal_length_tablet=\u00bb0px\u00bb header_4_text_shadow_vertical_length_tablet=\u00bb0px\u00bb header_4_text_shadow_blur_strength_tablet=\u00bb1px\u00bb header_5_text_shadow_horizontal_length_tablet=\u00bb0px\u00bb header_5_text_shadow_vertical_length_tablet=\u00bb0px\u00bb header_5_text_shadow_blur_strength_tablet=\u00bb1px\u00bb header_6_text_shadow_horizontal_length_tablet=\u00bb0px\u00bb header_6_text_shadow_vertical_length_tablet=\u00bb0px\u00bb header_6_text_shadow_blur_strength_tablet=\u00bb1px\u00bb box_shadow_horizontal_tablet=\u00bb0px\u00bb box_shadow_vertical_tablet=\u00bb0px\u00bb box_shadow_blur_tablet=\u00bb40px\u00bb box_shadow_spread_tablet=\u00bb0px\u00bb global_colors_info=\u00bb{}\u00bb]<\/p>\n<h2>Reciba dinero en efectivo por las mejoras de eficiencia de energ\u00eda en el hogar<\/h2>\n<p>Gracias por visitar el Programa de Ahorro de Energ\u00eda en el Hogar de Pacific Power.<br \/>Ofrecemos incentivos en efectivo y otros recursos para ayudarle a hacer mejoras en el hogar para una mayor eficiencia de la energ\u00eda que disminuyen sus costos energ\u00e9ticos y mejora la comodidad.<\/p>\n<p>Ofrecemos incentivos de reembolso de dinero en efectivo por las siguientes mejoras de eficiencia de la energ\u00eda:<\/p>\n<h2>Accesorios<\/h2>\n<p>\u2022 Lavadora<\/p>\n<h2><strong>Plomer\u00eda y calefacci\u00f3n de agua.<\/strong><\/h2>\n<p>\u2022 Calentadores de agua mediante bomba de calor<\/p>\n<p>Si tiene alguna pregunta, ll\u00e1menos al 1-855-805-7231. Tambi\u00e9n puede visitar<br \/>nuestra <a href=\"https:\/\/www.pacificpower.net\/es\">p\u00e1gina en espa\u00f1ol<\/a> para obtener m\u00e1s informaci\u00f3n sobre Pacific Power. <\/p>\n<p>[\/et_pb_text][\/et_pb_column][\/et_pb_row][et_pb_row disabled_on=\u00bboff|off|on\u00bb _builder_version=\u00bb4.16&#8243; width_tablet=\u00bb\u00bb width_phone=\u00bb95%\u00bb width_last_edited=\u00bbon|phone\u00bb custom_padding=\u00bb|||\u00bb global_colors_info=\u00bb{}\u00bb][et_pb_column type=\u00bb4_4&#8243; _builder_version=\u00bb4.16&#8243; custom_padding=\u00bb|||\u00bb global_colors_info=\u00bb{}\u00bb custom_padding__hover=\u00bb|||\u00bb][et_pb_text disabled_on=\u00bboff|off|on\u00bb _builder_version=\u00bb4.16&#8243; text_font=\u00bb||||||||\u00bb text_letter_spacing=\u00bb0.25px\u00bb text_line_height=\u00bb2.2em\u00bb link_text_color=\u00bb#5c5c5c\u00bb header_font=\u00bb||||||||\u00bb header_2_font=\u00bb|800|||||||\u00bb header_2_font_size=\u00bb18px\u00bb width=\u00bb95.5%\u00bb custom_padding=\u00bb22px|0px|22px|0px|true|true\u00bb z_index_tablet=\u00bb500&#8243; text_text_shadow_horizontal_length_tablet=\u00bb0px\u00bb text_text_shadow_vertical_length_tablet=\u00bb0px\u00bb text_text_shadow_blur_strength_tablet=\u00bb1px\u00bb link_text_shadow_horizontal_length_tablet=\u00bb0px\u00bb link_text_shadow_vertical_length_tablet=\u00bb0px\u00bb link_text_shadow_blur_strength_tablet=\u00bb1px\u00bb ul_text_shadow_horizontal_length_tablet=\u00bb0px\u00bb ul_text_shadow_vertical_length_tablet=\u00bb0px\u00bb ul_text_shadow_blur_strength_tablet=\u00bb1px\u00bb ol_text_shadow_horizontal_length_tablet=\u00bb0px\u00bb ol_text_shadow_vertical_length_tablet=\u00bb0px\u00bb ol_text_shadow_blur_strength_tablet=\u00bb1px\u00bb quote_text_shadow_horizontal_length_tablet=\u00bb0px\u00bb quote_text_shadow_vertical_length_tablet=\u00bb0px\u00bb quote_text_shadow_blur_strength_tablet=\u00bb1px\u00bb header_text_shadow_horizontal_length_tablet=\u00bb0px\u00bb header_text_shadow_vertical_length_tablet=\u00bb0px\u00bb header_text_shadow_blur_strength_tablet=\u00bb1px\u00bb header_2_text_shadow_horizontal_length_tablet=\u00bb0px\u00bb header_2_text_shadow_vertical_length_tablet=\u00bb0px\u00bb header_2_text_shadow_blur_strength_tablet=\u00bb1px\u00bb header_3_text_shadow_horizontal_length_tablet=\u00bb0px\u00bb header_3_text_shadow_vertical_length_tablet=\u00bb0px\u00bb header_3_text_shadow_blur_strength_tablet=\u00bb1px\u00bb header_4_text_shadow_horizontal_length_tablet=\u00bb0px\u00bb header_4_text_shadow_vertical_length_tablet=\u00bb0px\u00bb header_4_text_shadow_blur_strength_tablet=\u00bb1px\u00bb header_5_text_shadow_horizontal_length_tablet=\u00bb0px\u00bb header_5_text_shadow_vertical_length_tablet=\u00bb0px\u00bb header_5_text_shadow_blur_strength_tablet=\u00bb1px\u00bb header_6_text_shadow_horizontal_length_tablet=\u00bb0px\u00bb header_6_text_shadow_vertical_length_tablet=\u00bb0px\u00bb header_6_text_shadow_blur_strength_tablet=\u00bb1px\u00bb box_shadow_style=\u00bbpreset1&#8243; box_shadow_blur=\u00bb23px\u00bb box_shadow_spread=\u00bb-1px\u00bb global_colors_info=\u00bb{}\u00bb]<\/p>\n<h2 style=\"padding-left: 20px; padding-bottom: 20px; padding-top: 0px; border-bottom: solid #cdcdcd 1px;\">Atenci\u00f3n al cliente<\/h2>\n<p style=\"padding-left: 20px; padding-bottom: 5px; padding-top: 5px;\"><a id=\"hoverlinkblue1\" href=\"https:\/\/staging.wattsmartsavings.net\/california-residential\/faqs-ca\/\" title=\"Electrodom\u00e9sticos - Encuentra ahorros\"><strong>Preguntas frecuentes<\/strong><\/a><\/p>\n<p style=\"padding-left: 20px; padding-bottom: 5px; padding-top: 5px;\"><strong><a id=\"hoverlinkblue1\" href=\"https:\/\/staging.wattsmartsavings.net\/es\/residencial-california\/contactenos-ca\/\" title=\"Electrodom\u00e9sticos - Encuentra ahorros\">Estado de la solicitud<\/a><\/strong><\/p>\n<p style=\"padding-left: 20px; padding-bottom: 5px; padding-top: 5px;\"><a id=\"hoverlinkblue2\" href=\"\/california-residential\/application-status-ca-2\/\" title=\"Calefacci\u00f3n y enfriamiento: encuentre ahorros\"><strong>Productos calificados<\/strong><\/a><\/p>\n<p style=\"color: #000; padding-left: 20px; padding-bottom: 5px; padding-top: 5px;\"><strong><a id=\"hoverlinkblue7\" href=\"https:\/\/staging.wattsmartsavings.net\/california-residential\/multifamily-customer-support-ca\/\">Atenci\u00f3n al cliente de viviendas multifamiliares<\/a><\/strong><\/p>\n<p style=\"background-color: #d6efff; padding-left: 20px; padding-bottom: 5px; padding-top: 5px;\"><a id=\"hoverlinkblue4\" href=\"https:\/\/staging.wattsmartsavings.net\/es\/residencial-california\/en-espanol-ca\/\" title=\"Artefactos de iluminaci\u00f3n: encuentre ahorros\"><strong>En<\/strong> <strong>espa\u00f1ol<\/strong><\/a><\/p>\n<p style=\"padding-left: 20px; padding-bottom: 5px; padding-top: 5px;\"><a id=\"hoverlinkblue5\" href=\"https:\/\/staging.wattsmartsavings.net\/es\/residencial-california\/contactenos-ca\/\" title=\"Multifamiliar - Encuentre ahorros\"><strong>Cont\u00e1ctenos<\/strong><\/a><\/p>\n<p style=\"padding-left: 20px; padding-bottom: 5px; padding-top: 5px;\"><a id=\"hoverlinkblue6\" href=\"https:\/\/staging.wattsmartsavings.net\/california-residential\/privacy-notice-ca\/\"><strong>Pol\u00edtica de Privacidad<\/strong><\/a><\/p>\n<p>[\/et_pb_text][\/et_pb_column][\/et_pb_row][\/et_pb_section]<\/p>\n","protected":false},"excerpt":{"rendered":"<p>ENCUENTRE AHORROSENCONTRAR UN CONTRATISTAESTADO DE LA SOLICITUDATENCI\u00d3N AL CLIENTEKIT DE INICIO GRATUITOAtenci\u00f3n al cliente Preguntas frecuentes Cont\u00e1ctenos Estado de la solicitud Productos calificados Atenci\u00f3n al cliente de viviendas multifamiliares En espa\u00f1ol Pol\u00edtica de Privacidad Tablas de incentivosEn espa\u00f1ol Reciba dinero en efectivo por las mejoras de eficiencia de energ\u00eda en el hogar Gracias por visitar [&hellip;]<\/p>\n","protected":false},"author":13,"featured_media":0,"parent":14859,"menu_order":0,"comment_status":"closed","ping_status":"closed","template":"","meta":{"_et_pb_use_builder":"on","_et_pb_old_content":"","_et_gb_content_width":"","inline_featured_image":false,"footnotes":""},"class_list":["post-14862","page","type-page","status-publish","hentry"],"_links":{"self":[{"href":"https:\/\/staging.wattsmartsavings.net\/es\/wp-json\/wp\/v2\/pages\/14862","targetHints":{"allow":["GET"]}}],"collection":[{"href":"https:\/\/staging.wattsmartsavings.net\/es\/wp-json\/wp\/v2\/pages"}],"about":[{"href":"https:\/\/staging.wattsmartsavings.net\/es\/wp-json\/wp\/v2\/types\/page"}],"author":[{"embeddable":true,"href":"https:\/\/staging.wattsmartsavings.net\/es\/wp-json\/wp\/v2\/users\/13"}],"replies":[{"embeddable":true,"href":"https:\/\/staging.wattsmartsavings.net\/es\/wp-json\/wp\/v2\/comments?post=14862"}],"version-history":[{"count":1,"href":"https:\/\/staging.wattsmartsavings.net\/es\/wp-json\/wp\/v2\/pages\/14862\/revisions"}],"predecessor-version":[{"id":14867,"href":"https:\/\/staging.wattsmartsavings.net\/es\/wp-json\/wp\/v2\/pages\/14862\/revisions\/14867"}],"up":[{"embeddable":true,"href":"https:\/\/staging.wattsmartsavings.net\/es\/wp-json\/wp\/v2\/pages\/14859"}],"wp:attachment":[{"href":"https:\/\/staging.wattsmartsavings.net\/es\/wp-json\/wp\/v2\/media?parent=14862"}],"curies":[{"name":"wp","href":"https:\/\/api.w.org\/{rel}","templated":true}]}}