{"id":14938,"date":"2021-05-07T17:19:05","date_gmt":"2021-05-07T17:19:05","guid":{"rendered":"https:\/\/staging.wattsmartsavings.net\/ubicaciones-participantes-de-wa-lighting\/"},"modified":"2025-01-21T22:45:05","modified_gmt":"2025-01-21T22:45:05","slug":"ubicaciones-participantes-de-wa-lighting","status":"publish","type":"page","link":"https:\/\/staging.wattsmartsavings.net\/es\/ubicaciones-participantes-de-wa-lighting\/","title":{"rendered":"Ubicaciones participantes de WA Lighting"},"content":{"rendered":"<p>[et_pb_section fb_built=\u00bb1&#8243; disabled_on=\u00bboff|off|off\u00bb _builder_version=\u00bb4.6.1&#8243; custom_padding=\u00bb||0px|||\u00bb da_disable_devices=\u00bboff|off|off\u00bb global_module=\u00bb2143&#8243; collapsed=\u00bboff\u00bb da_is_popup=\u00bboff\u00bb da_exit_intent=\u00bboff\u00bb da_has_close=\u00bbon\u00bb da_alt_close=\u00bboff\u00bb da_dark_close=\u00bboff\u00bb da_not_modal=\u00bbon\u00bb da_is_singular=\u00bboff\u00bb da_with_loader=\u00bboff\u00bb da_has_shadow=\u00bbon\u00bb][et_pb_row column_structure=\u00bb1_4,1_4,1_4,1_4&#8243; use_custom_gutter=\u00bbon\u00bb gutter_width=\u00bb1&#8243; disabled_on=\u00bbon|on|off\u00bb _builder_version=\u00bb3.25&#8243; width=\u00bb77%\u00bb max_width=\u00bb2560px\u00bb custom_margin=\u00bb-40px|auto|22px|auto||\u00bb custom_padding=\u00bb18px||16px|||\u00bb border_width_bottom=\u00bb1px\u00bb border_color_bottom=\u00bbrgba(92,92,92,0.24)\u00bb saved_tabs=\u00bball\u00bb locked=\u00bboff\u00bb][et_pb_column type=\u00bb1_4&#8243; _builder_version=\u00bb3.25&#8243; custom_padding=\u00bb||0px|\u00bb custom_padding__hover=\u00bb|||\u00bb][et_pb_text _builder_version=\u00bb4.6.1&#8243; text_text_color=\u00bb#919191&#8243; width=\u00bb100%\u00bb custom_margin=\u00bb||0px\u00bb custom_padding=\u00bb||0px\u00bb link_option_url=\u00bbhttps:\/\/staging.wattsmartsavings.net\/es\/residencial-california\/\u00bb z_index_tablet=\u00bb500&#8243; text_text_shadow_horizontal_length_tablet=\u00bb0px\u00bb text_text_shadow_vertical_length_tablet=\u00bb0px\u00bb text_text_shadow_blur_strength_tablet=\u00bb1px\u00bb link_text_shadow_horizontal_length_tablet=\u00bb0px\u00bb link_text_shadow_vertical_length_tablet=\u00bb0px\u00bb link_text_shadow_blur_strength_tablet=\u00bb1px\u00bb ul_text_shadow_horizontal_length_tablet=\u00bb0px\u00bb ul_text_shadow_vertical_length_tablet=\u00bb0px\u00bb ul_text_shadow_blur_strength_tablet=\u00bb1px\u00bb ol_text_shadow_horizontal_length_tablet=\u00bb0px\u00bb ol_text_shadow_vertical_length_tablet=\u00bb0px\u00bb ol_text_shadow_blur_strength_tablet=\u00bb1px\u00bb quote_text_shadow_horizontal_length_tablet=\u00bb0px\u00bb quote_text_shadow_vertical_length_tablet=\u00bb0px\u00bb quote_text_shadow_blur_strength_tablet=\u00bb1px\u00bb header_text_shadow_horizontal_length_tablet=\u00bb0px\u00bb header_text_shadow_vertical_length_tablet=\u00bb0px\u00bb header_text_shadow_blur_strength_tablet=\u00bb1px\u00bb header_2_text_shadow_horizontal_length_tablet=\u00bb0px\u00bb header_2_text_shadow_vertical_length_tablet=\u00bb0px\u00bb header_2_text_shadow_blur_strength_tablet=\u00bb1px\u00bb header_3_text_shadow_horizontal_length_tablet=\u00bb0px\u00bb header_3_text_shadow_vertical_length_tablet=\u00bb0px\u00bb header_3_text_shadow_blur_strength_tablet=\u00bb1px\u00bb header_4_text_shadow_horizontal_length_tablet=\u00bb0px\u00bb header_4_text_shadow_vertical_length_tablet=\u00bb0px\u00bb header_4_text_shadow_blur_strength_tablet=\u00bb1px\u00bb header_5_text_shadow_horizontal_length_tablet=\u00bb0px\u00bb header_5_text_shadow_vertical_length_tablet=\u00bb0px\u00bb header_5_text_shadow_blur_strength_tablet=\u00bb1px\u00bb header_6_text_shadow_horizontal_length_tablet=\u00bb0px\u00bb header_6_text_shadow_vertical_length_tablet=\u00bb0px\u00bb header_6_text_shadow_blur_strength_tablet=\u00bb1px\u00bb box_shadow_horizontal_tablet=\u00bb0px\u00bb box_shadow_vertical_tablet=\u00bb0px\u00bb box_shadow_blur_tablet=\u00bb40px\u00bb box_shadow_spread_tablet=\u00bb0px\u00bb]<\/p>\n<p style=\"text-align: center;\"><a style=\"color: #196fb6;\" href=\"https:\/\/staging.wattsmartsavings.net\/washington-residential\/\" id=\"subhead-fac-main\"><strong>ENCUENTRE AHORROS<\/strong><\/a><\/p>\n<p>[\/et_pb_text][\/et_pb_column][et_pb_column type=\u00bb1_4&#8243; _builder_version=\u00bb3.25&#8243; custom_padding=\u00bb||0px|\u00bb custom_padding__hover=\u00bb|||\u00bb][et_pb_text _builder_version=\u00bb4.6.1&#8243; text_font=\u00bb||||||||\u00bb custom_margin=\u00bb||0px|||\u00bb custom_padding=\u00bb||0px\u00bb link_option_url=\u00bb#\u00bb]<\/p>\n<p style=\"text-align: center;\"><a href=\"https:\/\/pacificpower.tradeally.com\/\" style=\"color: #196fb6;\" id=\"subnav-find-a-contractor-main\"><strong>ENCONTRAR UN CONTRATISTA<\/strong><\/a><\/p>\n<p>[\/et_pb_text][\/et_pb_column][et_pb_column type=\u00bb1_4&#8243; _builder_version=\u00bb3.25&#8243; custom_padding=\u00bb||0px|\u00bb custom_padding__hover=\u00bb|||\u00bb][et_pb_text _builder_version=\u00bb4.4.1&#8243; custom_margin=\u00bb0px||0px\u00bb custom_padding=\u00bb||0px\u00bb link_option_url=\u00bb#\u00bb]<\/p>\n<p style=\"text-align: center;\"><a href=\"https:\/\/staging.wattsmartsavings.net\/washington-residential\/contact-us-wa\/\" style=\"color: #196fb6\"><strong>ESTADO DE LA SOLICITUD<\/strong><\/a><\/p>\n<p>[\/et_pb_text][\/et_pb_column][et_pb_column type=\u00bb1_4&#8243; _builder_version=\u00bb3.25&#8243; custom_padding=\u00bb||0px|\u00bb custom_padding__hover=\u00bb|||\u00bb][et_pb_text _builder_version=\u00bb4.6.1&#8243; custom_margin=\u00bb||0px\u00bb custom_padding=\u00bb||0px\u00bb link_option_url=\u00bb#\u00bb]<\/p>\n<p style=\"text-align: center;\"><a href=\"https:\/\/staging.wattsmartsavings.net\/washington-residential\/faqs-wa\/\" style=\"color: #196fb6\" id=\"subnav-customer-support\"><strong>ATENCI\u00d3N AL CLIENTE<\/strong><\/a><\/p>\n<p>[\/et_pb_text][\/et_pb_column][\/et_pb_row][\/et_pb_section][et_pb_section fb_built=\u00bb1&#8243; _builder_version=\u00bb3.22.6&#8243; custom_padding=\u00bb4px|||||\u00bb da_disable_devices=\u00bboff|off|off\u00bb da_is_popup=\u00bboff\u00bb da_exit_intent=\u00bboff\u00bb da_has_close=\u00bbon\u00bb da_alt_close=\u00bboff\u00bb da_dark_close=\u00bboff\u00bb da_not_modal=\u00bbon\u00bb da_is_singular=\u00bboff\u00bb da_with_loader=\u00bboff\u00bb da_has_shadow=\u00bbon\u00bb][et_pb_row column_structure=\u00bb2_5,3_5&#8243; padding_top_bottom_link_1=\u00bbtrue\u00bb padding_left_right_link_1=\u00bbtrue\u00bb _builder_version=\u00bb3.25&#8243; custom_padding=\u00bb13px|||||\u00bb][et_pb_column type=\u00bb2_5&#8243; _builder_version=\u00bb3.25&#8243; custom_padding=\u00bb1vw||1vw|\u00bb custom_padding__hover=\u00bb|||\u00bb][et_pb_text disabled_on=\u00bbon|on|off\u00bb _builder_version=\u00bb3.27.4&#8243; text_font=\u00bb||||||||\u00bb text_letter_spacing=\u00bb0.25px\u00bb text_line_height=\u00bb2.2em\u00bb link_text_color=\u00bb#5c5c5c\u00bb header_font=\u00bb||||||||\u00bb header_2_font=\u00bb|800|||||||\u00bb header_2_font_size=\u00bb18px\u00bb width=\u00bb95.5%\u00bb custom_padding=\u00bb22px|0px|22px|0px|true|true\u00bb z_index_tablet=\u00bb500&#8243; text_text_shadow_horizontal_length_tablet=\u00bb0px\u00bb text_text_shadow_vertical_length_tablet=\u00bb0px\u00bb text_text_shadow_blur_strength_tablet=\u00bb1px\u00bb link_text_shadow_horizontal_length_tablet=\u00bb0px\u00bb link_text_shadow_vertical_length_tablet=\u00bb0px\u00bb link_text_shadow_blur_strength_tablet=\u00bb1px\u00bb ul_text_shadow_horizontal_length_tablet=\u00bb0px\u00bb ul_text_shadow_vertical_length_tablet=\u00bb0px\u00bb ul_text_shadow_blur_strength_tablet=\u00bb1px\u00bb ol_text_shadow_horizontal_length_tablet=\u00bb0px\u00bb ol_text_shadow_vertical_length_tablet=\u00bb0px\u00bb ol_text_shadow_blur_strength_tablet=\u00bb1px\u00bb quote_text_shadow_horizontal_length_tablet=\u00bb0px\u00bb quote_text_shadow_vertical_length_tablet=\u00bb0px\u00bb quote_text_shadow_blur_strength_tablet=\u00bb1px\u00bb header_text_shadow_horizontal_length_tablet=\u00bb0px\u00bb header_text_shadow_vertical_length_tablet=\u00bb0px\u00bb header_text_shadow_blur_strength_tablet=\u00bb1px\u00bb header_2_text_shadow_horizontal_length_tablet=\u00bb0px\u00bb header_2_text_shadow_vertical_length_tablet=\u00bb0px\u00bb header_2_text_shadow_blur_strength_tablet=\u00bb1px\u00bb header_3_text_shadow_horizontal_length_tablet=\u00bb0px\u00bb header_3_text_shadow_vertical_length_tablet=\u00bb0px\u00bb header_3_text_shadow_blur_strength_tablet=\u00bb1px\u00bb header_4_text_shadow_horizontal_length_tablet=\u00bb0px\u00bb header_4_text_shadow_vertical_length_tablet=\u00bb0px\u00bb header_4_text_shadow_blur_strength_tablet=\u00bb1px\u00bb header_5_text_shadow_horizontal_length_tablet=\u00bb0px\u00bb header_5_text_shadow_vertical_length_tablet=\u00bb0px\u00bb header_5_text_shadow_blur_strength_tablet=\u00bb1px\u00bb header_6_text_shadow_horizontal_length_tablet=\u00bb0px\u00bb header_6_text_shadow_vertical_length_tablet=\u00bb0px\u00bb header_6_text_shadow_blur_strength_tablet=\u00bb1px\u00bb box_shadow_style=\u00bbpreset1&#8243; box_shadow_blur=\u00bb23px\u00bb box_shadow_spread=\u00bb-1px\u00bb]<\/p>\n<h2 style=\"padding-left: 20px; padding-bottom: 20px; padding-top: 0px; border-bottom: solid #cdcdcd 1px;\">Atenci\u00f3n al cliente<\/h2>\n<p style=\"padding-left: 20px; padding-bottom: 5px; padding-top: 5px;\"><a id=\"hoverlinkblue1\" title=\"Electrodom\u00e9sticos - Encuentra ahorros\" href=\"https:\/\/staging.wattsmartsavings.net\/washington-residential\/faqs-wa\/\"><strong>Preguntas frecuentes<\/strong><\/a><\/p>\n<p style=\"padding-left: 20px; padding-bottom: 5px; padding-top: 5px;\"><strong><a id=\"hoverlinkblue1\" title=\"Electrodom\u00e9sticos - Encuentra ahorros\" href=\"https:\/\/staging.wattsmartsavings.net\/washington-residential\/contact-us-wa\/\">Estado de la solicitud<\/a><\/strong><\/p>\n<p style=\"background-color: #d6efff; color: #000; padding-left: 20px; padding-bottom: 5px; padding-top: 5px;\"><a id=\"hoverlinkblue2\" title=\"Calefacci\u00f3n y enfriamiento: encuentre ahorros\" href=\"https:\/\/staging.wattsmartsavings.net\/washington-residential\/qualified-products-wa\/\"><strong>Productos calificados<\/strong><\/a><\/p>\n<p style=\"padding-left: 20px; padding-bottom: 5px; padding-top: 5px;\"><strong><a href=\"https:\/\/staging.wattsmartsavings.net\/washington-residential\/multifamily-customer-support-wa\/\">Atenci\u00f3n al cliente de viviendas multifamiliares<\/a><\/strong><\/p>\n<p style=\"padding-left: 20px; padding-bottom: 5px; padding-top: 5px;\"><a id=\"hoverlinkblue4\" title=\"Artefactos de iluminaci\u00f3n: encuentre ahorros\" href=\"https:\/\/staging.wattsmartsavings.net\/washington-residential\/en-espanol-wa\/\"><strong>En<\/strong> <strong>espa\u00f1ol<\/strong><\/a><\/p>\n<p style=\"padding-left: 20px; padding-bottom: 5px; padding-top: 5px;\"><a id=\"hoverlinkblue5\" title=\"Multifamiliar - Encuentre ahorros\" href=\"https:\/\/staging.wattsmartsavings.net\/washington-residential\/contact-us-wa\/\"><strong>Cont\u00e1ctenos<\/strong><\/a><\/p>\n<p style=\"padding-left: 20px; padding-bottom: 5px; padding-top: 5px;\"><a id=\"hoverlinkblue5\" href=\"https:\/\/staging.wattsmartsavings.net\/washington-residential\/privacy-notice-wa\/\"><strong>Pol\u00edtica de Privacidad<\/strong><\/a><\/p>\n<p>[\/et_pb_text][\/et_pb_column][et_pb_column type=\u00bb3_5&#8243; _builder_version=\u00bb3.25&#8243; custom_padding=\u00bb|||\u00bb custom_padding__hover=\u00bb|||\u00bb][et_pb_blurb title=\u00bbPuntos de venta minorista participantes\u00bb use_icon=\u00bbon\u00bb admin_label=\u00bbParticipating Retail Locations Text\u00bb _builder_version=\u00bb4.4.2&#8243; hover_enabled=\u00bb0&#8243; sticky_enabled=\u00bb0&#8243;]<\/p>\n<p style=\"text-align: left;\">Las listas se actualizan mensualmente. No todos los n\u00fameros de modelo\/SKU se comercializar\u00e1n en todos los puntos de venta minorista. Las bombillas que cumplan los requisitos deben tener la certificaci\u00f3n ENERGY STAR. <\/p>\n<p><em>*Algunos productos en la tienda est\u00e1n listados bajo \u00abSocio independiente\u00bb en la QPL<\/em><\/p>\n<div><\/div>\n<p><em><\/em><\/p>\n<p>[\/et_pb_blurb][et_pb_blurb title=\u00bb  Ubicaciones minoristas participantes\u00bb use_icon=\u00bbon\u00bb admin_label=\u00bbParticipating Retail Locations Text\u00bb _builder_version=\u00bb4.9.4&#8243; hover_enabled=\u00bb0&#8243; sticky_enabled=\u00bb0&#8243;]<\/p>\n<p style=\"text-align: left;\"><span>Las listas se actualizan mensualmente. No todos los n\u00fameros de modelo\/SKU se vender\u00e1n en todas las tiendas minoristas. Las bombillas que califiquen deben tener la calificaci\u00f3n ENERGY STAR.  <\/span><\/p>\n<p><em>* <span>Algunos productos en la tienda se enumeran en \u00abSocio independiente\u00bb en la QPL<\/span><\/em><\/p>\n<div><\/div>\n<p><em><\/em><\/p>\n<p>[\/et_pb_blurb][et_pb_code admin_label=\u00bbC\u00f3digo de tabla de establecimientos minoristas participantes\u00bb _builder_version=\u00bb4.4.2&#8243;]La tabla con ID 9 no existe.[\/et_pb_code][\/et_pb_column][\/et_pb_row][et_pb_row disabled_on=\u00bboff|off|on\u00bb _builder_version=\u00bb3.25&#8243; width_tablet=\u00bb\u00bb width_phone=\u00bb95%\u00bb width_last_edited=\u00bbon|phone\u00bb custom_padding=\u00bb|||\u00bb][et_pb_column type=\u00bb4_4&#8243; _builder_version=\u00bb3.25&#8243; custom_padding=\u00bb|||\u00bb custom_padding__hover=\u00bb|||\u00bb][et_pb_text disabled_on=\u00bboff|off|on\u00bb _builder_version=\u00bb3.27.4&#8243; text_font=\u00bb||||||||\u00bb text_letter_spacing=\u00bb0.25px\u00bb text_line_height=\u00bb2.2em\u00bb link_text_color=\u00bb#5c5c5c\u00bb header_font=\u00bb||||||||\u00bb header_2_font=\u00bb|800|||||||\u00bb header_2_font_size=\u00bb18px\u00bb width=\u00bb95.5%\u00bb custom_padding=\u00bb22px|0px|22px|0px|true|true\u00bb z_index_tablet=\u00bb500&#8243; text_text_shadow_horizontal_length_tablet=\u00bb0px\u00bb text_text_shadow_vertical_length_tablet=\u00bb0px\u00bb text_text_shadow_blur_strength_tablet=\u00bb1px\u00bb link_text_shadow_horizontal_length_tablet=\u00bb0px\u00bb link_text_shadow_vertical_length_tablet=\u00bb0px\u00bb link_text_shadow_blur_strength_tablet=\u00bb1px\u00bb ul_text_shadow_horizontal_length_tablet=\u00bb0px\u00bb ul_text_shadow_vertical_length_tablet=\u00bb0px\u00bb ul_text_shadow_blur_strength_tablet=\u00bb1px\u00bb ol_text_shadow_horizontal_length_tablet=\u00bb0px\u00bb ol_text_shadow_vertical_length_tablet=\u00bb0px\u00bb ol_text_shadow_blur_strength_tablet=\u00bb1px\u00bb quote_text_shadow_horizontal_length_tablet=\u00bb0px\u00bb quote_text_shadow_vertical_length_tablet=\u00bb0px\u00bb quote_text_shadow_blur_strength_tablet=\u00bb1px\u00bb header_text_shadow_horizontal_length_tablet=\u00bb0px\u00bb header_text_shadow_vertical_length_tablet=\u00bb0px\u00bb header_text_shadow_blur_strength_tablet=\u00bb1px\u00bb header_2_text_shadow_horizontal_length_tablet=\u00bb0px\u00bb header_2_text_shadow_vertical_length_tablet=\u00bb0px\u00bb header_2_text_shadow_blur_strength_tablet=\u00bb1px\u00bb header_3_text_shadow_horizontal_length_tablet=\u00bb0px\u00bb header_3_text_shadow_vertical_length_tablet=\u00bb0px\u00bb header_3_text_shadow_blur_strength_tablet=\u00bb1px\u00bb header_4_text_shadow_horizontal_length_tablet=\u00bb0px\u00bb header_4_text_shadow_vertical_length_tablet=\u00bb0px\u00bb header_4_text_shadow_blur_strength_tablet=\u00bb1px\u00bb header_5_text_shadow_horizontal_length_tablet=\u00bb0px\u00bb header_5_text_shadow_vertical_length_tablet=\u00bb0px\u00bb header_5_text_shadow_blur_strength_tablet=\u00bb1px\u00bb header_6_text_shadow_horizontal_length_tablet=\u00bb0px\u00bb header_6_text_shadow_vertical_length_tablet=\u00bb0px\u00bb header_6_text_shadow_blur_strength_tablet=\u00bb1px\u00bb box_shadow_style=\u00bbpreset1&#8243; box_shadow_blur=\u00bb23px\u00bb box_shadow_spread=\u00bb-1px\u00bb]<\/p>\n<h2 style=\"padding-left: 20px; padding-bottom: 20px; padding-top: 0px; border-bottom: solid #cdcdcd 1px;\">Atenci\u00f3n al cliente<\/h2>\n<p style=\"padding-left: 20px; padding-bottom: 5px; padding-top: 5px;\"><a id=\"hoverlinkblue1\" title=\"Electrodom\u00e9sticos - Encuentra ahorros\" href=\"https:\/\/staging.wattsmartsavings.net\/washington-residential\/faqs-wa\/\"><strong>Preguntas frecuentes<\/strong><\/a><\/p>\n<p style=\"padding-left: 20px; padding-bottom: 5px; padding-top: 5px;\"><strong><a id=\"hoverlinkblue1\" title=\"Electrodom\u00e9sticos - Encuentra ahorros\" href=\"https:\/\/staging.wattsmartsavings.net\/washington-residential\/contact-us-wa\/\">Estado de la solicitud<\/a><\/strong><\/p>\n<p style=\"background-color: #d6efff; color: #000; padding-left: 20px; padding-bottom: 5px; padding-top: 5px;\"><a id=\"hoverlinkblue2\" title=\"Calefacci\u00f3n y enfriamiento: encuentre ahorros\" href=\"https:\/\/staging.wattsmartsavings.net\/washington-residential\/qualified-products-wa\/\"><strong>Productos calificados<\/strong><\/a><\/p>\n<p style=\"padding-left: 20px; padding-bottom: 5px; padding-top: 5px;\"><strong><a href=\"https:\/\/staging.wattsmartsavings.net\/washington-residential\/multifamily-customer-support-wa\/\">Atenci\u00f3n al cliente de viviendas multifamiliares<\/a><\/strong><\/p>\n<p style=\"padding-left: 20px; padding-bottom: 5px; padding-top: 5px;\"><a id=\"hoverlinkblue4\" title=\"Artefactos de iluminaci\u00f3n: encuentre ahorros\" href=\"https:\/\/staging.wattsmartsavings.net\/washington-residential\/en-espanol-wa\/\"><strong>En<\/strong> <strong>espa\u00f1ol<\/strong><\/a><\/p>\n<p style=\"padding-left: 20px; padding-bottom: 5px; padding-top: 5px;\"><a id=\"hoverlinkblue5\" title=\"Multifamiliar - Encuentre ahorros\" href=\"https:\/\/staging.wattsmartsavings.net\/washington-residential\/contact-us-wa\/\"><strong>Cont\u00e1ctenos<\/strong><\/a><\/p>\n<p style=\"padding-left: 20px; padding-bottom: 5px; padding-top: 5px;\"><a id=\"hoverlinkblue5\" href=\"https:\/\/staging.wattsmartsavings.net\/washington-residential\/privacy-notice-wa\/\"><strong>Pol\u00edtica de Privacidad<\/strong><\/a><\/p>\n<p>[\/et_pb_text][\/et_pb_column][\/et_pb_row][\/et_pb_section]<\/p>\n","protected":false},"excerpt":{"rendered":"<p>ENCUENTRE AHORROSENCONTRAR UN CONTRATISTAESTADO DE LA SOLICITUDATENCI\u00d3N AL CLIENTEAtenci\u00f3n al cliente Preguntas frecuentes Estado de la solicitud Productos calificados Atenci\u00f3n al cliente de viviendas multifamiliares En espa\u00f1ol Cont\u00e1ctenos Pol\u00edtica de Privacidad Las listas se actualizan mensualmente. No todos los n\u00fameros de modelo\/SKU se comercializar\u00e1n en todos los puntos de venta minorista. Las bombillas que cumplan [&hellip;]<\/p>\n","protected":false},"author":8,"featured_media":0,"parent":0,"menu_order":0,"comment_status":"closed","ping_status":"closed","template":"","meta":{"_et_pb_use_builder":"on","_et_pb_old_content":"","_et_gb_content_width":"","inline_featured_image":false,"footnotes":""},"class_list":["post-14938","page","type-page","status-publish","hentry"],"_links":{"self":[{"href":"https:\/\/staging.wattsmartsavings.net\/es\/wp-json\/wp\/v2\/pages\/14938","targetHints":{"allow":["GET"]}}],"collection":[{"href":"https:\/\/staging.wattsmartsavings.net\/es\/wp-json\/wp\/v2\/pages"}],"about":[{"href":"https:\/\/staging.wattsmartsavings.net\/es\/wp-json\/wp\/v2\/types\/page"}],"author":[{"embeddable":true,"href":"https:\/\/staging.wattsmartsavings.net\/es\/wp-json\/wp\/v2\/users\/8"}],"replies":[{"embeddable":true,"href":"https:\/\/staging.wattsmartsavings.net\/es\/wp-json\/wp\/v2\/comments?post=14938"}],"version-history":[{"count":10,"href":"https:\/\/staging.wattsmartsavings.net\/es\/wp-json\/wp\/v2\/pages\/14938\/revisions"}],"predecessor-version":[{"id":14970,"href":"https:\/\/staging.wattsmartsavings.net\/es\/wp-json\/wp\/v2\/pages\/14938\/revisions\/14970"}],"wp:attachment":[{"href":"https:\/\/staging.wattsmartsavings.net\/es\/wp-json\/wp\/v2\/media?parent=14938"}],"curies":[{"name":"wp","href":"https:\/\/api.w.org\/{rel}","templated":true}]}}