{"id":14952,"date":"2019-05-01T19:31:33","date_gmt":"2019-05-01T19:31:33","guid":{"rendered":"https:\/\/staging.wattsmartsavings.net\/pagina-principal\/"},"modified":"2025-02-03T17:23:10","modified_gmt":"2025-02-03T17:23:10","slug":"pagina-principal","status":"publish","type":"page","link":"https:\/\/staging.wattsmartsavings.net\/es\/","title":{"rendered":"P\u00e1gina principal"},"content":{"rendered":"<p>[et_pb_section fb_built=\u00bb1&#8243; custom_padding_last_edited=\u00bbon|desktop\u00bb _builder_version=\u00bb4.16&#8243; background_image=\u00bbhttps:\/\/staging.wattsmartsavings.net\/wp-content\/uploads\/2019\/05\/hero-image_winter.png\u00bb custom_margin=\u00bb||\u00bb custom_margin_tablet=\u00bb||\u00bb custom_margin_phone=\u00bb5%|||\u00bb custom_margin_last_edited=\u00bbon|tablet\u00bb custom_padding=\u00bb33px||33px||true|\u00bb custom_padding_tablet=\u00bb0px||0px||true|\u00bb custom_padding_phone=\u00bb6px||30px\u00bb collapsed=\u00bboff\u00bb global_colors_info=\u00bb{}\u00bb da_is_popup=\u00bboff\u00bb da_exit_intent=\u00bboff\u00bb da_has_close=\u00bbon\u00bb da_alt_close=\u00bboff\u00bb da_dark_close=\u00bboff\u00bb da_not_modal=\u00bbon\u00bb da_is_singular=\u00bboff\u00bb da_with_loader=\u00bboff\u00bb da_has_shadow=\u00bbon\u00bb da_disable_devices=\u00bboff|off|off\u00bb][et_pb_row column_structure=\u00bb1_2,1_2&#8243; custom_padding_last_edited=\u00bbon|desktop\u00bb _builder_version=\u00bb4.16&#8243; width_tablet=\u00bb\u00bb width_phone=\u00bb100%\u00bb width_last_edited=\u00bbon|phone\u00bb custom_padding=\u00bb0px|||||\u00bb custom_padding_tablet=\u00bb||6vw\u00bb custom_padding_phone=\u00bb\u00bb global_colors_info=\u00bb{}\u00bb][et_pb_column type=\u00bb1_2&#8243; _builder_version=\u00bb4.16&#8243; custom_padding=\u00bb|||\u00bb global_colors_info=\u00bb{}\u00bb custom_padding__hover=\u00bb|||\u00bb][\/et_pb_column][et_pb_column type=\u00bb1_2&#8243; _builder_version=\u00bb4.16&#8243; custom_padding=\u00bb|||\u00bb global_colors_info=\u00bb{}\u00bb custom_padding__hover=\u00bb|||\u00bb][et_pb_text disabled_on=\u00bboff|off|off\u00bb admin_label=\u00bbText\u00bb _builder_version=\u00bb4.27.4&#8243; text_font=\u00bb|600|||||||\u00bb text_font_size=\u00bb15px\u00bb text_line_height=\u00bb1.8em\u00bb header_font=\u00bbErnest and Emily caps||||||||\u00bb header_font_size=\u00bb58px\u00bb header_line_height=\u00bb0em\u00bb header_2_font=\u00bbErnest and Emily||||||||\u00bb header_2_font_size=\u00bb72px\u00bb header_5_font=\u00bbErnest  Emily CAPS||||||||\u00bb header_5_font_size=\u00bb58px\u00bb header_5_line_height=\u00bb0em\u00bb background_color=\u00bbrgba(255,255,255,0.79)\u00bb width_tablet=\u00bb100%\u00bb width_phone=\u00bb\u00bb width_last_edited=\u00bbon|desktop\u00bb custom_margin=\u00bb43px|||43px\u00bb custom_margin_tablet=\u00bb1px||0px|0px\u00bb custom_margin_phone=\u00bb33px|||0px\u00bb custom_margin_last_edited=\u00bbon|tablet\u00bb custom_padding=\u00bb5vw|4vh|3vw|4vh|false|true\u00bb custom_padding_tablet=\u00bb9vw|4vh|9vw|4vh\u00bb custom_padding_phone=\u00bb10vw||14vw|\u00bb custom_padding_last_edited=\u00bbon|tablet\u00bb hover_enabled=\u00bb0&#8243; z_index_tablet=\u00bb500&#8243; text_text_shadow_horizontal_length_tablet=\u00bb0px\u00bb text_text_shadow_vertical_length_tablet=\u00bb0px\u00bb text_text_shadow_blur_strength_tablet=\u00bb1px\u00bb link_text_shadow_horizontal_length_tablet=\u00bb0px\u00bb link_text_shadow_vertical_length_tablet=\u00bb0px\u00bb link_text_shadow_blur_strength_tablet=\u00bb1px\u00bb ul_text_shadow_horizontal_length_tablet=\u00bb0px\u00bb ul_text_shadow_vertical_length_tablet=\u00bb0px\u00bb ul_text_shadow_blur_strength_tablet=\u00bb1px\u00bb ol_text_shadow_horizontal_length_tablet=\u00bb0px\u00bb ol_text_shadow_vertical_length_tablet=\u00bb0px\u00bb ol_text_shadow_blur_strength_tablet=\u00bb1px\u00bb quote_text_shadow_horizontal_length_tablet=\u00bb0px\u00bb quote_text_shadow_vertical_length_tablet=\u00bb0px\u00bb quote_text_shadow_blur_strength_tablet=\u00bb1px\u00bb header_text_shadow_horizontal_length_tablet=\u00bb0px\u00bb header_text_shadow_vertical_length_tablet=\u00bb0px\u00bb header_text_shadow_blur_strength_tablet=\u00bb1px\u00bb header_2_text_shadow_horizontal_length_tablet=\u00bb0px\u00bb header_2_text_shadow_vertical_length_tablet=\u00bb0px\u00bb header_2_text_shadow_blur_strength_tablet=\u00bb1px\u00bb header_3_text_shadow_horizontal_length_tablet=\u00bb0px\u00bb header_3_text_shadow_vertical_length_tablet=\u00bb0px\u00bb header_3_text_shadow_blur_strength_tablet=\u00bb1px\u00bb header_4_text_shadow_horizontal_length_tablet=\u00bb0px\u00bb header_4_text_shadow_vertical_length_tablet=\u00bb0px\u00bb header_4_text_shadow_blur_strength_tablet=\u00bb1px\u00bb header_5_text_shadow_horizontal_length_tablet=\u00bb0px\u00bb header_5_text_shadow_vertical_length_tablet=\u00bb0px\u00bb header_5_text_shadow_blur_strength_tablet=\u00bb1px\u00bb header_6_text_shadow_horizontal_length_tablet=\u00bb0px\u00bb header_6_text_shadow_vertical_length_tablet=\u00bb0px\u00bb header_6_text_shadow_blur_strength_tablet=\u00bb1px\u00bb box_shadow_horizontal_tablet=\u00bb0px\u00bb box_shadow_vertical_tablet=\u00bb0px\u00bb box_shadow_blur_tablet=\u00bb40px\u00bb box_shadow_spread_tablet=\u00bb0px\u00bb global_colors_info=\u00bb{}\u00bb sticky_enabled=\u00bb0&#8243;]<\/p>\n<h3><span style=\"font-size: xx-large; color: #000000;\">EXPLORE AHORROS DE ENERG\u00cdA<\/span><\/h3>\n<h2 style=\"margin: 10px 0;\"><span style=\"color: #000000;\">PARA EL HOGAR<\/span><\/h2>\n<p>Los clientes residenciales pueden solicitar incentivos de Wattsmart. Hay reembolsos disponibles para productos y servicios de alta eficiencia que reducen sus costos de energ\u00eda y mejoran la comodidad de su hogar. A continuaci\u00f3n, seleccione su estado para comenzar.<\/p>\n<p>[\/et_pb_text][\/et_pb_column][\/et_pb_row][\/et_pb_section][et_pb_section fb_built=\u00bb1&#8243; _builder_version=\u00bb4.16&#8243; background_color=\u00bb#196FB6&#8243; custom_margin=\u00bb0px|0px|0px|0px\u00bb custom_padding=\u00bb0px|0px|0px|0px|true\u00bb global_colors_info=\u00bb{}\u00bb da_is_popup=\u00bboff\u00bb da_exit_intent=\u00bboff\u00bb da_has_close=\u00bbon\u00bb da_alt_close=\u00bboff\u00bb da_dark_close=\u00bboff\u00bb da_not_modal=\u00bbon\u00bb da_is_singular=\u00bboff\u00bb da_with_loader=\u00bboff\u00bb da_has_shadow=\u00bbon\u00bb da_disable_devices=\u00bboff|off|off\u00bb][et_pb_row column_structure=\u00bb1_2,1_2&#8243; use_custom_gutter=\u00bbon\u00bb gutter_width=\u00bb1&#8243; make_equal=\u00bbon\u00bb padding_top_bottom_link_1=\u00bbfalse\u00bb padding_top_bottom_link_2=\u00bbfalse\u00bb disabled_on=\u00bbon|on|off\u00bb _builder_version=\u00bb4.16&#8243; width=\u00bb78%\u00bb max_width=\u00bb1907px\u00bb custom_margin=\u00bb|||\u00bb custom_padding=\u00bb0px||0px\u00bb custom_css_main_element=\u00bbdisplay: flex;||align-items: flex-end;\u00bb border_color_all=\u00bb#1E5B84&#8243; border_width_right=\u00bb1.5px\u00bb border_width_left=\u00bb1.5px\u00bb global_colors_info=\u00bb{}\u00bb background_color_1__hover_enabled=\u00bbon\u00bb background_color_1__hover=\u00bb#1D5B83&#8243; background_color_2__hover_enabled=\u00bbon\u00bb background_color_2__hover=\u00bb#1D5B83&#8243;][et_pb_column type=\u00bb1_2&#8243; _builder_version=\u00bb4.16&#8243; custom_padding=\u00bb|||\u00bb custom_css_main_element=\u00bbborder-right: 1.5px solid #1E5B84;\u00bb global_colors_info=\u00bb{}\u00bb background_color__hover=\u00bb#1D5B83&#8243; background_color__hover_enabled=\u00bbon\u00bb custom_padding__hover=\u00bb|||\u00bb][et_pb_blurb title=\u00bbCALIFORNIA\u00bb url=\u00bbhttps:\/\/staging.wattsmartsavings.net\/es\/residencial-california\/\u00bb image=\u00bb\/wp-content\/uploads\/2019\/05\/state-silhouette-02.png\u00bb alt=\u00bbSilueta de California\u00bb admin_label=\u00bbCA Home Link\u00bb module_class=\u00bblanding-caresidential-link\u00bb _builder_version=\u00bb4.16&#8243; header_level=\u00bbh1&#8243; header_font=\u00bb||||||||\u00bb header_text_align=\u00bbcenter\u00bb header_text_color=\u00bb#ffffff\u00bb header_font_size=\u00bb20px\u00bb height=\u00bb100%\u00bb custom_margin=\u00bb||\u00bb custom_padding=\u00bb1vw||1vw||true\u00bb link_option_url=\u00bbhttps:\/\/staging.wattsmartsavings.net\/es\/residencial-california\/\u00bb z_index_tablet=\u00bb500&#8243; global_colors_info=\u00bb{}\u00bb background__hover_enabled=\u00bbon|desktop\u00bb background_color__hover=\u00bb#1d5b83&#8243;]<a class=\"landing-caresidential-link\" href=\"https:\/\/staging.wattsmartsavings.net\/es\/residencial-california\/\"><\/a>[\/et_pb_blurb][\/et_pb_column][et_pb_column type=\u00bb1_2&#8243; _builder_version=\u00bb4.16&#8243; custom_padding=\u00bb|||\u00bb global_colors_info=\u00bb{}\u00bb background_color__hover=\u00bb#1D5B83&#8243; background_color__hover_enabled=\u00bbon\u00bb custom_padding__hover=\u00bb|||\u00bb][et_pb_blurb title=\u00bbWASHINGTON\u00bb image=\u00bb\/wp-content\/uploads\/2019\/05\/state-silhouette-01.png\u00bb alt=\u00bbSilueta de Washington\u00bb admin_label=\u00bbWA Home Link\u00bb _builder_version=\u00bb4.27.4&#8243; header_level=\u00bbh1&#8243; header_font=\u00bb||||||||\u00bb header_text_align=\u00bbcenter\u00bb header_text_color=\u00bb#ffffff\u00bb header_font_size=\u00bb20px\u00bb height=\u00bb100%\u00bb custom_padding=\u00bb1vw||1vw||true\u00bb link_option_url=\u00bbhttps:\/\/staging.wattsmartsavings.net\/es\/residencial-washington\/\u00bb z_index_tablet=\u00bb500&#8243; custom_css_blurb_image=\u00bbwidth: 20%;\u00bb global_colors_info=\u00bb{}\u00bb background__hover_enabled=\u00bbon\u00bb background_color__hover=\u00bb#1d5b83&#8243;][\/et_pb_blurb][\/et_pb_column][\/et_pb_row][\/et_pb_section][et_pb_section fb_built=\u00bb1&#8243; disabled_on=\u00bboff|off|on\u00bb _builder_version=\u00bb4.16&#8243; background_color=\u00bb#196fb6&#8243; custom_padding=\u00bb3px||3px|||\u00bb link_option_url=\u00bb\/california-residential\u00bb border_color_all=\u00bb#1E5B84&#8243; border_width_bottom=\u00bb1.5px\u00bb global_colors_info=\u00bb{}\u00bb background__hover_enabled=\u00bbon\u00bb background_color__hover=\u00bb#1d5b83&#8243; da_is_popup=\u00bboff\u00bb da_exit_intent=\u00bboff\u00bb da_has_close=\u00bbon\u00bb da_alt_close=\u00bboff\u00bb da_dark_close=\u00bboff\u00bb da_not_modal=\u00bbon\u00bb da_is_singular=\u00bboff\u00bb da_with_loader=\u00bboff\u00bb da_has_shadow=\u00bbon\u00bb da_disable_devices=\u00bboff|off|off\u00bb][et_pb_row use_custom_gutter=\u00bbon\u00bb gutter_width=\u00bb1&#8243; custom_padding_last_edited=\u00bboff|phone\u00bb _builder_version=\u00bb4.16&#8243; width=\u00bb100%\u00bb max_width=\u00bb1756px\u00bb custom_padding=\u00bb12px||12px||true|\u00bb custom_css_main_element=\u00bbdisplay: flex;||flex-wrap: nowrap;||align-items: center;\u00bb global_colors_info=\u00bb{}\u00bb background_color__hover=\u00bb#1d5b83&#8243; background__hover_enabled=\u00bbon\u00bb][et_pb_column type=\u00bb4_4&#8243; _builder_version=\u00bb4.16&#8243; custom_padding=\u00bb|||\u00bb global_colors_info=\u00bb{}\u00bb custom_padding__hover=\u00bb|||\u00bb][et_pb_blurb title=\u00bbCALIFORNIA\u00bb image=\u00bb\/wp-content\/uploads\/2019\/05\/silhouette-california.png\u00bb alt=\u00bbSilueta de California\u00bb icon_placement=\u00bbleft\u00bb _builder_version=\u00bb4.16&#8243; header_level=\u00bbh2&#8243; header_text_color=\u00bb#ffffff\u00bb link_option_url=\u00bbhttps:\/\/staging.wattsmartsavings.net\/es\/residencial-california\/\u00bb z_index_tablet=\u00bb500&#8243; custom_css_main_element=\u00bbdisplay: flex;||justify-content: center;\u00bb custom_css_blurb_title=\u00bbpadding-top: 6px;\u00bb global_colors_info=\u00bb{}\u00bb background__hover_enabled=\u00bbon\u00bb background_color__hover=\u00bb#1d5b83&#8243;][\/et_pb_blurb][\/et_pb_column][\/et_pb_row][\/et_pb_section][et_pb_section fb_built=\u00bb1&#8243; disabled_on=\u00bboff|off|on\u00bb _builder_version=\u00bb4.16&#8243; background_color=\u00bb#196fb6&#8243; custom_padding=\u00bb3px||3px|||\u00bb link_option_url=\u00bb\/washington-residential\u00bb border_color_all=\u00bb#1E5B84&#8243; border_width_bottom=\u00bb1.5px\u00bb global_colors_info=\u00bb{}\u00bb background__hover_enabled=\u00bbon\u00bb background_color__hover=\u00bb#1d5b83&#8243; da_is_popup=\u00bboff\u00bb da_exit_intent=\u00bboff\u00bb da_has_close=\u00bbon\u00bb da_alt_close=\u00bboff\u00bb da_dark_close=\u00bboff\u00bb da_not_modal=\u00bbon\u00bb da_is_singular=\u00bboff\u00bb da_with_loader=\u00bboff\u00bb da_has_shadow=\u00bbon\u00bb da_disable_devices=\u00bboff|off|off\u00bb][et_pb_row use_custom_gutter=\u00bbon\u00bb gutter_width=\u00bb1&#8243; custom_padding_last_edited=\u00bboff|phone\u00bb _builder_version=\u00bb4.16&#8243; width=\u00bb100%\u00bb max_width=\u00bb1756px\u00bb custom_padding=\u00bb12px||12px||true|\u00bb custom_css_main_element=\u00bbdisplay: flex;||flex-wrap: nowrap;||align-items: center;\u00bb global_colors_info=\u00bb{}\u00bb background_color__hover=\u00bb#1d5b83&#8243; background__hover_enabled=\u00bbon\u00bb][et_pb_column type=\u00bb4_4&#8243; _builder_version=\u00bb4.16&#8243; custom_padding=\u00bb|||\u00bb global_colors_info=\u00bb{}\u00bb custom_padding__hover=\u00bb|||\u00bb][et_pb_blurb title=\u00bbWASHINGTON\u00bb image=\u00bb\/wp-content\/uploads\/2019\/05\/silhouette-washington.png\u00bb alt=\u00bbSilueta de Washington\u00bb icon_placement=\u00bbleft\u00bb _builder_version=\u00bb4.16&#8243; header_level=\u00bbh2&#8243; header_text_color=\u00bb#ffffff\u00bb link_option_url=\u00bbhttps:\/\/staging.wattsmartsavings.net\/washington-residential\/\u00bb z_index_tablet=\u00bb500&#8243; custom_css_main_element=\u00bbdisplay: flex;||justify-content: center;\u00bb custom_css_blurb_title=\u00bbpadding-top: 6px;\u00bb global_colors_info=\u00bb{}\u00bb background__hover_enabled=\u00bbon\u00bb background_color__hover=\u00bb#1d5b83&#8243;][\/et_pb_blurb][\/et_pb_column][\/et_pb_row][\/et_pb_section][et_pb_section fb_built=\u00bb1&#8243; custom_padding_last_edited=\u00bbon|desktop\u00bb _builder_version=\u00bb4.16&#8243; custom_margin_last_edited=\u00bboff|desktop\u00bb custom_padding_tablet=\u00bb\u00bb custom_padding_phone=\u00bb0px||\u00bb global_colors_info=\u00bb{}\u00bb da_is_popup=\u00bboff\u00bb da_exit_intent=\u00bboff\u00bb da_has_close=\u00bbon\u00bb da_alt_close=\u00bboff\u00bb da_dark_close=\u00bboff\u00bb da_not_modal=\u00bbon\u00bb da_is_singular=\u00bboff\u00bb da_with_loader=\u00bboff\u00bb da_has_shadow=\u00bbon\u00bb da_disable_devices=\u00bboff|off|off\u00bb][et_pb_row use_custom_gutter=\u00bbon\u00bb gutter_width=\u00bb1&#8243; _builder_version=\u00bb4.16&#8243; width=\u00bb76%\u00bb width_tablet=\u00bb\u00bb width_phone=\u00bb93%\u00bb width_last_edited=\u00bbon|phone\u00bb max_width=\u00bb2560px\u00bb custom_margin_tablet=\u00bb\u00bb custom_margin_phone=\u00bb||\u00bb custom_margin_last_edited=\u00bbon|desktop\u00bb global_colors_info=\u00bb{}\u00bb][et_pb_column type=\u00bb4_4&#8243; _builder_version=\u00bb4.16&#8243; custom_padding=\u00bb|||\u00bb global_colors_info=\u00bb{}\u00bb custom_padding__hover=\u00bb|||\u00bb][et_pb_image src=\u00bb\/wp-content\/uploads\/2019\/05\/thumbnail_trade_allies-resized.png\u00bb alt=\u00bbAliados comerciales\u00bb title_text=\u00bbDos personas, de pie frente a una mesa, repasando planes.\u00bb align=\u00bbcenter\u00bb align_tablet=\u00bbcenter\u00bb align_phone=\u00bb\u00bb align_last_edited=\u00bbon|desktop\u00bb _builder_version=\u00bb4.16&#8243; width=\u00bb100%\u00bb width_tablet=\u00bb100%\u00bb width_phone=\u00bb\u00bb width_last_edited=\u00bbon|phone\u00bb max_width=\u00bb100%\u00bb module_alignment=\u00bbcenter\u00bb z_index_tablet=\u00bb500&#8243; box_shadow_horizontal_tablet=\u00bb0px\u00bb box_shadow_vertical_tablet=\u00bb0px\u00bb box_shadow_blur_tablet=\u00bb40px\u00bb box_shadow_spread_tablet=\u00bb0px\u00bb global_colors_info=\u00bb{}\u00bb][\/et_pb_image][et_pb_text _builder_version=\u00bb4.16&#8243; text_font=\u00bb||||||||\u00bb text_line_height=\u00bb1.6em\u00bb header_font=\u00bb||||||||\u00bb header_2_font=\u00bb|700|||||||\u00bb header_2_text_color=\u00bb#000000&#8243; header_2_font_size=\u00bb30px\u00bb header_2_line_height=\u00bb1.3em\u00bb background_color=\u00bb#ffffff\u00bb z_index=\u00bb1&#8243; width=\u00bb73%\u00bb width_tablet=\u00bb95%\u00bb width_phone=\u00bb96%\u00bb width_last_edited=\u00bbon|tablet\u00bb max_width=\u00bb90%\u00bb module_alignment=\u00bbcenter\u00bb height=\u00bb300px\u00bb height_tablet=\u00bb\u00bb height_phone=\u00bb\u00bb height_last_edited=\u00bbon|phone\u00bb custom_margin=\u00bb-122px|15px|0px|15px|false|true\u00bb custom_margin_tablet=\u00bb\u00bb custom_margin_phone=\u00bb-24px|1.5vw||1.5vw||true\u00bb custom_margin_last_edited=\u00bbon|phone\u00bb custom_padding=\u00bb30px|35px|30px|35px|true|false\u00bb box_shadow_style=\u00bbpreset1&#8243; box_shadow_blur=\u00bb45px\u00bb box_shadow_spread=\u00bb-9px\u00bb global_colors_info=\u00bb{}\u00bb]<\/p>\n<h2>Aliados comerciales<\/h2>\n<p><span>Contratistas: Impulsen su negocio uni\u00e9ndose a nuestra red Trade Ally. Ofrecemos incentivos en efectivo, capacitaci\u00f3n gratuita y otros recursos para ayudarlos a aumentar sus oportunidades de trabajo y destacarse como expertos en eficiencia. Seleccione su estado a continuaci\u00f3n para comenzar. <\/span><\/p>\n<p><a href=\"https:\/\/staging.wattsmartsavings.net\/washington-residential\/find-savings-trade-allies\/\">WASHINGTON<\/a><\/p>\n<p><a href=\"https:\/\/staging.wattsmartsavings.net\/es\/residencial-california\/encuentre-ahorros-aliados-comerciales-ca\/\">CALIFORNIA<\/a><\/p>\n<p>[\/et_pb_text][\/et_pb_column][\/et_pb_row][et_pb_row _builder_version=\u00bb4.16&#8243; global_colors_info=\u00bb{}\u00bb][et_pb_column type=\u00bb4_4&#8243; _builder_version=\u00bb4.16&#8243; custom_padding=\u00bb|||\u00bb global_colors_info=\u00bb{}\u00bb custom_padding__hover=\u00bb|||\u00bb][et_pb_divider color=\u00bb#dbdbdb\u00bb _builder_version=\u00bb4.16&#8243; height=\u00bb0px\u00bb global_colors_info=\u00bb{}\u00bb][\/et_pb_divider][\/et_pb_column][\/et_pb_row][\/et_pb_section]<\/p>\n","protected":false},"excerpt":{"rendered":"<p>EXPLORE AHORROS DE ENERG\u00cdA PARA EL HOGAR Los clientes residenciales pueden solicitar incentivos de Wattsmart. Hay reembolsos disponibles para productos y servicios de alta eficiencia que reducen sus costos de energ\u00eda y mejoran la comodidad de su hogar. A continuaci\u00f3n, seleccione su estado para comenzar.Aliados comerciales Contratistas: Impulsen su negocio uni\u00e9ndose a nuestra red Trade [&hellip;]<\/p>\n","protected":false},"author":13,"featured_media":0,"parent":0,"menu_order":0,"comment_status":"open","ping_status":"closed","template":"","meta":{"_et_pb_use_builder":"on","_et_pb_old_content":"","_et_gb_content_width":"","inline_featured_image":false,"footnotes":""},"class_list":["post-14952","page","type-page","status-publish","hentry"],"_links":{"self":[{"href":"https:\/\/staging.wattsmartsavings.net\/es\/wp-json\/wp\/v2\/pages\/14952","targetHints":{"allow":["GET"]}}],"collection":[{"href":"https:\/\/staging.wattsmartsavings.net\/es\/wp-json\/wp\/v2\/pages"}],"about":[{"href":"https:\/\/staging.wattsmartsavings.net\/es\/wp-json\/wp\/v2\/types\/page"}],"author":[{"embeddable":true,"href":"https:\/\/staging.wattsmartsavings.net\/es\/wp-json\/wp\/v2\/users\/13"}],"replies":[{"embeddable":true,"href":"https:\/\/staging.wattsmartsavings.net\/es\/wp-json\/wp\/v2\/comments?post=14952"}],"version-history":[{"count":8,"href":"https:\/\/staging.wattsmartsavings.net\/es\/wp-json\/wp\/v2\/pages\/14952\/revisions"}],"predecessor-version":[{"id":15770,"href":"https:\/\/staging.wattsmartsavings.net\/es\/wp-json\/wp\/v2\/pages\/14952\/revisions\/15770"}],"wp:attachment":[{"href":"https:\/\/staging.wattsmartsavings.net\/es\/wp-json\/wp\/v2\/media?parent=14952"}],"curies":[{"name":"wp","href":"https:\/\/api.w.org\/{rel}","templated":true}]}}