{"id":14966,"date":"2023-06-15T18:11:59","date_gmt":"2023-06-15T18:11:59","guid":{"rendered":"https:\/\/staging.wattsmartsavings.net\/acondicionadores-de-aire-de-habitacion-2\/"},"modified":"2025-01-21T22:45:08","modified_gmt":"2025-01-21T22:45:08","slug":"acondicionadores-de-aire-de-habitacion-2","status":"publish","type":"page","link":"https:\/\/staging.wattsmartsavings.net\/es\/acondicionadores-de-aire-de-habitacion-2\/","title":{"rendered":"Acondicionadores de aire de habitaci\u00f3n"},"content":{"rendered":"<p>[et_pb_section fb_built=\u00bb1&#8243; _builder_version=\u00bb3.23.2&#8243; custom_padding=\u00bb54px||0px|||\u00bb global_module=\u00bb2100&#8243; global_colors_info=\u00bb{}\u00bb][et_pb_row column_structure=\u00bb1_5,1_5,1_5,1_5,1_5&#8243; use_custom_gutter=\u00bbon\u00bb gutter_width=\u00bb1&#8243; disabled_on=\u00bbon|on|off\u00bb _builder_version=\u00bb4.16&#8243; width=\u00bb77%\u00bb max_width=\u00bb2560px\u00bb custom_margin=\u00bb-40px|auto|22px|auto||\u00bb custom_padding=\u00bb18px||16px|||\u00bb border_width_bottom=\u00bb1px\u00bb border_color_bottom=\u00bbrgba(92,92,92,0.24)\u00bb saved_tabs=\u00bball\u00bb locked=\u00bboff\u00bb global_colors_info=\u00bb{}\u00bb][et_pb_column type=\u00bb1_5&#8243; _builder_version=\u00bb4.16&#8243; custom_padding=\u00bb||0px|\u00bb global_colors_info=\u00bb{}\u00bb custom_padding__hover=\u00bb|||\u00bb][et_pb_text _builder_version=\u00bb4.21.0&#8243; text_text_color=\u00bb#919191&#8243; width=\u00bb100%\u00bb custom_margin=\u00bb||0px\u00bb custom_padding=\u00bb||0px\u00bb link_option_url=\u00bbhttps:\/\/staging.wattsmartsavings.net\/washington-residential\/\u00bb z_index_tablet=\u00bb500&#8243; text_text_shadow_horizontal_length_tablet=\u00bb0px\u00bb text_text_shadow_vertical_length_tablet=\u00bb0px\u00bb text_text_shadow_blur_strength_tablet=\u00bb1px\u00bb link_text_shadow_horizontal_length_tablet=\u00bb0px\u00bb link_text_shadow_vertical_length_tablet=\u00bb0px\u00bb link_text_shadow_blur_strength_tablet=\u00bb1px\u00bb ul_text_shadow_horizontal_length_tablet=\u00bb0px\u00bb ul_text_shadow_vertical_length_tablet=\u00bb0px\u00bb ul_text_shadow_blur_strength_tablet=\u00bb1px\u00bb ol_text_shadow_horizontal_length_tablet=\u00bb0px\u00bb ol_text_shadow_vertical_length_tablet=\u00bb0px\u00bb ol_text_shadow_blur_strength_tablet=\u00bb1px\u00bb quote_text_shadow_horizontal_length_tablet=\u00bb0px\u00bb quote_text_shadow_vertical_length_tablet=\u00bb0px\u00bb quote_text_shadow_blur_strength_tablet=\u00bb1px\u00bb header_text_shadow_horizontal_length_tablet=\u00bb0px\u00bb header_text_shadow_vertical_length_tablet=\u00bb0px\u00bb header_text_shadow_blur_strength_tablet=\u00bb1px\u00bb header_2_text_shadow_horizontal_length_tablet=\u00bb0px\u00bb header_2_text_shadow_vertical_length_tablet=\u00bb0px\u00bb header_2_text_shadow_blur_strength_tablet=\u00bb1px\u00bb header_3_text_shadow_horizontal_length_tablet=\u00bb0px\u00bb header_3_text_shadow_vertical_length_tablet=\u00bb0px\u00bb header_3_text_shadow_blur_strength_tablet=\u00bb1px\u00bb header_4_text_shadow_horizontal_length_tablet=\u00bb0px\u00bb header_4_text_shadow_vertical_length_tablet=\u00bb0px\u00bb header_4_text_shadow_blur_strength_tablet=\u00bb1px\u00bb header_5_text_shadow_horizontal_length_tablet=\u00bb0px\u00bb header_5_text_shadow_vertical_length_tablet=\u00bb0px\u00bb header_5_text_shadow_blur_strength_tablet=\u00bb1px\u00bb header_6_text_shadow_horizontal_length_tablet=\u00bb0px\u00bb header_6_text_shadow_vertical_length_tablet=\u00bb0px\u00bb header_6_text_shadow_blur_strength_tablet=\u00bb1px\u00bb box_shadow_horizontal_tablet=\u00bb0px\u00bb box_shadow_vertical_tablet=\u00bb0px\u00bb box_shadow_blur_tablet=\u00bb40px\u00bb box_shadow_spread_tablet=\u00bb0px\u00bb global_colors_info=\u00bb{}\u00bb]<\/p>\n<p style=\"text-align: center;\"><a href=\"https:\/\/staging.wattsmartsavings.net\/es\/residencial-california\/\" style=\"color: #196fb6;\"><strong>ENCUENTRE AHORROS<\/strong><\/a><\/p>\n<p>[\/et_pb_text][\/et_pb_column][et_pb_column type=\u00bb1_5&#8243; _builder_version=\u00bb4.16&#8243; custom_padding=\u00bb||0px|\u00bb global_colors_info=\u00bb{}\u00bb custom_padding__hover=\u00bb|||\u00bb][et_pb_text _builder_version=\u00bb4.16&#8243; text_font=\u00bb||||||||\u00bb custom_margin=\u00bb||0px|||\u00bb custom_padding=\u00bb||0px\u00bb link_option_url=\u00bbhttps:\/\/pacificpower.tradeally.com\/\u00bb global_colors_info=\u00bb{}\u00bb]<\/p>\n<p style=\"text-align: center;\"><a href=\"https:\/\/pacificpower.tradeally.com\/\" style=\"color: #196fb6;\"><strong>ENCONTRAR UN CONTRATISTA<\/strong><\/a><\/p>\n<p>[\/et_pb_text][\/et_pb_column][et_pb_column type=\u00bb1_5&#8243; _builder_version=\u00bb4.16&#8243; custom_padding=\u00bb||0px|\u00bb global_colors_info=\u00bb{}\u00bb custom_padding__hover=\u00bb|||\u00bb][et_pb_text _builder_version=\u00bb4.16&#8243; custom_margin=\u00bb0px||0px\u00bb custom_padding=\u00bb||0px\u00bb link_option_url=\u00bb#\u00bb global_colors_info=\u00bb{}\u00bb]<\/p>\n<p style=\"text-align: center;\"><a href=\"https:\/\/pacificorpdsmc.traksmart.com\/traksmart4\/html\/pux\/application-search\" style=\"color: #196fb6;\"><strong>ESTADO DE LA SOLICITUD<\/strong><\/a><\/p>\n<p>[\/et_pb_text][\/et_pb_column][et_pb_column type=\u00bb1_5&#8243; _builder_version=\u00bb4.16&#8243; custom_padding=\u00bb||0px|\u00bb global_colors_info=\u00bb{}\u00bb custom_padding__hover=\u00bb|||\u00bb][et_pb_text _builder_version=\u00bb4.24.2&#8243; custom_margin=\u00bb||0px\u00bb custom_padding=\u00bb||0px\u00bb link_option_url=\u00bb#\u00bb global_colors_info=\u00bb{}\u00bb]<\/p>\n<p style=\"text-align: center;\"><a href=\"https:\/\/staging.wattsmartsavings.net\/california-residential\/faqs-ca\/\" style=\"color: #196fb6;\"><strong>ATENCI\u00d3N AL CLIENTE<\/strong><\/a><\/p>\n<p>[\/et_pb_text][et_pb_text disabled_on=\u00bbon|on|on\u00bb _builder_version=\u00bb4.16&#8243; text_font=\u00bb||||||||\u00bb text_text_color=\u00bb#196fb6&#8243; header_font=\u00bb||||||||\u00bb custom_margin=\u00bb||0px\u00bb custom_padding=\u00bb||0px\u00bb link_option_url=\u00bb#\u00bb disabled=\u00bbon\u00bb global_colors_info=\u00bb{}\u00bb text_text_color__hover_enabled=\u00bbon\u00bb text_text_color__hover=\u00bb#196fb6&#8243;]<\/p>\n<p style=\"text-align: center;\"><a href=\"https:\/\/staging.wattsmartsavings.net\/?page_id=3784\" style=\"color: #196fb6;\"><strong>KIT DE INICIO GRATUITO<\/strong><\/a><\/p>\n<p>[\/et_pb_text][\/et_pb_column][et_pb_column type=\u00bb1_5&#8243; _builder_version=\u00bb4.16&#8243; custom_padding=\u00bb||0px|\u00bb global_colors_info=\u00bb{}\u00bb custom_padding__hover=\u00bb|||\u00bb][et_pb_text disabled_on=\u00bbon|on|on\u00bb _builder_version=\u00bb4.24.2&#8243; _module_preset=\u00bbdefault\u00bb disabled=\u00bbon\u00bb global_colors_info=\u00bb{}\u00bb]<\/p>\n<p style=\"text-align: center;\"><a href=\"https:\/\/staging.wattsmartsavings.net\/es\/financiamiento-ca\/\" style=\"color: #196fb6;\"><b>FINANCIACI\u00d3N<\/b><\/a><\/p>\n<p>[\/et_pb_text][\/et_pb_column][\/et_pb_row][\/et_pb_section][et_pb_section fb_built=\u00bb1&#8243; _builder_version=\u00bb4.16&#8243; custom_margin=\u00bb1px|||||\u00bb custom_padding=\u00bb3px|||||\u00bb global_colors_info=\u00bb{}\u00bb][et_pb_row column_structure=\u00bb1_3,2_3&#8243; use_custom_gutter=\u00bbon\u00bb gutter_width=\u00bb1&#8243; padding_top_bottom_link_2=\u00bbtrue\u00bb padding_left_right_link_2=\u00bbtrue\u00bb disabled_on=\u00bbon|on|off\u00bb module_class=\u00bbpa-inline-buttons\u00bb _builder_version=\u00bb4.16&#8243; custom_margin=\u00bb1px||-8px|||\u00bb custom_padding=\u00bb|||2px||\u00bb global_colors_info=\u00bb{}\u00bb][et_pb_column type=\u00bb1_3&#8243; _builder_version=\u00bb4.16&#8243; custom_padding=\u00bb|||\u00bb global_colors_info=\u00bb{}\u00bb custom_padding__hover=\u00bb|||\u00bb][et_pb_text disabled_on=\u00bbon|on|off\u00bb _builder_version=\u00bb4.24.2&#8243; text_font=\u00bb||||||||\u00bb text_letter_spacing=\u00bb0.25px\u00bb text_line_height=\u00bb2.2em\u00bb link_text_color=\u00bb#5c5c5c\u00bb header_font=\u00bb||||||||\u00bb header_2_font=\u00bb|800|||||||\u00bb header_2_font_size=\u00bb18px\u00bb width=\u00bb95.5%\u00bb custom_padding=\u00bb22px|0px|22px|0px|true|true\u00bb z_index_tablet=\u00bb500&#8243; text_text_shadow_horizontal_length_tablet=\u00bb0px\u00bb text_text_shadow_vertical_length_tablet=\u00bb0px\u00bb text_text_shadow_blur_strength_tablet=\u00bb1px\u00bb link_text_shadow_horizontal_length_tablet=\u00bb0px\u00bb link_text_shadow_vertical_length_tablet=\u00bb0px\u00bb link_text_shadow_blur_strength_tablet=\u00bb1px\u00bb ul_text_shadow_horizontal_length_tablet=\u00bb0px\u00bb ul_text_shadow_vertical_length_tablet=\u00bb0px\u00bb ul_text_shadow_blur_strength_tablet=\u00bb1px\u00bb ol_text_shadow_horizontal_length_tablet=\u00bb0px\u00bb ol_text_shadow_vertical_length_tablet=\u00bb0px\u00bb ol_text_shadow_blur_strength_tablet=\u00bb1px\u00bb quote_text_shadow_horizontal_length_tablet=\u00bb0px\u00bb quote_text_shadow_vertical_length_tablet=\u00bb0px\u00bb quote_text_shadow_blur_strength_tablet=\u00bb1px\u00bb header_text_shadow_horizontal_length_tablet=\u00bb0px\u00bb header_text_shadow_vertical_length_tablet=\u00bb0px\u00bb header_text_shadow_blur_strength_tablet=\u00bb1px\u00bb header_2_text_shadow_horizontal_length_tablet=\u00bb0px\u00bb header_2_text_shadow_vertical_length_tablet=\u00bb0px\u00bb header_2_text_shadow_blur_strength_tablet=\u00bb1px\u00bb header_3_text_shadow_horizontal_length_tablet=\u00bb0px\u00bb header_3_text_shadow_vertical_length_tablet=\u00bb0px\u00bb header_3_text_shadow_blur_strength_tablet=\u00bb1px\u00bb header_4_text_shadow_horizontal_length_tablet=\u00bb0px\u00bb header_4_text_shadow_vertical_length_tablet=\u00bb0px\u00bb header_4_text_shadow_blur_strength_tablet=\u00bb1px\u00bb header_5_text_shadow_horizontal_length_tablet=\u00bb0px\u00bb header_5_text_shadow_vertical_length_tablet=\u00bb0px\u00bb header_5_text_shadow_blur_strength_tablet=\u00bb1px\u00bb header_6_text_shadow_horizontal_length_tablet=\u00bb0px\u00bb header_6_text_shadow_vertical_length_tablet=\u00bb0px\u00bb header_6_text_shadow_blur_strength_tablet=\u00bb1px\u00bb box_shadow_style=\u00bbpreset1&#8243; box_shadow_blur=\u00bb23px\u00bb box_shadow_spread=\u00bb-1px\u00bb global_colors_info=\u00bb{}\u00bb]<\/p>\n<h2 style=\"padding-left: 20px; padding-bottom: 20px; padding-top: 0px; border-bottom: solid #cdcdcd 1px;\">Calefacci\u00f3n y enfriamiento<\/h2>\n<p style=\"padding-left: 20px; padding-bottom: 7px; padding-top: 7px;\"><a href=\"https:\/\/staging.wattsmartsavings.net\/california-residential\/find-savings-heating-and-cooling\/\" title=\"Incentivos para calefacci\u00f3n y refrigeraci\u00f3n: encuentre ahorros\"><strong>Incentivos para calefacci\u00f3n y enfriamiento<\/strong><\/a><\/p>\n<p style=\"background-color: #00000; color: #000; padding-left: 20px; padding-bottom: 7px; padding-top: 7px;\"><a href=\"https:\/\/staging.wattsmartsavings.net\/es\/termostato-inteligente-ca\/\"><strong>Termostatos inteligentes<\/strong><\/a><\/p>\n<p style=\"background-color: #d6efff; color: #000; padding-left: 20px; padding-bottom: 7px; padding-top: 7px;\"><strong>Acondicionadores de aire de habitaci\u00f3n<\/strong><span style=\"font-size: 14px; color: #666666;\"><\/span><\/p>\n<p style=\"background-color: #00000; color: #000; padding-left: 20px; padding-bottom: 7px; padding-top: 7px;\"><a href=\"https:\/\/staging.wattsmartsavings.net\/es\/motor-de-ventilador-sin-escobillas-ca\/\"><strong>Motor de ventilador sin escobillas<\/strong><\/a><\/p>\n<p style=\"background-color: #00000; color: #000; padding-left: 20px; padding-bottom: 7px; padding-top: 7px;\"><a href=\"https:\/\/staging.wattsmartsavings.net\/heat-pumps\/\"><strong>Bombas de calor<\/strong><\/a><\/p>\n<p style=\"background-color: #00000; color: #000; padding-left: 20px; padding-bottom: 7px; padding-top: 7px;\"><strong><a href=\"https:\/\/staging.wattsmartsavings.net\/es\/incentivos-mejorados-para-clientes-selectos\/\">Incentivos mejorados para clientes selectos<\/a><\/strong><\/p>\n<p>[\/et_pb_text][\/et_pb_column][et_pb_column type=\u00bb2_3&#8243; _builder_version=\u00bb4.16&#8243; custom_padding=\u00bb0px|51px|0px|51px\u00bb global_colors_info=\u00bb{}\u00bb custom_padding__hover=\u00bb|||\u00bb][et_pb_text _builder_version=\u00bb4.16&#8243; header_font=\u00bb||||||||\u00bb header_2_font=\u00bb||||||||\u00bb header_2_font_size=\u00bb29px\u00bb global_colors_info=\u00bb{}\u00bb]<\/p>\n<h1><strong>Acondicionadores de aire de habitaci\u00f3n<\/strong><\/h1>\n<p>[\/et_pb_text][et_pb_image src=\u00bbhttps:\/\/staging.wattsmartsavings.net\/wp-content\/uploads\/gettyimages-1232128514-170667a.jpg\u00bb alt=\u00bbgettyimages-1232128514-170667a\u00bb title_text=\u00bbgettyimages-1232128514-170667a\u00bb align=\u00bbcenter\u00bb force_fullwidth=\u00bbon\u00bb align_tablet=\u00bbcenter\u00bb align_phone=\u00bb\u00bb align_last_edited=\u00bbon|desktop\u00bb _builder_version=\u00bb4.24.2&#8243; max_height=\u00bb1000px\u00bb custom_margin=\u00bb|||||\u00bb custom_padding=\u00bb||0px|||\u00bb z_index_tablet=\u00bb500&#8243; global_colors_info=\u00bb{}\u00bb src__hover_enabled=\u00bboff|desktop\u00bb]<br \/>\n[\/et_pb_image][et_pb_text _builder_version=\u00bb4.21.0&#8243; text_font=\u00bb||||||||\u00bb header_font=\u00bb|700|||||||\u00bb header_text_align=\u00bbcenter\u00bb header_text_color=\u00bb#196fb6&#8243; header_2_font=\u00bb|700|||||||\u00bb header_2_text_align=\u00bbcenter\u00bb header_2_text_color=\u00bb#196fb6&#8243; background_color=\u00bb#f5f5f5&#8243; min_height=\u00bb48.8px\u00bb custom_margin=\u00bb|||||\u00bb custom_padding=\u00bb1vw||0.5vw||false\u00bb global_colors_info=\u00bb{}\u00bb]<\/p>\n<h2>Reciba $40 de reembolso en efectivo<\/h2>\n<p>[\/et_pb_text][et_pb_code disabled_on=\u00bbon|on|on\u00bb _builder_version=\u00bb4.16&#8243; z_index_tablet=\u00bb500&#8243; disabled=\u00bbon\u00bb global_colors_info=\u00bb{}\u00bb]<a href=\"https:\/\/csappstest.pacificpower.net\/idm\/login\" alt=\"Bot\u00f3n de solicitud en l\u00ednea\"><button style=\"background-color: #196FB5; color: white; padding: 10px 20px; font-size: medium; border: none;\">SOLICITE EN L\u00cdNEA<\/button><\/a><!-- [et_pb_line_break_holder] --> <a href=\"https:\/\/staging.wattsmartsavings.net\/apps\/CA\/01-CA-appliances.pdf\" alt=\"Bot\u00f3n aplicar por correo\"><button style=\"background-color: #196FB5; margin-left: 5px; margin-right: 5px; color: white; padding: 10px 20px; font-size: medium; border: none;\">SOLICITAR POR CORREO<\/button><\/a><!-- [et_pb_line_break_holder] --> <a href=\"https:\/\/staging.wattsmartsavings.net\/es\/residencial-california\/contactenos-ca\/\" alt=\"Bot\u00f3n de estado de la aplicaci\u00f3n\"><button style=\"background-color: #196FB5; color: white; padding: 10px 20px; font-size: medium; border: none;\">ESTADO DE LA SOLICITUD<\/button><\/a>[\/et_pb_code][et_pb_button button_url=\u00bbhttps:\/\/csappstest.pacificpower.net\/idm\/login\u00bb url_new_window=\u00bbon\u00bb button_text=\u00bbSOLICITE EN L\u00cdNEA\u00bb _builder_version=\u00bb4.16&#8243; _module_preset=\u00bbdefault\u00bb custom_button=\u00bbon\u00bb button_text_size=\u00bb18px\u00bb button_text_color=\u00bb#ffffff\u00bb button_bg_color=\u00bb#196fb6&#8243; button_border_width=\u00bb0px\u00bb button_border_radius=\u00bb0px\u00bb button_icon=\u00bb&#x35;||divi||400&#8243; custom_margin=\u00bb5px|8px|5px||true|false\u00bb global_colors_info=\u00bb{}\u00bb][\/et_pb_button][et_pb_button button_url=\u00bbhttps:\/\/staging.wattsmartsavings.net\/wp-content\/uploads\/CA-HES_OTHER_HC_App_07.24.24_v2.pdf\u00bb url_new_window=\u00bbon\u00bb button_text=\u00bbSOLICITAR POR CORREO\u00bb _builder_version=\u00bb4.27.0&#8243; _module_preset=\u00bbdefault\u00bb custom_button=\u00bbon\u00bb button_text_size=\u00bb18px\u00bb button_text_color=\u00bb#ffffff\u00bb button_bg_color=\u00bb#196fb6&#8243; button_border_width=\u00bb0px\u00bb button_border_radius=\u00bb0px\u00bb button_icon=\u00bb&#x35;||divi||400&#8243; custom_margin=\u00bb5px|8px|5px||true|false\u00bb global_colors_info=\u00bb{}\u00bb][\/et_pb_button][et_pb_button button_url=\u00bbhttps:\/\/staging.wattsmartsavings.net\/es\/residencial-california\/contactenos-ca\/\u00bb url_new_window=\u00bbon\u00bb button_text=\u00bbESTADO DE LA SOLICITUD\u00bb _builder_version=\u00bb4.16&#8243; _module_preset=\u00bbdefault\u00bb custom_button=\u00bbon\u00bb button_text_size=\u00bb18px\u00bb button_text_color=\u00bb#ffffff\u00bb button_bg_color=\u00bb#196fb6&#8243; button_border_width=\u00bb0px\u00bb button_border_radius=\u00bb0px\u00bb button_icon=\u00bb&#x35;||divi||400&#8243; custom_margin=\u00bb5px|8px|5px||true|false\u00bb global_colors_info=\u00bb{}\u00bb][\/et_pb_button][\/et_pb_column][\/et_pb_row][et_pb_row _builder_version=\u00bb4.24.2&#8243; _module_preset=\u00bbdefault\u00bb global_colors_info=\u00bb{}\u00bb][et_pb_column type=\u00bb4_4&#8243; _builder_version=\u00bb4.24.2&#8243; _module_preset=\u00bbdefault\u00bb global_colors_info=\u00bb{}\u00bb][et_pb_text _builder_version=\u00bb4.27.0&#8243; custom_padding=\u00bb6px|13px|6px|13px|true|true\u00bb z_index_tablet=\u00bb500&#8243; text_text_shadow_horizontal_length_tablet=\u00bb0px\u00bb text_text_shadow_vertical_length_tablet=\u00bb0px\u00bb text_text_shadow_blur_strength_tablet=\u00bb1px\u00bb link_text_shadow_horizontal_length_tablet=\u00bb0px\u00bb link_text_shadow_vertical_length_tablet=\u00bb0px\u00bb link_text_shadow_blur_strength_tablet=\u00bb1px\u00bb ul_text_shadow_horizontal_length_tablet=\u00bb0px\u00bb ul_text_shadow_vertical_length_tablet=\u00bb0px\u00bb ul_text_shadow_blur_strength_tablet=\u00bb1px\u00bb ol_text_shadow_horizontal_length_tablet=\u00bb0px\u00bb ol_text_shadow_vertical_length_tablet=\u00bb0px\u00bb ol_text_shadow_blur_strength_tablet=\u00bb1px\u00bb quote_text_shadow_horizontal_length_tablet=\u00bb0px\u00bb quote_text_shadow_vertical_length_tablet=\u00bb0px\u00bb quote_text_shadow_blur_strength_tablet=\u00bb1px\u00bb header_text_shadow_horizontal_length_tablet=\u00bb0px\u00bb header_text_shadow_vertical_length_tablet=\u00bb0px\u00bb header_text_shadow_blur_strength_tablet=\u00bb1px\u00bb header_2_text_shadow_horizontal_length_tablet=\u00bb0px\u00bb header_2_text_shadow_vertical_length_tablet=\u00bb0px\u00bb header_2_text_shadow_blur_strength_tablet=\u00bb1px\u00bb header_3_text_shadow_horizontal_length_tablet=\u00bb0px\u00bb header_3_text_shadow_vertical_length_tablet=\u00bb0px\u00bb header_3_text_shadow_blur_strength_tablet=\u00bb1px\u00bb header_4_text_shadow_horizontal_length_tablet=\u00bb0px\u00bb header_4_text_shadow_vertical_length_tablet=\u00bb0px\u00bb header_4_text_shadow_blur_strength_tablet=\u00bb1px\u00bb header_5_text_shadow_horizontal_length_tablet=\u00bb0px\u00bb header_5_text_shadow_vertical_length_tablet=\u00bb0px\u00bb header_5_text_shadow_blur_strength_tablet=\u00bb1px\u00bb header_6_text_shadow_horizontal_length_tablet=\u00bb0px\u00bb header_6_text_shadow_vertical_length_tablet=\u00bb0px\u00bb header_6_text_shadow_blur_strength_tablet=\u00bb1px\u00bb border_width_all=\u00bb1px\u00bb border_color_all=\u00bb#6bbf4a\u00bb box_shadow_horizontal_tablet=\u00bb0px\u00bb box_shadow_vertical_tablet=\u00bb0px\u00bb box_shadow_blur_tablet=\u00bb40px\u00bb box_shadow_spread_tablet=\u00bb0px\u00bb global_module=\u00bb13181&#8243; global_colors_info=\u00bb{}\u00bb]<\/p>\n<p><b><img loading=\"lazy\" decoding=\"async\" class=\"wp-image-7742 alignnone size-full\" style=\"float: left;\" src=\"https:\/\/staging.wattsmartsavings.net\/wp-content\/uploads\/2020\/08\/noun_Info_598163.png\" alt=\"\" width=\"29\" height=\"29\" \/><\/b><b>Important Home Energy Savings program changes &#8211; September 1, 2024<\/b><\/p>\n<p style=\"padding-left: 30px;\">Pacific Power has made changes to the Wattsmart Home Energy Savings program in California, effective as of <strong>September 1, 2024<\/strong>. These changes are part of Pacific Power&#8217;s efforts to continuously improve energy efficiency. <span>For an in-depth look at these program changes, please review<\/span>\u00a0the\u00a0<a href=\"https:\/\/staging.wattsmartsavings.net\/wp-content\/uploads\/CA_HES_Planned_Modifications-for-2024-_Exhibit-1.pdf\">summary of changes<\/a> and <a href=\"https:\/\/staging.wattsmartsavings.net\/wp-content\/uploads\/CA_HES_Planned_Modifications-for-2024-_Exhibit-2.pdf\">incentive tables with marked changes<\/a>.<\/p>\n<p style=\"padding-left: 30px;\">If you have questions or need more information, please call toll free 1-855-805-7231 or\u00a0<b><a href=\"mailto:pacificpower@wattsmartsavings.net\">email us<\/a><\/b><\/p>\n<p>[\/et_pb_text][\/et_pb_column][\/et_pb_row][et_pb_row _builder_version=\u00bb4.16&#8243; _module_preset=\u00bbdefault\u00bb global_colors_info=\u00bb{}\u00bb][et_pb_column type=\u00bb4_4&#8243; _builder_version=\u00bb4.16&#8243; _module_preset=\u00bbdefault\u00bb global_colors_info=\u00bb{}\u00bb][et_pb_tabs active_tab_background_color=\u00bb#196fb6&#8243; active_tab_text_color=\u00bb#ffffff\u00bb _builder_version=\u00bb4.27.0&#8243; _module_preset=\u00bbdefault\u00bb tab_font_size=\u00bb16px\u00bb hover_enabled=\u00bb0&#8243; global_colors_info=\u00bb{}\u00bb sticky_enabled=\u00bb0&#8243;][et_pb_tab title=\u00bbCualificaciones e incentivos\u00bb _builder_version=\u00bb4.27.0&#8243; _module_preset=\u00bbdefault\u00bb hover_enabled=\u00bb0&#8243; global_colors_info=\u00bb{}\u00bb sticky_enabled=\u00bb0&#8243;]<\/p>\n<h4><b>Requisitos del programa para acondicionadores de aire de habitaci\u00f3n:<\/b><\/h4>\n<ul>\n<li>Hay incentivos disponibles para acondicionadores de aire de habitaci\u00f3n para nuevas construcciones y proyectos de reemplazo normales.<\/li>\n<li>El producto debe cumplir con los criterios m\u00ednimos para los acondicionadores de aire de habitaci\u00f3n ENERGY STAR\u00ae.<\/li>\n<li>Enlace al sitio web <a href=\"https:\/\/www.energystar.gov\/products\/heating_cooling\/air_conditioning_room\/key_product_criteria\">Criterios clave de productos para acondicionadores de aire de habitaci\u00f3n | ENERGY STAR<span> <\/span>\u00ae<\/a><\/li>\n<\/ul>\n<h4><strong>Documentos requeridos:<\/strong><\/h4>\n<ul>\n<li>Recibo detallado o factura del contratista<\/li>\n<li><span>La solicitud debe presentarse dentro de los 90 d\u00edas posteriores a la compra de su nuevo producto de eficiencia energ\u00e9tica.<\/span><\/li>\n<li><a href=\"https:\/\/staging.wattsmartsavings.net\/ca_third_party_payment_addendum.pdf\">Anexo de pago de terceros<\/a> para solicitantes que deseen reenviar el pago a un tercero que no figura en la cuenta de servicios p\u00fablicos<\/li>\n<li><a href=\"https:\/\/www.irs.gov\/pub\/irs-pdf\/fw9.pdf\">Formulario W-9 del IRS<\/a> , si corresponde*<br \/> * <em>Aplicable \u00fanicamente a empresas y clientes no particulares, incluidos propietarios, que soliciten incentivos.<\/em><\/li>\n<\/ul>\n<p><span>  Los incentivos est\u00e1n asociados con la presentaci\u00f3n de tarifas del programa de Ahorro de Energ\u00eda para el Hogar del 1 de septiembre de 2024 aprobada por la Comisi\u00f3n de Servicios P\u00fablicos de California. Todos los incentivos est\u00e1n sujetos a cambios con un aviso de 45 d\u00edas.  Pueden aplicarse t\u00e9rminos y condiciones adicionales.  <\/span><\/p>\n<p>[\/et_pb_tab][et_pb_tab title=\u00bbElegibilidad del cliente\u00bb _builder_version=\u00bb4.21.0&#8243; _module_preset=\u00bbdefault\u00bb global_colors_info=\u00bb{}\u00bb]<\/p>\n<p>Los clientes residenciales de electricidad que residen en el estado de California y que compran su electricidad a Pacific Power con tarifas D, DL-6, DS-8, DM-9 o NEM-35 califican para este programa. Los propietarios que son due\u00f1os de propiedades de alquiler a las que presta servicios la empresa en el estado de California y donde el inquilino recibe la factura con tarifas D, DL-6, DS-8, DM-9 o NEM-35 tambi\u00e9n califican para este programa.  Puede encontrar su lista de tarifas en su factura o llamando al 1-888-221-7070. Los cheques de incentivo solo se emiten a nombre del titular de la cuenta de Pacific Power.<\/p>\n<p>[\/et_pb_tab][et_pb_tab title=\u00bb\u00bfC\u00f3mo aplicar?\u00bb _builder_version=\u00bb4.21.0&#8243; _module_preset=\u00bbdefault\u00bb global_colors_info=\u00bb{}\u00bb]<\/p>\n<p><b>Necesitar\u00e1 estos elementos para solicitar en l\u00ednea su incentivo:<\/b><\/p>\n<ul>\n<li>N\u00famero de cuenta de Pacific Power<\/li>\n<li>Imagen electr\u00f3nica de su recibo que muestra el nombre del fabricante y el n\u00famero de modelo de su nuevo producto<\/li>\n<\/ul>\n<p><b>Detalles importantes:<\/b><\/p>\n<ul>\n<li>Complete y env\u00ede su solicitud dentro de los 90 d\u00edas posteriores a la compra de su nuevo producto de eficiencia energ\u00e9tica.<\/li>\n<li>Por favor, espere seis semanas m\u00e1s el tiempo del servicio de correo para la entrega de su cheque de incentivo despu\u00e9s de que recibamos su solicitud aprobada y el recibo.<\/li>\n<li>Puede localizar su n\u00famero de cuenta en su estado de cuenta como se muestra a continuaci\u00f3n<\/li>\n<\/ul>\n<p><img loading=\"lazy\" decoding=\"async\" class=\"wp-image-1142 alignnone size-medium\" src=\"\/wp-content\/uploads\/2019\/06\/pp-bill-2.jpg\" alt=\"Ejemplo de n\u00famero de cuenta en la factura de Pacific Power\" width=\"300\" height=\"88\"><\/p>\n<p>\u00bfYa ha aplicado? <a href=\"https:\/\/staging.wattsmartsavings.net\/es\/residencial-california\/contactenos-ca\/\">Realice un seguimiento del estado de sus incentivos.<\/a> Por favor, espere 48 horas para que su solicitud en l\u00ednea se cargue en nuestro sistema.<\/p>\n<p>&nbsp;<\/p>\n<p>[\/et_pb_tab][\/et_pb_tabs][\/et_pb_column][\/et_pb_row][\/et_pb_section]<\/p>\n","protected":false},"excerpt":{"rendered":"<p>ENCUENTRE AHORROSENCONTRAR UN CONTRATISTAESTADO DE LA SOLICITUDATENCI\u00d3N AL CLIENTEKIT DE INICIO GRATUITOFINANCIACI\u00d3NCalefacci\u00f3n y enfriamiento Incentivos para calefacci\u00f3n y enfriamiento Termostatos inteligentes Acondicionadores de aire de habitaci\u00f3n Motor de ventilador sin escobillas Bombas de calor Incentivos mejorados para clientes selectosAcondicionadores de aire de habitaci\u00f3n Reciba $40 de reembolso en efectivoImportant Home Energy Savings program changes &#8211; [&hellip;]<\/p>\n","protected":false},"author":21,"featured_media":0,"parent":0,"menu_order":0,"comment_status":"closed","ping_status":"closed","template":"","meta":{"_et_pb_use_builder":"on","_et_pb_old_content":"","_et_gb_content_width":"","inline_featured_image":false,"footnotes":""},"class_list":["post-14966","page","type-page","status-publish","hentry"],"_links":{"self":[{"href":"https:\/\/staging.wattsmartsavings.net\/es\/wp-json\/wp\/v2\/pages\/14966","targetHints":{"allow":["GET"]}}],"collection":[{"href":"https:\/\/staging.wattsmartsavings.net\/es\/wp-json\/wp\/v2\/pages"}],"about":[{"href":"https:\/\/staging.wattsmartsavings.net\/es\/wp-json\/wp\/v2\/types\/page"}],"author":[{"embeddable":true,"href":"https:\/\/staging.wattsmartsavings.net\/es\/wp-json\/wp\/v2\/users\/21"}],"replies":[{"embeddable":true,"href":"https:\/\/staging.wattsmartsavings.net\/es\/wp-json\/wp\/v2\/comments?post=14966"}],"version-history":[{"count":1,"href":"https:\/\/staging.wattsmartsavings.net\/es\/wp-json\/wp\/v2\/pages\/14966\/revisions"}],"predecessor-version":[{"id":14973,"href":"https:\/\/staging.wattsmartsavings.net\/es\/wp-json\/wp\/v2\/pages\/14966\/revisions\/14973"}],"wp:attachment":[{"href":"https:\/\/staging.wattsmartsavings.net\/es\/wp-json\/wp\/v2\/media?parent=14966"}],"curies":[{"name":"wp","href":"https:\/\/api.w.org\/{rel}","templated":true}]}}