{"id":14982,"date":"2019-05-21T16:54:57","date_gmt":"2019-05-21T16:54:57","guid":{"rendered":"https:\/\/staging.wattsmartsavings.net\/encuentre-ahorros-climatizacion-wa\/"},"modified":"2025-01-24T18:53:20","modified_gmt":"2025-01-24T18:53:20","slug":"encuentre-ahorros-climatizacion-wa","status":"publish","type":"page","link":"https:\/\/staging.wattsmartsavings.net\/es\/residencial-washington\/encuentre-ahorros-climatizacion-wa\/","title":{"rendered":"Encuentre ahorros &#8211; Climatizaci\u00f3n &#8211; WA"},"content":{"rendered":"<p>[et_pb_section fb_built=\u00bb1&#8243; disabled_on=\u00bboff|off|off\u00bb admin_label=\u00bbSection\u00bb _builder_version=\u00bb4.16&#8243; custom_padding=\u00bb||0px|||\u00bb collapsed=\u00bboff\u00bb global_colors_info=\u00bb{}\u00bb][et_pb_row column_structure=\u00bb1_5,1_5,1_5,1_5,1_5&#8243; use_custom_gutter=\u00bbon\u00bb gutter_width=\u00bb1&#8243; disabled_on=\u00bbon|on|off\u00bb _builder_version=\u00bb4.17.2&#8243; width=\u00bb77%\u00bb max_width=\u00bb2560px\u00bb custom_margin=\u00bb-40px|auto|22px|auto||\u00bb custom_padding=\u00bb18px||16px|||\u00bb border_width_bottom=\u00bb1px\u00bb border_color_bottom=\u00bbrgba(92,92,92,0.24)\u00bb saved_tabs=\u00bball\u00bb locked=\u00bboff\u00bb global_colors_info=\u00bb{}\u00bb][et_pb_column type=\u00bb1_5&#8243; _builder_version=\u00bb4.16&#8243; custom_padding=\u00bb||0px|\u00bb global_colors_info=\u00bb{}\u00bb custom_padding__hover=\u00bb|||\u00bb][et_pb_text _builder_version=\u00bb4.19.5&#8243; text_text_color=\u00bb#919191&#8243; width=\u00bb100%\u00bb custom_margin=\u00bb||0px\u00bb custom_padding=\u00bb||0px\u00bb link_option_url=\u00bbhttps:\/\/staging.wattsmartsavings.net\/washington-residential\/\u00bb z_index_tablet=\u00bb500&#8243; text_text_shadow_horizontal_length_tablet=\u00bb0px\u00bb text_text_shadow_vertical_length_tablet=\u00bb0px\u00bb text_text_shadow_blur_strength_tablet=\u00bb1px\u00bb link_text_shadow_horizontal_length_tablet=\u00bb0px\u00bb link_text_shadow_vertical_length_tablet=\u00bb0px\u00bb link_text_shadow_blur_strength_tablet=\u00bb1px\u00bb ul_text_shadow_horizontal_length_tablet=\u00bb0px\u00bb ul_text_shadow_vertical_length_tablet=\u00bb0px\u00bb ul_text_shadow_blur_strength_tablet=\u00bb1px\u00bb ol_text_shadow_horizontal_length_tablet=\u00bb0px\u00bb ol_text_shadow_vertical_length_tablet=\u00bb0px\u00bb ol_text_shadow_blur_strength_tablet=\u00bb1px\u00bb quote_text_shadow_horizontal_length_tablet=\u00bb0px\u00bb quote_text_shadow_vertical_length_tablet=\u00bb0px\u00bb quote_text_shadow_blur_strength_tablet=\u00bb1px\u00bb header_text_shadow_horizontal_length_tablet=\u00bb0px\u00bb header_text_shadow_vertical_length_tablet=\u00bb0px\u00bb header_text_shadow_blur_strength_tablet=\u00bb1px\u00bb header_2_text_shadow_horizontal_length_tablet=\u00bb0px\u00bb header_2_text_shadow_vertical_length_tablet=\u00bb0px\u00bb header_2_text_shadow_blur_strength_tablet=\u00bb1px\u00bb header_3_text_shadow_horizontal_length_tablet=\u00bb0px\u00bb header_3_text_shadow_vertical_length_tablet=\u00bb0px\u00bb header_3_text_shadow_blur_strength_tablet=\u00bb1px\u00bb header_4_text_shadow_horizontal_length_tablet=\u00bb0px\u00bb header_4_text_shadow_vertical_length_tablet=\u00bb0px\u00bb header_4_text_shadow_blur_strength_tablet=\u00bb1px\u00bb header_5_text_shadow_horizontal_length_tablet=\u00bb0px\u00bb header_5_text_shadow_vertical_length_tablet=\u00bb0px\u00bb header_5_text_shadow_blur_strength_tablet=\u00bb1px\u00bb header_6_text_shadow_horizontal_length_tablet=\u00bb0px\u00bb header_6_text_shadow_vertical_length_tablet=\u00bb0px\u00bb header_6_text_shadow_blur_strength_tablet=\u00bb1px\u00bb box_shadow_horizontal_tablet=\u00bb0px\u00bb box_shadow_vertical_tablet=\u00bb0px\u00bb box_shadow_blur_tablet=\u00bb40px\u00bb box_shadow_spread_tablet=\u00bb0px\u00bb global_colors_info=\u00bb{}\u00bb]<\/p>\n<p style=\"text-align: center;\"><a id=\"subhead-fac-main\" style=\"color: #196fb6;\" href=\"https:\/\/staging.wattsmartsavings.net\/es\/residencial-washington\/\"><strong>ENCUENTRE AHORROS<\/strong><\/a><\/p>\n<p>[\/et_pb_text][\/et_pb_column][et_pb_column type=\u00bb1_5&#8243; _builder_version=\u00bb4.16&#8243; custom_padding=\u00bb||0px|\u00bb global_colors_info=\u00bb{}\u00bb custom_padding__hover=\u00bb|||\u00bb][et_pb_text _builder_version=\u00bb4.16&#8243; text_font=\u00bb||||||||\u00bb custom_margin=\u00bb||0px|||\u00bb custom_padding=\u00bb||0px\u00bb link_option_url=\u00bb#\u00bb global_colors_info=\u00bb{}\u00bb]<\/p>\n<p style=\"text-align: center;\"><a href=\"https:\/\/pacificpowervendor.force.com\/tradeally\/s\/find-residential-vendor?sector=Residential\" style=\"color: #196fb6;\" id=\"subnav-find-a-contractor-main\" target=\"_blank\" rel=\"noopener noreferrer\"><strong>ENCONTRAR UN CONTRATISTA<\/strong><\/a><\/p>\n<p>[\/et_pb_text][\/et_pb_column][et_pb_column type=\u00bb1_5&#8243; _builder_version=\u00bb4.16&#8243; custom_padding=\u00bb||0px|\u00bb global_colors_info=\u00bb{}\u00bb custom_padding__hover=\u00bb|||\u00bb][et_pb_text _builder_version=\u00bb4.16&#8243; custom_margin=\u00bb0px||0px\u00bb custom_padding=\u00bb||0px\u00bb link_option_url=\u00bb#\u00bb global_colors_info=\u00bb{}\u00bb]<\/p>\n<p style=\"text-align: center;\"><a href=\"https:\/\/pacificorpdsmc.traksmart.com\/traksmart4\/html\/pux\/application-search\" style=\"color: #196fb6;\"><strong>ESTADO DE LA SOLICITUD<\/strong><\/a><\/p>\n<p>[\/et_pb_text][\/et_pb_column][et_pb_column type=\u00bb1_5&#8243; _builder_version=\u00bb4.16&#8243; custom_padding=\u00bb||0px|\u00bb global_colors_info=\u00bb{}\u00bb custom_padding__hover=\u00bb|||\u00bb][et_pb_text _builder_version=\u00bb4.16&#8243; custom_margin=\u00bb||0px\u00bb custom_padding=\u00bb||0px\u00bb link_option_url=\u00bb#\u00bb global_colors_info=\u00bb{}\u00bb]<\/p>\n<p style=\"text-align: center;\"><a href=\"https:\/\/staging.wattsmartsavings.net\/es\/?page_id=14864\" style=\"color: #196fb6\" id=\"subnav-customer-support\"><strong>ATENCI\u00d3N AL CLIENTE<\/strong><\/a><\/p>\n<p>[\/et_pb_text][\/et_pb_column][et_pb_column type=\u00bb1_5&#8243; _builder_version=\u00bb4.17.2&#8243; custom_padding=\u00bb||0px|\u00bb global_colors_info=\u00bb{}\u00bb custom_padding__hover=\u00bb|||\u00bb][et_pb_text _builder_version=\u00bb4.18.0&#8243; custom_margin=\u00bb||0px\u00bb custom_padding=\u00bb||0px\u00bb link_option_url=\u00bb#\u00bb global_colors_info=\u00bb{}\u00bb]<\/p>\n<p style=\"text-align: center;\"><a href=\"https:\/\/staging.wattsmartsavings.net\/es\/?page_id=14855\" style=\"color: #196fb6;\"><b>FINANCIACI\u00d3N<\/b><\/a><\/p>\n<p>[\/et_pb_text][\/et_pb_column][\/et_pb_row][\/et_pb_section][et_pb_section fb_built=\u00bb1&#8243; _builder_version=\u00bb4.16&#8243; custom_margin=\u00bb||-18px|||\u00bb custom_padding=\u00bb0px|||||\u00bb global_colors_info=\u00bb{}\u00bb][et_pb_row column_structure=\u00bb1_3,2_3&#8243; padding_top_bottom_link_2=\u00bbtrue\u00bb padding_left_right_link_2=\u00bbtrue\u00bb _builder_version=\u00bb4.16&#8243; custom_margin=\u00bb1px|auto|23px|auto||\u00bb global_colors_info=\u00bb{}\u00bb][et_pb_column type=\u00bb1_3&#8243; _builder_version=\u00bb4.16&#8243; custom_padding=\u00bb|||\u00bb global_colors_info=\u00bb{}\u00bb custom_padding__hover=\u00bb|||\u00bb][et_pb_text disabled_on=\u00bboff|off|off\u00bb _builder_version=\u00bb4.21.0&#8243; text_font=\u00bb||||||||\u00bb text_letter_spacing=\u00bb0.25px\u00bb text_line_height=\u00bb2.2em\u00bb link_text_color=\u00bb#5c5c5c\u00bb header_font=\u00bb||||||||\u00bb header_2_font=\u00bb|800|||||||\u00bb header_2_font_size=\u00bb18px\u00bb width=\u00bb95.5%\u00bb custom_padding=\u00bb22px|0px|22px|0px|true|true\u00bb z_index_tablet=\u00bb500&#8243; text_text_shadow_horizontal_length_tablet=\u00bb0px\u00bb text_text_shadow_vertical_length_tablet=\u00bb0px\u00bb text_text_shadow_blur_strength_tablet=\u00bb1px\u00bb link_text_shadow_horizontal_length_tablet=\u00bb0px\u00bb link_text_shadow_vertical_length_tablet=\u00bb0px\u00bb link_text_shadow_blur_strength_tablet=\u00bb1px\u00bb ul_text_shadow_horizontal_length_tablet=\u00bb0px\u00bb ul_text_shadow_vertical_length_tablet=\u00bb0px\u00bb ul_text_shadow_blur_strength_tablet=\u00bb1px\u00bb ol_text_shadow_horizontal_length_tablet=\u00bb0px\u00bb ol_text_shadow_vertical_length_tablet=\u00bb0px\u00bb ol_text_shadow_blur_strength_tablet=\u00bb1px\u00bb quote_text_shadow_horizontal_length_tablet=\u00bb0px\u00bb quote_text_shadow_vertical_length_tablet=\u00bb0px\u00bb quote_text_shadow_blur_strength_tablet=\u00bb1px\u00bb header_text_shadow_horizontal_length_tablet=\u00bb0px\u00bb header_text_shadow_vertical_length_tablet=\u00bb0px\u00bb header_text_shadow_blur_strength_tablet=\u00bb1px\u00bb header_2_text_shadow_horizontal_length_tablet=\u00bb0px\u00bb header_2_text_shadow_vertical_length_tablet=\u00bb0px\u00bb header_2_text_shadow_blur_strength_tablet=\u00bb1px\u00bb header_3_text_shadow_horizontal_length_tablet=\u00bb0px\u00bb header_3_text_shadow_vertical_length_tablet=\u00bb0px\u00bb header_3_text_shadow_blur_strength_tablet=\u00bb1px\u00bb header_4_text_shadow_horizontal_length_tablet=\u00bb0px\u00bb header_4_text_shadow_vertical_length_tablet=\u00bb0px\u00bb header_4_text_shadow_blur_strength_tablet=\u00bb1px\u00bb header_5_text_shadow_horizontal_length_tablet=\u00bb0px\u00bb header_5_text_shadow_vertical_length_tablet=\u00bb0px\u00bb header_5_text_shadow_blur_strength_tablet=\u00bb1px\u00bb header_6_text_shadow_horizontal_length_tablet=\u00bb0px\u00bb header_6_text_shadow_vertical_length_tablet=\u00bb0px\u00bb header_6_text_shadow_blur_strength_tablet=\u00bb1px\u00bb box_shadow_style=\u00bbpreset1&#8243; box_shadow_blur=\u00bb23px\u00bb box_shadow_spread=\u00bb-1px\u00bb global_colors_info=\u00bb{}\u00bb]<\/p>\n<h2 style=\"padding-left: 20px; padding-bottom: 20px; padding-top: 0px; border-bottom: solid#cdcdcd 1px;\">Encuentre ahorros<\/h2>\n<p style=\"padding-left: 20px; padding-bottom: 5px; padding-top: 5px;\"><strong><a href=\"https:\/\/staging.wattsmartsavings.net\/es\/residencial-washington\/encuentre-ahorros-electrodomesticos-wa\/\">Accesorios<\/a><\/strong><\/p>\n<p style=\"padding-left: 20px; padding-bottom: 5px; padding-top: 5px;\"><a href=\"https:\/\/staging.wattsmartsavings.net\/washington-residential\/find-savings-heating-and-cooling\/\"><strong>Calefacci\u00f3n y enfriamiento<\/strong><\/a><\/p>\n<p style=\"padding-left: 20px; padding-bottom: 5px; padding-top: 5px;\"><strong><a id=\"hoverlinkblue8\" title=\"Climatizaci\u00f3n: encuentre ahorros\" href=\"https:\/\/staging.wattsmartsavings.net\/washington-residential\/find-savings-manufactured-homes\/\">Casas prefabricadas<\/a><\/strong><\/p>\n<p style=\"padding-left: 20px; padding-bottom: 5px; padding-top: 5px;\"><a id=\"hoverlinkblue5\" title=\"Multifamiliar - Encuentre ahorros\" href=\"https:\/\/staging.wattsmartsavings.net\/washington-residential\/find-savings-multifamily\/\"><strong>Multifamiliar<\/strong><\/a><\/p>\n<p style=\"padding-left: 20px; padding-bottom: 5px; padding-top: 5px;\"><a id=\"hoverlinkblue6\" title=\"Casas nuevas - Encuentre ahorros\" href=\"https:\/\/staging.wattsmartsavings.net\/washington-residential\/find-savings-new-homes\/\"><strong>Casas nuevas<\/strong><\/a><\/p>\n<p style=\"padding-left: 20px; padding-bottom: 5px; padding-top: 5px;\"><a id=\"hoverlinkblue7\" title=\"Fontaner\u00eda y calefacci\u00f3n de agua: encuentre ahorros\" href=\"https:\/\/staging.wattsmartsavings.net\/washington-residential\/find-savings-plumbing-and-water-heating\/\"><strong>Calentamiento de agua<\/strong><\/a><\/p>\n<p style=\"padding-left: 20px; padding-bottom: 5px; padding-top: 5px;\">\n<p style=\"background-color: #d6efff; color: #000; padding-left: 20px; padding-bottom: 5px; padding-top: 5px;\"><strong>Climatizaci\u00f3n y ventanas<\/strong><\/p>\n<p style=\"padding-left: 20px; padding-bottom: 5px; padding-top: 5px;\"><a href=\"https:\/\/staging.wattsmartsavings.net\/highly-impacted-communities-incentives\/\"><strong><b>Comunidades altamente impactadas<\/b><\/strong><\/a><\/p>\n<p style=\"padding-left: 20px; padding-bottom: 5px; padding-top: 5px;\"><a href=\"https:\/\/staging.wattsmartsavings.net\/other-appliances\/\"><strong><b>Otros equipos  <\/b><\/strong><\/a><\/p>\n<p>[\/et_pb_text][\/et_pb_column][et_pb_column type=\u00bb2_3&#8243; _builder_version=\u00bb4.16&#8243; custom_padding=\u00bb0px|51px|0px|51px\u00bb global_colors_info=\u00bb{}\u00bb custom_padding__hover=\u00bb|||\u00bb][et_pb_text disabled_on=\u00bboff|off|off\u00bb _builder_version=\u00bb4.19.5&#8243; header_font=\u00bb||||||||\u00bb header_2_font=\u00bb||||||||\u00bb header_2_font_size=\u00bb29px\u00bb global_colors_info=\u00bb{}\u00bb]<\/p>\n<h2><strong>Incentivos para climatizaci\u00f3n y ventanas<\/strong><\/h2>\n<p>[\/et_pb_text][et_pb_image src=\u00bb\/wp-content\/uploads\/2019\/05\/hero_measures_weatherization.png\u00bb alt=\u00bbClimatizaci\u00f3n en el interior del techo\u00bb align=\u00bbcenter\u00bb align_tablet=\u00bbcenter\u00bb align_phone=\u00bb\u00bb align_last_edited=\u00bbon|desktop\u00bb disabled_on=\u00bboff|off|off\u00bb _builder_version=\u00bb4.16&#8243; custom_margin=\u00bb|||-3px||\u00bb custom_padding=\u00bb|||||\u00bb z_index_tablet=\u00bb500&#8243; global_colors_info=\u00bb{}\u00bb][\/et_pb_image][et_pb_text disabled_on=\u00bboff|off|off\u00bb _builder_version=\u00bb4.20.2&#8243; text_font=\u00bb||||||||\u00bb text_font_size=\u00bb14.6px\u00bb custom_margin=\u00bb-15px|||||\u00bb global_colors_info=\u00bb{}\u00bb]<\/p>\n<p>Una casa climatizada es una casa Wattsmart. Ahorre en ventanas de alta eficiencia, aislamiento y otras mejoras de climatizaci\u00f3n que brindan comodidad y ahorros durante todo el a\u00f1o. <\/p>\n<p>Pacific Power colabora con agencias locales para brindar servicios gratuitos de climatizaci\u00f3n a propietarios e inquilinos que califiquen seg\u00fan sus ingresos y que vivan en casas m\u00f3viles. Seg\u00fan las necesidades de la casa, se pueden instalar diversas medidas, como aislamiento, cabezales de ducha de bajo consumo y m\u00e1s. Todas estas medidas est\u00e1n dise\u00f1adas para reducir sus facturas de electricidad y, al mismo tiempo, mantener su casa c\u00f3moda. Obtenga m\u00e1s informaci\u00f3n: <a href=\"\">https:\/\/www.PacificPower.net\/liweatherization<\/a>   <\/p>\n<p>[\/et_pb_text][\/et_pb_column][\/et_pb_row][et_pb_row disabled_on=\u00bboff|off|off\u00bb _builder_version=\u00bb4.16&#8243; saved_tabs=\u00bball\u00bb locked=\u00bboff\u00bb global_colors_info=\u00bb{}\u00bb][et_pb_column type=\u00bb4_4&#8243; _builder_version=\u00bb4.16&#8243; global_colors_info=\u00bb{}\u00bb][et_pb_text _builder_version=\u00bb4.27.4&#8243; text_font_size=\u00bb16px\u00bb custom_padding=\u00bb6px|13px|6px|13px|true|true\u00bb hover_enabled=\u00bb0&#8243; z_index_tablet=\u00bb500&#8243; text_text_shadow_horizontal_length_tablet=\u00bb0px\u00bb text_text_shadow_vertical_length_tablet=\u00bb0px\u00bb text_text_shadow_blur_strength_tablet=\u00bb1px\u00bb link_text_shadow_horizontal_length_tablet=\u00bb0px\u00bb link_text_shadow_vertical_length_tablet=\u00bb0px\u00bb link_text_shadow_blur_strength_tablet=\u00bb1px\u00bb ul_text_shadow_horizontal_length_tablet=\u00bb0px\u00bb ul_text_shadow_vertical_length_tablet=\u00bb0px\u00bb ul_text_shadow_blur_strength_tablet=\u00bb1px\u00bb ol_text_shadow_horizontal_length_tablet=\u00bb0px\u00bb ol_text_shadow_vertical_length_tablet=\u00bb0px\u00bb ol_text_shadow_blur_strength_tablet=\u00bb1px\u00bb quote_text_shadow_horizontal_length_tablet=\u00bb0px\u00bb quote_text_shadow_vertical_length_tablet=\u00bb0px\u00bb quote_text_shadow_blur_strength_tablet=\u00bb1px\u00bb header_text_shadow_horizontal_length_tablet=\u00bb0px\u00bb header_text_shadow_vertical_length_tablet=\u00bb0px\u00bb header_text_shadow_blur_strength_tablet=\u00bb1px\u00bb header_2_text_shadow_horizontal_length_tablet=\u00bb0px\u00bb header_2_text_shadow_vertical_length_tablet=\u00bb0px\u00bb header_2_text_shadow_blur_strength_tablet=\u00bb1px\u00bb header_3_text_shadow_horizontal_length_tablet=\u00bb0px\u00bb header_3_text_shadow_vertical_length_tablet=\u00bb0px\u00bb header_3_text_shadow_blur_strength_tablet=\u00bb1px\u00bb header_4_text_shadow_horizontal_length_tablet=\u00bb0px\u00bb header_4_text_shadow_vertical_length_tablet=\u00bb0px\u00bb header_4_text_shadow_blur_strength_tablet=\u00bb1px\u00bb header_5_text_shadow_horizontal_length_tablet=\u00bb0px\u00bb header_5_text_shadow_vertical_length_tablet=\u00bb0px\u00bb header_5_text_shadow_blur_strength_tablet=\u00bb1px\u00bb header_6_text_shadow_horizontal_length_tablet=\u00bb0px\u00bb header_6_text_shadow_vertical_length_tablet=\u00bb0px\u00bb header_6_text_shadow_blur_strength_tablet=\u00bb1px\u00bb border_width_all=\u00bb1px\u00bb border_color_all=\u00bb#6bbf4a\u00bb box_shadow_horizontal_tablet=\u00bb0px\u00bb box_shadow_vertical_tablet=\u00bb0px\u00bb box_shadow_blur_tablet=\u00bb40px\u00bb box_shadow_spread_tablet=\u00bb0px\u00bb global_colors_info=\u00bb{}\u00bb sticky_enabled=\u00bb0&#8243;]<\/p>\n<p><b><picture><img loading=\"lazy\" decoding=\"async\" class=\"wp-image-7742 alignnone size-full webpexpress-processed\" src=\"https:\/\/staging.wattsmartsavings.net\/wp-content\/uploads\/2020\/08\/noun_Info_598163.png\" alt=\"\" width=\"29\" height=\"29\" \/><\/picture><\/b><strong>Cambios<\/strong> <b>importantes<\/b> <b>en el programa de Ahorro de Energ\u00eda para el Hogar \u2013 1 de enero de 2024<\/b><\/p>\n<p><span>Pacific Power ha realizado cambios en el programa Wattsmart Home Energy Savings en Washington, que entrar\u00e1n en vigor a partir del <strong>1 de enero de 2024.<\/strong><\/span><\/p>\n<p><span>Para una mirada en profundidad a estos cambios, vea<\/span> <span>un<\/span><span> <\/span><a aria-label=\"Link summary of changes\" href=\"https:\/\/staging.wattsmartsavings.net\/wp-content\/uploads\/WA-HES-planned-modifications-effective-1-1-24.pdf\" rel=\"noopener noreferrer\" class=\"fui-Link ___m14voj0 f3rmtva f1ern45e f1deefiw f1n71otn f1q5o8ev f1h8hb77 f1vxd6vx f1ewtqcl fyind8e f1k6fduh f1w7gpdv fk6fouc fjoy568 figsok6 f1hu3pq6 f11qmguv f19f4twv f1tyq0we f1g0x7ka fhxju0i f1qch9an f1cnd47f fqv5qza f1vmzxwi f1o700av f13mvf36 f9n3di6 f1ids18y fygtlnl f1deo86v f12x56k7 f1iescvh ftqa4ok f50u1b5 fs3pq8b f1hghxdh f1tymzes f1x7u7e9 f1cmlufx f10aw75t fsle3fq\">Resumen de cambios<\/a><span> <\/span><span>y<\/span><a href=\"https:\/\/staging.wattsmartsavings.net\/wp-content\/uploads\/Exhibit-A-WA-HES-Incentives-Tables-effective-7-1-2023-w-redlines-for-1-1-2024_11-20-23-1.pdf\"><span> <\/span>Tablas de incentivos con cambios marcados<\/a><span>. Si tiene preguntas, llame sin costo al 1-855-805-7231 or <\/span><a aria-label=\"Link email us\" href=\"mailto:pacificpower@wattsmartsavings.net\" rel=\"noopener noreferrer\" class=\"fui-Link ___m14voj0 f3rmtva f1ern45e f1deefiw f1n71otn f1q5o8ev f1h8hb77 f1vxd6vx f1ewtqcl fyind8e f1k6fduh f1w7gpdv fk6fouc fjoy568 figsok6 f1hu3pq6 f11qmguv f19f4twv f1tyq0we f1g0x7ka fhxju0i f1qch9an f1cnd47f fqv5qza f1vmzxwi f1o700av f13mvf36 f9n3di6 f1ids18y fygtlnl f1deo86v f12x56k7 f1iescvh ftqa4ok f50u1b5 fs3pq8b f1hghxdh f1tymzes f1x7u7e9 f1cmlufx f10aw75t fsle3fq\">Env\u00ede un correo electr\u00f3nico<\/a> <span>.<\/span><\/p>\n<p>[\/et_pb_text][et_pb_text disabled_on=\u00bboff|off|off\u00bb _builder_version=\u00bb4.19.5&#8243; _module_preset=\u00bbdefault\u00bb global_colors_info=\u00bb{}\u00bb]<\/p>\n<h3><span style=\"font-size: large;\"><strong>Construya para lograr eficiencia y gane recompensas<\/strong><\/span><\/h3>\n<p>Pacific Power ofrece a los constructores incentivos en efectivo por incluir productos y caracter\u00edsticas de alta eficiencia. Destaque y demuestre su compromiso con la calidad con viviendas que ofrecen comodidad superior, mayor durabilidad y menores costos de energ\u00eda. <\/p>\n<p>[\/et_pb_text][\/et_pb_column][\/et_pb_row][et_pb_row column_structure=\u00bb1_2,1_2&#8243; _builder_version=\u00bb4.16&#8243; width=\u00bb95%\u00bb min_height=\u00bb798.5px\u00bb custom_margin=\u00bb|auto|-312px|auto||\u00bb custom_padding=\u00bb||0px|||\u00bb saved_tabs=\u00bball\u00bb global_colors_info=\u00bb{}\u00bb][et_pb_column type=\u00bb1_2&#8243; _builder_version=\u00bb4.16&#8243; custom_padding=\u00bb|||\u00bb global_colors_info=\u00bb{}\u00bb custom_padding__hover=\u00bb|||\u00bb][et_pb_image src=\u00bb\/wp-content\/uploads\/2019\/05\/thumbnail_measures_insulation.png\u00bb alt=\u00bbAislamiento de fibra de vidrio para \u00e1ticos\u00bb align_tablet=\u00bbcenter\u00bb align_phone=\u00bb\u00bb align_last_edited=\u00bbon|desktop\u00bb _builder_version=\u00bb4.16&#8243; z_index_tablet=\u00bb500&#8243; global_colors_info=\u00bb{}\u00bb][\/et_pb_image][et_pb_text _builder_version=\u00bb4.16&#8243; text_font=\u00bb||||||||\u00bb text_line_height=\u00bb1.6em\u00bb header_font=\u00bb||||||||\u00bb header_2_font=\u00bb|700|||||||\u00bb header_2_text_color=\u00bb#000000&#8243; header_2_font_size=\u00bb30px\u00bb header_2_line_height=\u00bb1.3em\u00bb background_color=\u00bb#ffffff\u00bb z_index=\u00bb1&#8243; height=\u00bb170px\u00bb custom_margin=\u00bb-73px|15px|0px|15px|false|true\u00bb custom_padding=\u00bb30px|35px|30px|35px|true|true\u00bb box_shadow_style=\u00bbpreset1&#8243; box_shadow_blur=\u00bb45px\u00bb box_shadow_spread=\u00bb-9px\u00bb global_colors_info=\u00bb{}\u00bb]<\/p>\n<h2>Aislamiento<\/h2>\n<p><span>Obtenga hasta <strong>$0,62<\/strong> \/pie cuadrado de reembolso en efectivo.   <\/span><\/p>\n<p><a href=\"https:\/\/staging.wattsmartsavings.net\/washington-residential\/find-savings-weatherization\/insulation\/\" aria-label=\"apply now for insulation savings\" id=\"wa-find-savings-weatherization-insulation-apply\"><span>APLICAR AHORA<\/span><\/a><\/p>\n<p>[\/et_pb_text][\/et_pb_column][et_pb_column type=\u00bb1_2&#8243; _builder_version=\u00bb4.16&#8243; custom_padding=\u00bb|||\u00bb global_colors_info=\u00bb{}\u00bb custom_padding__hover=\u00bb|||\u00bb][et_pb_image src=\u00bbhttps:\/\/staging.wattsmartsavings.net\/wp-content\/uploads\/2019\/05\/thumbnail_measures_manufactured_homes_windows.png\u00bb alt=\u00bbVentana de sellado de aire profesional\u00bb align_tablet=\u00bbcenter\u00bb align_phone=\u00bb\u00bb align_last_edited=\u00bbon|desktop\u00bb _builder_version=\u00bb4.16&#8243; z_index_tablet=\u00bb500&#8243; global_colors_info=\u00bb{}\u00bb][\/et_pb_image][et_pb_text _builder_version=\u00bb4.19.5&#8243; text_font=\u00bb||||||||\u00bb text_line_height=\u00bb1.6em\u00bb header_font=\u00bb||||||||\u00bb header_2_font=\u00bb|700|||||||\u00bb header_2_text_color=\u00bb#000000&#8243; header_2_font_size=\u00bb30px\u00bb header_2_line_height=\u00bb1.3em\u00bb background_color=\u00bb#ffffff\u00bb z_index=\u00bb1&#8243; height=\u00bb170px\u00bb custom_margin=\u00bb-73px|15px|0px|15px|false|true\u00bb custom_padding=\u00bb30px|35px|30px|35px|true|true\u00bb box_shadow_style=\u00bbpreset1&#8243; box_shadow_blur=\u00bb45px\u00bb box_shadow_spread=\u00bb-9px\u00bb global_colors_info=\u00bb{}\u00bb]<\/p>\n<h2>Ventanas<\/h2>\n<p>Obtenga hasta <strong>$10,00<\/strong> \/pie cuadrado de reembolso en efectivo.<\/p>\n<p><a href=\"https:\/\/staging.wattsmartsavings.net\/washington-residential\/find-savings-weatherization\/windows-wa\/\" aria-label=\"apply now for window savings\" id=\"wa-find-savings-weatherization-windows-apply\"><span>APLICAR AHORA<\/span><\/a><\/p>\n<p>[\/et_pb_text][\/et_pb_column][\/et_pb_row][et_pb_row _builder_version=\u00bb4.25.2&#8243; _module_preset=\u00bbdefault\u00bb global_colors_info=\u00bb{}\u00bb][et_pb_column type=\u00bb4_4&#8243; _builder_version=\u00bb4.25.2&#8243; _module_preset=\u00bbdefault\u00bb global_colors_info=\u00bb{}\u00bb][et_pb_divider show_divider=\u00bboff\u00bb _builder_version=\u00bb4.25.2&#8243; _module_preset=\u00bbdefault\u00bb global_colors_info=\u00bb{}\u00bb][\/et_pb_divider][\/et_pb_column][\/et_pb_row][\/et_pb_section]<\/p>\n","protected":false},"excerpt":{"rendered":"<p>ENCUENTRE AHORROSENCONTRAR UN CONTRATISTAESTADO DE LA SOLICITUDATENCI\u00d3N AL CLIENTEFINANCIACI\u00d3NEncuentre ahorros Accesorios Calefacci\u00f3n y enfriamiento Casas prefabricadas Multifamiliar Casas nuevas Calentamiento de agua Climatizaci\u00f3n y ventanas Comunidades altamente impactadas Otros equipos Incentivos para climatizaci\u00f3n y ventanasUna casa climatizada es una casa Wattsmart. Ahorre en ventanas de alta eficiencia, aislamiento y otras mejoras de climatizaci\u00f3n que brindan [&hellip;]<\/p>\n","protected":false},"author":13,"featured_media":0,"parent":15112,"menu_order":0,"comment_status":"closed","ping_status":"closed","template":"","meta":{"_et_pb_use_builder":"on","_et_pb_old_content":"","_et_gb_content_width":"","inline_featured_image":false,"footnotes":""},"class_list":["post-14982","page","type-page","status-publish","hentry"],"_links":{"self":[{"href":"https:\/\/staging.wattsmartsavings.net\/es\/wp-json\/wp\/v2\/pages\/14982","targetHints":{"allow":["GET"]}}],"collection":[{"href":"https:\/\/staging.wattsmartsavings.net\/es\/wp-json\/wp\/v2\/pages"}],"about":[{"href":"https:\/\/staging.wattsmartsavings.net\/es\/wp-json\/wp\/v2\/types\/page"}],"author":[{"embeddable":true,"href":"https:\/\/staging.wattsmartsavings.net\/es\/wp-json\/wp\/v2\/users\/13"}],"replies":[{"embeddable":true,"href":"https:\/\/staging.wattsmartsavings.net\/es\/wp-json\/wp\/v2\/comments?post=14982"}],"version-history":[{"count":3,"href":"https:\/\/staging.wattsmartsavings.net\/es\/wp-json\/wp\/v2\/pages\/14982\/revisions"}],"predecessor-version":[{"id":15466,"href":"https:\/\/staging.wattsmartsavings.net\/es\/wp-json\/wp\/v2\/pages\/14982\/revisions\/15466"}],"up":[{"embeddable":true,"href":"https:\/\/staging.wattsmartsavings.net\/es\/wp-json\/wp\/v2\/pages\/15112"}],"wp:attachment":[{"href":"https:\/\/staging.wattsmartsavings.net\/es\/wp-json\/wp\/v2\/media?parent=14982"}],"curies":[{"name":"wp","href":"https:\/\/api.w.org\/{rel}","templated":true}]}}