{"id":15005,"date":"2019-05-31T19:16:15","date_gmt":"2019-05-31T19:16:15","guid":{"rendered":"https:\/\/staging.wattsmartsavings.net\/cabezal-de-ducha-de-bajo-caudal-y-aireadores\/"},"modified":"2025-01-23T21:25:59","modified_gmt":"2025-01-23T21:25:59","slug":"cabezal-de-ducha-de-bajo-caudal-y-aireadores","status":"publish","type":"page","link":"https:\/\/staging.wattsmartsavings.net\/es\/residencial-washington\/encuentre-ahorros-fontaneria-y-calefaccion-de-agua-wa\/cabezal-de-ducha-de-bajo-caudal-y-aireadores\/","title":{"rendered":"Cabezal de ducha de bajo caudal y aireadores"},"content":{"rendered":"<p>[et_pb_section fb_built=\u00bb1&#8243; disabled_on=\u00bboff|off|off\u00bb _builder_version=\u00bb4.6.1&#8243; custom_padding=\u00bb||0px|||\u00bb global_module=\u00bb2143&#8243; collapsed=\u00bboff\u00bb][et_pb_row column_structure=\u00bb1_4,1_4,1_4,1_4&#8243; use_custom_gutter=\u00bbon\u00bb gutter_width=\u00bb1&#8243; disabled_on=\u00bbon|on|off\u00bb _builder_version=\u00bb3.25&#8243; width=\u00bb77%\u00bb max_width=\u00bb2560px\u00bb custom_margin=\u00bb-40px|auto|22px|auto||\u00bb custom_padding=\u00bb18px||16px|||\u00bb border_width_bottom=\u00bb1px\u00bb border_color_bottom=\u00bbrgba(92,92,92,0.24)\u00bb saved_tabs=\u00bball\u00bb locked=\u00bboff\u00bb][et_pb_column type=\u00bb1_4&#8243; _builder_version=\u00bb3.25&#8243; custom_padding=\u00bb||0px|\u00bb custom_padding__hover=\u00bb|||\u00bb][et_pb_text _builder_version=\u00bb4.6.1&#8243; text_text_color=\u00bb#919191&#8243; width=\u00bb100%\u00bb custom_margin=\u00bb||0px\u00bb custom_padding=\u00bb||0px\u00bb link_option_url=\u00bbhttps:\/\/staging.wattsmartsavings.net\/es\/residencial-california\/\u00bb z_index_tablet=\u00bb500&#8243; text_text_shadow_horizontal_length_tablet=\u00bb0px\u00bb text_text_shadow_vertical_length_tablet=\u00bb0px\u00bb text_text_shadow_blur_strength_tablet=\u00bb1px\u00bb link_text_shadow_horizontal_length_tablet=\u00bb0px\u00bb link_text_shadow_vertical_length_tablet=\u00bb0px\u00bb link_text_shadow_blur_strength_tablet=\u00bb1px\u00bb ul_text_shadow_horizontal_length_tablet=\u00bb0px\u00bb ul_text_shadow_vertical_length_tablet=\u00bb0px\u00bb ul_text_shadow_blur_strength_tablet=\u00bb1px\u00bb ol_text_shadow_horizontal_length_tablet=\u00bb0px\u00bb ol_text_shadow_vertical_length_tablet=\u00bb0px\u00bb ol_text_shadow_blur_strength_tablet=\u00bb1px\u00bb quote_text_shadow_horizontal_length_tablet=\u00bb0px\u00bb quote_text_shadow_vertical_length_tablet=\u00bb0px\u00bb quote_text_shadow_blur_strength_tablet=\u00bb1px\u00bb header_text_shadow_horizontal_length_tablet=\u00bb0px\u00bb header_text_shadow_vertical_length_tablet=\u00bb0px\u00bb header_text_shadow_blur_strength_tablet=\u00bb1px\u00bb header_2_text_shadow_horizontal_length_tablet=\u00bb0px\u00bb header_2_text_shadow_vertical_length_tablet=\u00bb0px\u00bb header_2_text_shadow_blur_strength_tablet=\u00bb1px\u00bb header_3_text_shadow_horizontal_length_tablet=\u00bb0px\u00bb header_3_text_shadow_vertical_length_tablet=\u00bb0px\u00bb header_3_text_shadow_blur_strength_tablet=\u00bb1px\u00bb header_4_text_shadow_horizontal_length_tablet=\u00bb0px\u00bb header_4_text_shadow_vertical_length_tablet=\u00bb0px\u00bb header_4_text_shadow_blur_strength_tablet=\u00bb1px\u00bb header_5_text_shadow_horizontal_length_tablet=\u00bb0px\u00bb header_5_text_shadow_vertical_length_tablet=\u00bb0px\u00bb header_5_text_shadow_blur_strength_tablet=\u00bb1px\u00bb header_6_text_shadow_horizontal_length_tablet=\u00bb0px\u00bb header_6_text_shadow_vertical_length_tablet=\u00bb0px\u00bb header_6_text_shadow_blur_strength_tablet=\u00bb1px\u00bb box_shadow_horizontal_tablet=\u00bb0px\u00bb box_shadow_vertical_tablet=\u00bb0px\u00bb box_shadow_blur_tablet=\u00bb40px\u00bb box_shadow_spread_tablet=\u00bb0px\u00bb]<\/p>\n<p style=\"text-align: center;\"><a style=\"color: #196fb6;\" href=\"https:\/\/staging.wattsmartsavings.net\/washington-residential\/\" id=\"subhead-fac-main\"><strong>ENCUENTRE AHORROS<\/strong><\/a><\/p>\n<p>[\/et_pb_text][\/et_pb_column][et_pb_column type=\u00bb1_4&#8243; _builder_version=\u00bb3.25&#8243; custom_padding=\u00bb||0px|\u00bb custom_padding__hover=\u00bb|||\u00bb][et_pb_text _builder_version=\u00bb4.6.1&#8243; text_font=\u00bb||||||||\u00bb custom_margin=\u00bb||0px|||\u00bb custom_padding=\u00bb||0px\u00bb link_option_url=\u00bb#\u00bb]<\/p>\n<p style=\"text-align: center;\"><a href=\"https:\/\/pacificpower.tradeally.com\/\" style=\"color: #196fb6;\" id=\"subnav-find-a-contractor-main\"><strong>ENCONTRAR UN CONTRATISTA<\/strong><\/a><\/p>\n<p>[\/et_pb_text][\/et_pb_column][et_pb_column type=\u00bb1_4&#8243; _builder_version=\u00bb3.25&#8243; custom_padding=\u00bb||0px|\u00bb custom_padding__hover=\u00bb|||\u00bb][et_pb_text _builder_version=\u00bb4.4.1&#8243; custom_margin=\u00bb0px||0px\u00bb custom_padding=\u00bb||0px\u00bb link_option_url=\u00bb#\u00bb]<\/p>\n<p style=\"text-align: center;\"><a href=\"https:\/\/staging.wattsmartsavings.net\/es\/residencial-washington\/contactenos-wa\/\" style=\"color: #196fb6\"><strong>ESTADO DE LA SOLICITUD<\/strong><\/a><\/p>\n<p>[\/et_pb_text][\/et_pb_column][et_pb_column type=\u00bb1_4&#8243; _builder_version=\u00bb3.25&#8243; custom_padding=\u00bb||0px|\u00bb custom_padding__hover=\u00bb|||\u00bb][et_pb_text _builder_version=\u00bb4.6.1&#8243; custom_margin=\u00bb||0px\u00bb custom_padding=\u00bb||0px\u00bb link_option_url=\u00bb#\u00bb]<\/p>\n<p style=\"text-align: center;\"><a href=\"https:\/\/staging.wattsmartsavings.net\/washington-residential\/faqs-wa\/\" style=\"color: #196fb6\" id=\"subnav-customer-support\"><strong>ATENCI\u00d3N AL CLIENTE<\/strong><\/a><\/p>\n<p>[\/et_pb_text][\/et_pb_column][\/et_pb_row][\/et_pb_section][et_pb_section fb_built=\u00bb1&#8243; _builder_version=\u00bb3.22.7&#8243; custom_margin=\u00bb1px|||||\u00bb custom_padding=\u00bb3px|||||\u00bb][et_pb_row column_structure=\u00bb1_3,2_3&#8243; use_custom_gutter=\u00bbon\u00bb gutter_width=\u00bb1&#8243; padding_top_bottom_link_2=\u00bbtrue\u00bb padding_left_right_link_2=\u00bbtrue\u00bb disabled_on=\u00bbon|on|off\u00bb _builder_version=\u00bb3.25&#8243; custom_margin=\u00bb1px|auto|-8px|auto||\u00bb][et_pb_column type=\u00bb1_3&#8243; _builder_version=\u00bb3.25&#8243; custom_padding=\u00bb|||\u00bb custom_padding__hover=\u00bb|||\u00bb][et_pb_text disabled_on=\u00bbon|on|off\u00bb _builder_version=\u00bb3.27.4&#8243; text_font=\u00bb||||||||\u00bb text_letter_spacing=\u00bb0.25px\u00bb text_line_height=\u00bb2.2em\u00bb link_text_color=\u00bb#5c5c5c\u00bb header_font=\u00bb||||||||\u00bb header_2_font=\u00bb|800|||||||\u00bb header_2_font_size=\u00bb18px\u00bb width=\u00bb95.5%\u00bb custom_padding=\u00bb22px|0px|22px|0px|true|true\u00bb z_index_tablet=\u00bb500&#8243; text_text_shadow_horizontal_length_tablet=\u00bb0px\u00bb text_text_shadow_vertical_length_tablet=\u00bb0px\u00bb text_text_shadow_blur_strength_tablet=\u00bb1px\u00bb link_text_shadow_horizontal_length_tablet=\u00bb0px\u00bb link_text_shadow_vertical_length_tablet=\u00bb0px\u00bb link_text_shadow_blur_strength_tablet=\u00bb1px\u00bb ul_text_shadow_horizontal_length_tablet=\u00bb0px\u00bb ul_text_shadow_vertical_length_tablet=\u00bb0px\u00bb ul_text_shadow_blur_strength_tablet=\u00bb1px\u00bb ol_text_shadow_horizontal_length_tablet=\u00bb0px\u00bb ol_text_shadow_vertical_length_tablet=\u00bb0px\u00bb ol_text_shadow_blur_strength_tablet=\u00bb1px\u00bb quote_text_shadow_horizontal_length_tablet=\u00bb0px\u00bb quote_text_shadow_vertical_length_tablet=\u00bb0px\u00bb quote_text_shadow_blur_strength_tablet=\u00bb1px\u00bb header_text_shadow_horizontal_length_tablet=\u00bb0px\u00bb header_text_shadow_vertical_length_tablet=\u00bb0px\u00bb header_text_shadow_blur_strength_tablet=\u00bb1px\u00bb header_2_text_shadow_horizontal_length_tablet=\u00bb0px\u00bb header_2_text_shadow_vertical_length_tablet=\u00bb0px\u00bb header_2_text_shadow_blur_strength_tablet=\u00bb1px\u00bb header_3_text_shadow_horizontal_length_tablet=\u00bb0px\u00bb header_3_text_shadow_vertical_length_tablet=\u00bb0px\u00bb header_3_text_shadow_blur_strength_tablet=\u00bb1px\u00bb header_4_text_shadow_horizontal_length_tablet=\u00bb0px\u00bb header_4_text_shadow_vertical_length_tablet=\u00bb0px\u00bb header_4_text_shadow_blur_strength_tablet=\u00bb1px\u00bb header_5_text_shadow_horizontal_length_tablet=\u00bb0px\u00bb header_5_text_shadow_vertical_length_tablet=\u00bb0px\u00bb header_5_text_shadow_blur_strength_tablet=\u00bb1px\u00bb header_6_text_shadow_horizontal_length_tablet=\u00bb0px\u00bb header_6_text_shadow_vertical_length_tablet=\u00bb0px\u00bb header_6_text_shadow_blur_strength_tablet=\u00bb1px\u00bb box_shadow_style=\u00bbpreset1&#8243; box_shadow_blur=\u00bb23px\u00bb box_shadow_spread=\u00bb-1px\u00bb]<\/p>\n<h2 style=\"padding-left: 20px; padding-bottom: 7px; padding-top: 7px;\">Fontaner\u00eda y agua<br \/> calefacci\u00f3n<\/h2>\n<hr>\n<p style=\"padding-left: 20px; padding-bottom: 7px; padding-top: 7px;\"><a id=\"hoverlinkblue7\" href=\"https:\/\/staging.wattsmartsavings.net\/washington-residential\/find-savings-plumbing-and-water-heating\/\" title=\"Bombas de calor: encuentre ahorros\"><strong>Incentivos para fontaner\u00eda y agua<br \/> calefacci\u00f3n<\/strong><\/a><\/p>\n<p style=\"padding-left: 20px; padding-bottom: 7px; padding-top: 7px;\"><a id=\"hoverlinkblue7\" href=\"https:\/\/staging.wattsmartsavings.net\/washington-residential\/find-savings-plumbing-and-water-heating\/heat-pump-water-heaters\/\" title=\"Calentadores de agua con bomba de calor\"><strong>Calentadores de agua con bomba de calor<\/strong><\/a><\/p>\n<p style=\"background-color: #d6efff; color: #000; padding-left: 20px; padding-bottom: 7px; padding-top: 7px;\"><strong>Cabezal de ducha de bajo caudal y aireadores<\/strong><\/p>\n<p>[\/et_pb_text][\/et_pb_column][et_pb_column type=\u00bb2_3&#8243; _builder_version=\u00bb3.25&#8243; custom_padding=\u00bb0px|51px|0px|51px\u00bb custom_padding__hover=\u00bb|||\u00bb][et_pb_text _builder_version=\u00bb3.27.4&#8243; header_font=\u00bb||||||||\u00bb header_2_font=\u00bb||||||||\u00bb header_2_font_size=\u00bb29px\u00bb]<\/p>\n<h1><strong>Cabezal de ducha de bajo caudal y aireadores<\/strong><\/h1>\n<p>[\/et_pb_text][et_pb_image src=\u00bbhttps:\/\/staging.wattsmartsavings.net\/wp-content\/uploads\/2019\/05\/thumbnail_measures_low_flow_shower_head_and_aerators-e1558569973541.png\u00bb alt=\u00bbBombas de calor para exteriores\u00bb align=\u00bbcenter\u00bb align_tablet=\u00bbcenter\u00bb align_phone=\u00bb\u00bb align_last_edited=\u00bbon|desktop\u00bb _builder_version=\u00bb3.23.2&#8243; width=\u00bb100%\u00bb custom_margin=\u00bb|||||\u00bb custom_padding=\u00bb|||||\u00bb z_index_tablet=\u00bb500&#8243;]<br \/>\n[\/et_pb_image][et_pb_code _builder_version=\u00bb4.4.1&#8243; custom_margin=\u00bb5px|||||\u00bb z_index_tablet=\u00bb500&#8243; custom_css_main_element=\u00bbwidth: 600px;||\u00bb]<a href=\"https:\/\/csappstest.pacificpower.net\/idm\/login\"><button style=\"background-color: #196fb5; color: white; padding: 10px 15px; border: none; margin-right: 1vh; font-size: large;\">ORDENAR AHORA<\/button><\/a>[\/et_pb_code][\/et_pb_column][\/et_pb_row][et_pb_row disabled_on=\u00bboff|off|on\u00bb _builder_version=\u00bb3.25&#8243;][et_pb_column type=\u00bb4_4&#8243; _builder_version=\u00bb3.25&#8243; custom_padding=\u00bb|||\u00bb custom_padding__hover=\u00bb|||\u00bb][et_pb_text _builder_version=\u00bb3.27.4&#8243; header_font=\u00bb||||||||\u00bb header_2_font=\u00bb||||||||\u00bb header_2_font_size=\u00bb29px\u00bb custom_margin=\u00bb||11px|||\u00bb]<\/p>\n<h1><strong>Cabezal de ducha de bajo caudal y aireadores<\/strong><\/h1>\n<p>[\/et_pb_text][et_pb_image src=\u00bbhttps:\/\/staging.wattsmartsavings.net\/wp-content\/uploads\/2019\/05\/thumbnail_measures_low_flow_shower_head_and_aerators-e1558569973541.png\u00bb alt=\u00bbBombas de calor para exteriores\u00bb align=\u00bbcenter\u00bb align_tablet=\u00bbcenter\u00bb align_phone=\u00bb\u00bb align_last_edited=\u00bbon|desktop\u00bb _builder_version=\u00bb3.23.2&#8243; width=\u00bb100%\u00bb custom_margin=\u00bb||0px|||\u00bb custom_padding=\u00bb|||||\u00bb z_index_tablet=\u00bb500&#8243;]<br \/>\n[\/et_pb_image][et_pb_code _builder_version=\u00bb3.23.2&#8243; custom_margin=\u00bb5px|||||\u00bb custom_css_main_element=\u00bbwidth: 600px;||\u00bb]<!-- [et_pb_line_break_holder] --><a href=\"https:\/\/csappstest.pacificpower.net\/idm\/login\"><button style=\"background-color: #196fb5; color: white; padding: 10px 15px; border: none; margin-right: 1vh; font-size: large;\">ORDENAR AHORA<\/button><\/a>[\/et_pb_code][\/et_pb_column][\/et_pb_row][et_pb_row column_structure=\u00bb1_3,2_3&#8243; padding_left_right_link_2=\u00bbfalse\u00bb _builder_version=\u00bb3.25&#8243;][et_pb_column type=\u00bb1_3&#8243; _builder_version=\u00bb3.25&#8243; custom_padding=\u00bb|||\u00bb custom_padding__hover=\u00bb|||\u00bb][\/et_pb_column][et_pb_column type=\u00bb2_3&#8243; _builder_version=\u00bb3.25&#8243; custom_padding=\u00bb|||35px\u00bb custom_padding_tablet=\u00bb\u00bb custom_padding_phone=\u00bb|||0px\u00bb custom_padding_last_edited=\u00bbon|desktop\u00bb custom_padding__hover=\u00bb|||\u00bb][et_pb_text _builder_version=\u00bb3.27.4&#8243;]<\/p>\n<h3><span style=\"font-size: large;\"><strong>D\u00fachese y ahorre en tu factura energ\u00e9tica<\/strong><\/span><\/h3>\n<p>No importa d\u00f3nde viva, nuestro kit b\u00e1sico Wattsmart puede ayudarle a reducir su factura mensual de servicios p\u00fablicos. Las casas con calefacci\u00f3n el\u00e9ctrica pueden contar con cabezales de ducha de alto rendimiento y aireadores de grifos para cocina y ba\u00f1o, que le permiten a una familia promedio ahorrar 3600 galones de agua al a\u00f1o. Adem\u00e1s, todos los kits incluyen cuatro bombillas LED ENERGY STAR\u00ae que consumen hasta un 75 por ciento menos de energ\u00eda y duran aproximadamente 25 veces m\u00e1s que las bombillas incandescentes. \u00a1Pida la suya gratis hoy mismo!   <\/p>\n<p>[\/et_pb_text][et_pb_toggle title=\u00bbElegibilidad del cliente\u00bb open=\u00bbon\u00bb open_toggle_text_color=\u00bb#196fb6&#8243; open_toggle_background_color=\u00bbrgba(0,0,0,0)\u00bb closed_toggle_text_color=\u00bb#196fb6&#8243; closed_toggle_background_color=\u00bbrgba(0,0,0,0)\u00bb icon_color=\u00bb#196fb6&#8243; _builder_version=\u00bb3.23.2&#8243; custom_margin=\u00bb0px|0px|0px|0px|true|true\u00bb custom_padding=\u00bb0px|0px||0px|false|true\u00bb custom_css_toggle_title=\u00bbborder-top: solid 1px black;||border-bottom: solid 1px black;||padding: 7px !important;\u00bb border_width_all=\u00bb0px\u00bb]<\/p>\n<p>Los clientes residenciales de electricidad que residen en el estado de Washington y que compran su electricidad a Pacific Power con tarifas D, DL-6, DS-8, DM-9 o NEM-35 califican para este programa. Los propietarios que poseen propiedades de alquiler a las que presta servicios la empresa en el estado de Washington y en las que el inquilino recibe la factura con tarifas D, DL-6, DS-8, DM-9 o NEM-35 tambi\u00e9n califican para este programa.  Puede encontrar su lista de tarifas en su factura o llamando al 1-888-221-7070. Los cheques de incentivo solo se emiten a nombre del titular de la cuenta de Pacific Power.<\/p>\n<p>[\/et_pb_toggle][\/et_pb_column][\/et_pb_row][et_pb_row disabled_on=\u00bboff|off|on\u00bb _builder_version=\u00bb3.25&#8243; width=\u00bb95%\u00bb][et_pb_column type=\u00bb4_4&#8243; _builder_version=\u00bb3.25&#8243; custom_padding=\u00bb|||\u00bb custom_padding__hover=\u00bb|||\u00bb][et_pb_text disabled_on=\u00bboff|off|on\u00bb _builder_version=\u00bb3.27.4&#8243; text_font=\u00bb||||||||\u00bb text_letter_spacing=\u00bb0.25px\u00bb text_line_height=\u00bb2.2em\u00bb link_text_color=\u00bb#5c5c5c\u00bb header_font=\u00bb||||||||\u00bb header_2_font=\u00bb|800|||||||\u00bb header_2_font_size=\u00bb18px\u00bb width=\u00bb95.5%\u00bb custom_padding=\u00bb22px|0px|22px|0px|true|true\u00bb z_index_tablet=\u00bb500&#8243; text_text_shadow_horizontal_length_tablet=\u00bb0px\u00bb text_text_shadow_vertical_length_tablet=\u00bb0px\u00bb text_text_shadow_blur_strength_tablet=\u00bb1px\u00bb link_text_shadow_horizontal_length_tablet=\u00bb0px\u00bb link_text_shadow_vertical_length_tablet=\u00bb0px\u00bb link_text_shadow_blur_strength_tablet=\u00bb1px\u00bb ul_text_shadow_horizontal_length_tablet=\u00bb0px\u00bb ul_text_shadow_vertical_length_tablet=\u00bb0px\u00bb ul_text_shadow_blur_strength_tablet=\u00bb1px\u00bb ol_text_shadow_horizontal_length_tablet=\u00bb0px\u00bb ol_text_shadow_vertical_length_tablet=\u00bb0px\u00bb ol_text_shadow_blur_strength_tablet=\u00bb1px\u00bb quote_text_shadow_horizontal_length_tablet=\u00bb0px\u00bb quote_text_shadow_vertical_length_tablet=\u00bb0px\u00bb quote_text_shadow_blur_strength_tablet=\u00bb1px\u00bb header_text_shadow_horizontal_length_tablet=\u00bb0px\u00bb header_text_shadow_vertical_length_tablet=\u00bb0px\u00bb header_text_shadow_blur_strength_tablet=\u00bb1px\u00bb header_2_text_shadow_horizontal_length_tablet=\u00bb0px\u00bb header_2_text_shadow_vertical_length_tablet=\u00bb0px\u00bb header_2_text_shadow_blur_strength_tablet=\u00bb1px\u00bb header_3_text_shadow_horizontal_length_tablet=\u00bb0px\u00bb header_3_text_shadow_vertical_length_tablet=\u00bb0px\u00bb header_3_text_shadow_blur_strength_tablet=\u00bb1px\u00bb header_4_text_shadow_horizontal_length_tablet=\u00bb0px\u00bb header_4_text_shadow_vertical_length_tablet=\u00bb0px\u00bb header_4_text_shadow_blur_strength_tablet=\u00bb1px\u00bb header_5_text_shadow_horizontal_length_tablet=\u00bb0px\u00bb header_5_text_shadow_vertical_length_tablet=\u00bb0px\u00bb header_5_text_shadow_blur_strength_tablet=\u00bb1px\u00bb header_6_text_shadow_horizontal_length_tablet=\u00bb0px\u00bb header_6_text_shadow_vertical_length_tablet=\u00bb0px\u00bb header_6_text_shadow_blur_strength_tablet=\u00bb1px\u00bb box_shadow_style=\u00bbpreset1&#8243; box_shadow_blur=\u00bb23px\u00bb box_shadow_spread=\u00bb-1px\u00bb]<\/p>\n<h2 style=\"padding-left: 20px; padding-bottom: 7px; padding-top: 7px;\">Fontaner\u00eda y agua<br \/> calefacci\u00f3n<\/h2>\n<hr>\n<p style=\"padding-left: 20px; padding-bottom: 7px; padding-top: 7px;\"><a id=\"hoverlinkblue7\" href=\"https:\/\/staging.wattsmartsavings.net\/washington-residential\/find-savings-plumbing-and-water-heating\/\" title=\"Bombas de calor: encuentre ahorros\"><strong>Incentivos para fontaner\u00eda y agua<br \/> calefacci\u00f3n<\/strong><\/a><\/p>\n<p style=\"padding-left: 20px; padding-bottom: 7px; padding-top: 7px;\"><a id=\"hoverlinkblue7\" href=\"\/washington-residential\/find-savings-plumbing-and-heating\/heat-pump-water-heaters\" title=\"Calentadores de agua con bomba de calor\"><strong>Calentadores de agua con bomba de calor<\/strong><\/a><\/p>\n<p style=\"background-color: #d6efff; color: #000; padding-left: 20px; padding-bottom: 7px; padding-top: 7px;\"><strong>Cabezal de ducha de bajo caudal y aireadores<\/strong><\/p>\n<p>[\/et_pb_text][\/et_pb_column][\/et_pb_row][\/et_pb_section]<\/p>\n","protected":false},"excerpt":{"rendered":"<p>ENCUENTRE AHORROSENCONTRAR UN CONTRATISTAESTADO DE LA SOLICITUDATENCI\u00d3N AL CLIENTEFontaner\u00eda y agua calefacci\u00f3n Incentivos para fontaner\u00eda y agua calefacci\u00f3n Calentadores de agua con bomba de calor Cabezal de ducha de bajo caudal y aireadoresCabezal de ducha de bajo caudal y aireadores Cabezal de ducha de bajo caudal y aireadores D\u00fachese y ahorre en tu factura energ\u00e9tica [&hellip;]<\/p>\n","protected":false},"author":13,"featured_media":0,"parent":15373,"menu_order":0,"comment_status":"closed","ping_status":"closed","template":"","meta":{"_et_pb_use_builder":"on","_et_pb_old_content":"","_et_gb_content_width":"","inline_featured_image":false,"footnotes":""},"class_list":["post-15005","page","type-page","status-publish","hentry"],"_links":{"self":[{"href":"https:\/\/staging.wattsmartsavings.net\/es\/wp-json\/wp\/v2\/pages\/15005","targetHints":{"allow":["GET"]}}],"collection":[{"href":"https:\/\/staging.wattsmartsavings.net\/es\/wp-json\/wp\/v2\/pages"}],"about":[{"href":"https:\/\/staging.wattsmartsavings.net\/es\/wp-json\/wp\/v2\/types\/page"}],"author":[{"embeddable":true,"href":"https:\/\/staging.wattsmartsavings.net\/es\/wp-json\/wp\/v2\/users\/13"}],"replies":[{"embeddable":true,"href":"https:\/\/staging.wattsmartsavings.net\/es\/wp-json\/wp\/v2\/comments?post=15005"}],"version-history":[{"count":2,"href":"https:\/\/staging.wattsmartsavings.net\/es\/wp-json\/wp\/v2\/pages\/15005\/revisions"}],"predecessor-version":[{"id":15374,"href":"https:\/\/staging.wattsmartsavings.net\/es\/wp-json\/wp\/v2\/pages\/15005\/revisions\/15374"}],"up":[{"embeddable":true,"href":"https:\/\/staging.wattsmartsavings.net\/es\/wp-json\/wp\/v2\/pages\/15373"}],"wp:attachment":[{"href":"https:\/\/staging.wattsmartsavings.net\/es\/wp-json\/wp\/v2\/media?parent=15005"}],"curies":[{"name":"wp","href":"https:\/\/api.w.org\/{rel}","templated":true}]}}