{"id":15018,"date":"2019-06-13T18:15:19","date_gmt":"2019-06-13T18:15:19","guid":{"rendered":"https:\/\/staging.wattsmartsavings.net\/productos-calificados-wa\/"},"modified":"2025-01-29T19:30:18","modified_gmt":"2025-01-29T19:30:18","slug":"productos-calificados-wa","status":"publish","type":"page","link":"https:\/\/staging.wattsmartsavings.net\/es\/residencial-washington\/productos-calificados-wa\/","title":{"rendered":"Productos calificados &#8211; WA"},"content":{"rendered":"<p>[et_pb_section fb_built=\u00bb1&#8243; disabled_on=\u00bboff|off|off\u00bb admin_label=\u00bbSection\u00bb _builder_version=\u00bb4.16&#8243; custom_padding=\u00bb||0px|||\u00bb collapsed=\u00bboff\u00bb global_colors_info=\u00bb{}\u00bb][et_pb_row column_structure=\u00bb1_5,1_5,1_5,1_5,1_5&#8243; use_custom_gutter=\u00bbon\u00bb gutter_width=\u00bb1&#8243; disabled_on=\u00bbon|on|off\u00bb _builder_version=\u00bb4.17.2&#8243; width=\u00bb77%\u00bb max_width=\u00bb2560px\u00bb custom_margin=\u00bb-40px|auto|22px|auto||\u00bb custom_padding=\u00bb18px||16px|||\u00bb border_width_bottom=\u00bb1px\u00bb border_color_bottom=\u00bbrgba(92,92,92,0.24)\u00bb saved_tabs=\u00bball\u00bb locked=\u00bboff\u00bb global_colors_info=\u00bb{}\u00bb][et_pb_column type=\u00bb1_5&#8243; _builder_version=\u00bb4.16&#8243; custom_padding=\u00bb||0px|\u00bb global_colors_info=\u00bb{}\u00bb custom_padding__hover=\u00bb|||\u00bb][et_pb_text _builder_version=\u00bb4.19.5&#8243; text_text_color=\u00bb#919191&#8243; width=\u00bb100%\u00bb custom_margin=\u00bb||0px\u00bb custom_padding=\u00bb||0px\u00bb link_option_url=\u00bbhttps:\/\/staging.wattsmartsavings.net\/washington-residential\/\u00bb z_index_tablet=\u00bb500&#8243; text_text_shadow_horizontal_length_tablet=\u00bb0px\u00bb text_text_shadow_vertical_length_tablet=\u00bb0px\u00bb text_text_shadow_blur_strength_tablet=\u00bb1px\u00bb link_text_shadow_horizontal_length_tablet=\u00bb0px\u00bb link_text_shadow_vertical_length_tablet=\u00bb0px\u00bb link_text_shadow_blur_strength_tablet=\u00bb1px\u00bb ul_text_shadow_horizontal_length_tablet=\u00bb0px\u00bb ul_text_shadow_vertical_length_tablet=\u00bb0px\u00bb ul_text_shadow_blur_strength_tablet=\u00bb1px\u00bb ol_text_shadow_horizontal_length_tablet=\u00bb0px\u00bb ol_text_shadow_vertical_length_tablet=\u00bb0px\u00bb ol_text_shadow_blur_strength_tablet=\u00bb1px\u00bb quote_text_shadow_horizontal_length_tablet=\u00bb0px\u00bb quote_text_shadow_vertical_length_tablet=\u00bb0px\u00bb quote_text_shadow_blur_strength_tablet=\u00bb1px\u00bb header_text_shadow_horizontal_length_tablet=\u00bb0px\u00bb header_text_shadow_vertical_length_tablet=\u00bb0px\u00bb header_text_shadow_blur_strength_tablet=\u00bb1px\u00bb header_2_text_shadow_horizontal_length_tablet=\u00bb0px\u00bb header_2_text_shadow_vertical_length_tablet=\u00bb0px\u00bb header_2_text_shadow_blur_strength_tablet=\u00bb1px\u00bb header_3_text_shadow_horizontal_length_tablet=\u00bb0px\u00bb header_3_text_shadow_vertical_length_tablet=\u00bb0px\u00bb header_3_text_shadow_blur_strength_tablet=\u00bb1px\u00bb header_4_text_shadow_horizontal_length_tablet=\u00bb0px\u00bb header_4_text_shadow_vertical_length_tablet=\u00bb0px\u00bb header_4_text_shadow_blur_strength_tablet=\u00bb1px\u00bb header_5_text_shadow_horizontal_length_tablet=\u00bb0px\u00bb header_5_text_shadow_vertical_length_tablet=\u00bb0px\u00bb header_5_text_shadow_blur_strength_tablet=\u00bb1px\u00bb header_6_text_shadow_horizontal_length_tablet=\u00bb0px\u00bb header_6_text_shadow_vertical_length_tablet=\u00bb0px\u00bb header_6_text_shadow_blur_strength_tablet=\u00bb1px\u00bb box_shadow_horizontal_tablet=\u00bb0px\u00bb box_shadow_vertical_tablet=\u00bb0px\u00bb box_shadow_blur_tablet=\u00bb40px\u00bb box_shadow_spread_tablet=\u00bb0px\u00bb global_colors_info=\u00bb{}\u00bb]<\/p>\n<p style=\"text-align: center;\"><a id=\"subhead-fac-main\" style=\"color: #196fb6;\" href=\"https:\/\/staging.wattsmartsavings.net\/es\/residencial-washington\/\"><strong>ENCUENTRE AHORROS<\/strong><\/a><\/p>\n<p>[\/et_pb_text][\/et_pb_column][et_pb_column type=\u00bb1_5&#8243; _builder_version=\u00bb4.16&#8243; custom_padding=\u00bb||0px|\u00bb global_colors_info=\u00bb{}\u00bb custom_padding__hover=\u00bb|||\u00bb][et_pb_text _builder_version=\u00bb4.16&#8243; text_font=\u00bb||||||||\u00bb custom_margin=\u00bb||0px|||\u00bb custom_padding=\u00bb||0px\u00bb link_option_url=\u00bb#\u00bb global_colors_info=\u00bb{}\u00bb]<\/p>\n<p style=\"text-align: center;\"><a href=\"https:\/\/pacificpowervendor.force.com\/tradeally\/s\/find-residential-vendor?sector=Residential\" style=\"color: #196fb6;\" id=\"subnav-find-a-contractor-main\" target=\"_blank\" rel=\"noopener noreferrer\"><strong>ENCONTRAR UN CONTRATISTA<\/strong><\/a><\/p>\n<p>[\/et_pb_text][\/et_pb_column][et_pb_column type=\u00bb1_5&#8243; _builder_version=\u00bb4.16&#8243; custom_padding=\u00bb||0px|\u00bb global_colors_info=\u00bb{}\u00bb custom_padding__hover=\u00bb|||\u00bb][et_pb_text _builder_version=\u00bb4.16&#8243; custom_margin=\u00bb0px||0px\u00bb custom_padding=\u00bb||0px\u00bb link_option_url=\u00bb#\u00bb global_colors_info=\u00bb{}\u00bb]<\/p>\n<p style=\"text-align: center;\"><a href=\"https:\/\/pacificorpdsmc.traksmart.com\/traksmart4\/html\/pux\/application-search\" style=\"color: #196fb6;\"><strong>ESTADO DE LA SOLICITUD<\/strong><\/a><\/p>\n<p>[\/et_pb_text][\/et_pb_column][et_pb_column type=\u00bb1_5&#8243; _builder_version=\u00bb4.16&#8243; custom_padding=\u00bb||0px|\u00bb global_colors_info=\u00bb{}\u00bb custom_padding__hover=\u00bb|||\u00bb][et_pb_text _builder_version=\u00bb4.16&#8243; custom_margin=\u00bb||0px\u00bb custom_padding=\u00bb||0px\u00bb link_option_url=\u00bb#\u00bb global_colors_info=\u00bb{}\u00bb]<\/p>\n<p style=\"text-align: center;\"><a href=\"https:\/\/staging.wattsmartsavings.net\/es\/?page_id=14864\" style=\"color: #196fb6\" id=\"subnav-customer-support\"><strong>ATENCI\u00d3N AL CLIENTE<\/strong><\/a><\/p>\n<p>[\/et_pb_text][\/et_pb_column][et_pb_column type=\u00bb1_5&#8243; _builder_version=\u00bb4.17.2&#8243; custom_padding=\u00bb||0px|\u00bb global_colors_info=\u00bb{}\u00bb custom_padding__hover=\u00bb|||\u00bb][et_pb_text _builder_version=\u00bb4.18.0&#8243; custom_margin=\u00bb||0px\u00bb custom_padding=\u00bb||0px\u00bb link_option_url=\u00bb#\u00bb global_colors_info=\u00bb{}\u00bb]<\/p>\n<p style=\"text-align: center;\"><a href=\"https:\/\/staging.wattsmartsavings.net\/es\/?page_id=14855\" style=\"color: #196fb6;\"><b>FINANCIACI\u00d3N<\/b><\/a><\/p>\n<p>[\/et_pb_text][\/et_pb_column][\/et_pb_row][\/et_pb_section][et_pb_section fb_built=\u00bb1&#8243; _builder_version=\u00bb4.16&#8243; custom_padding=\u00bb4px|||||\u00bb global_colors_info=\u00bb{}\u00bb][et_pb_row column_structure=\u00bb2_5,3_5&#8243; padding_top_bottom_link_1=\u00bbtrue\u00bb padding_left_right_link_1=\u00bbtrue\u00bb _builder_version=\u00bb4.16&#8243; custom_padding=\u00bb13px||27px|||\u00bb global_colors_info=\u00bb{}\u00bb][et_pb_column type=\u00bb2_5&#8243; _builder_version=\u00bb4.16&#8243; custom_padding=\u00bb1vw||1vw|\u00bb global_colors_info=\u00bb{}\u00bb custom_padding__hover=\u00bb|||\u00bb][et_pb_text disabled_on=\u00bbon|on|off\u00bb _builder_version=\u00bb4.27.4&#8243; text_font=\u00bb||||||||\u00bb text_letter_spacing=\u00bb0.25px\u00bb text_line_height=\u00bb2.2em\u00bb link_text_color=\u00bb#5c5c5c\u00bb header_font=\u00bb||||||||\u00bb header_2_font=\u00bb|800|||||||\u00bb header_2_font_size=\u00bb18px\u00bb width=\u00bb95.5%\u00bb custom_padding=\u00bb22px|0px|22px|0px|true|true\u00bb hover_enabled=\u00bb0&#8243; z_index_tablet=\u00bb500&#8243; text_text_shadow_horizontal_length_tablet=\u00bb0px\u00bb text_text_shadow_vertical_length_tablet=\u00bb0px\u00bb text_text_shadow_blur_strength_tablet=\u00bb1px\u00bb link_text_shadow_horizontal_length_tablet=\u00bb0px\u00bb link_text_shadow_vertical_length_tablet=\u00bb0px\u00bb link_text_shadow_blur_strength_tablet=\u00bb1px\u00bb ul_text_shadow_horizontal_length_tablet=\u00bb0px\u00bb ul_text_shadow_vertical_length_tablet=\u00bb0px\u00bb ul_text_shadow_blur_strength_tablet=\u00bb1px\u00bb ol_text_shadow_horizontal_length_tablet=\u00bb0px\u00bb ol_text_shadow_vertical_length_tablet=\u00bb0px\u00bb ol_text_shadow_blur_strength_tablet=\u00bb1px\u00bb quote_text_shadow_horizontal_length_tablet=\u00bb0px\u00bb quote_text_shadow_vertical_length_tablet=\u00bb0px\u00bb quote_text_shadow_blur_strength_tablet=\u00bb1px\u00bb header_text_shadow_horizontal_length_tablet=\u00bb0px\u00bb header_text_shadow_vertical_length_tablet=\u00bb0px\u00bb header_text_shadow_blur_strength_tablet=\u00bb1px\u00bb header_2_text_shadow_horizontal_length_tablet=\u00bb0px\u00bb header_2_text_shadow_vertical_length_tablet=\u00bb0px\u00bb header_2_text_shadow_blur_strength_tablet=\u00bb1px\u00bb header_3_text_shadow_horizontal_length_tablet=\u00bb0px\u00bb header_3_text_shadow_vertical_length_tablet=\u00bb0px\u00bb header_3_text_shadow_blur_strength_tablet=\u00bb1px\u00bb header_4_text_shadow_horizontal_length_tablet=\u00bb0px\u00bb header_4_text_shadow_vertical_length_tablet=\u00bb0px\u00bb header_4_text_shadow_blur_strength_tablet=\u00bb1px\u00bb header_5_text_shadow_horizontal_length_tablet=\u00bb0px\u00bb header_5_text_shadow_vertical_length_tablet=\u00bb0px\u00bb header_5_text_shadow_blur_strength_tablet=\u00bb1px\u00bb header_6_text_shadow_horizontal_length_tablet=\u00bb0px\u00bb header_6_text_shadow_vertical_length_tablet=\u00bb0px\u00bb header_6_text_shadow_blur_strength_tablet=\u00bb1px\u00bb box_shadow_style=\u00bbpreset1&#8243; box_shadow_blur=\u00bb23px\u00bb box_shadow_spread=\u00bb-1px\u00bb saved_tabs=\u00bball\u00bb global_colors_info=\u00bb{}\u00bb sticky_enabled=\u00bb0&#8243;]<\/p>\n<h2 style=\"padding-left: 20px; padding-bottom: 20px; padding-top: 0px; border-bottom: solid #cdcdcd 1px;\">Customer Support<\/h2>\n<p style=\"padding-left: 20px; padding-bottom: 5px; padding-top: 5px;\"><a id=\"hoverlinkblue1\" href=\"https:\/\/staging.wattsmartsavings.net\/es\/?page_id=14864\" title=\"Appliances - Find Savings\"><strong>Preguntas frequentes<\/strong><\/a><\/p>\n<p style=\"padding-left: 20px; padding-bottom: 5px; padding-top: 5px;\"><strong><a id=\"hoverlinkblue5\" href=\"https:\/\/staging.wattsmartsavings.net\/es\/residencial-washington\/contactenos-wa\/\" title=\"Multifamily - Find Savings\">Cont\u00e1ctenos<\/a><\/strong><\/p>\n<p style=\"padding-left: 20px; padding-bottom: 5px; padding-top: 5px;\"><strong><a id=\"hoverlinkblue1\" href=\"https:\/\/pacificorpdsmc.traksmart.com\/traksmart4\/html\/pux\/application-search\" title=\"Appliances - Find Savings\">Estado de la solicitud<\/a><\/strong><\/p>\n<p style=\"background-color: #d6efff; color: #000; padding-left: 20px; padding-bottom: 5px; padding-top: 5px;\"><a id=\"hoverlinkblue2\" href=\"https:\/\/staging.wattsmartsavings.net\/es\/residencial-washington\/productos-calificados-wa\/\" title=\"Heating and Cooling - Find Savings\"><strong>Productos Calificados<\/strong><\/a><\/p>\n<p style=\"padding-left: 20px; padding-bottom: 5px; padding-top: 5px;\"><strong><a href=\"https:\/\/staging.wattsmartsavings.net\/es\/residencial-washington\/atencion-al-cliente-de-viviendas-multifamiliares-wa\/\">Atenci\u00f3n al cliente de viviendas multifamiliares<\/a><\/strong><\/p>\n<p style=\"padding-left: 20px; padding-bottom: 5px; padding-top: 5px;\"><a id=\"hoverlinkblue4\" href=\"https:\/\/staging.wattsmartsavings.net\/es\/residencial-washington\/en-espanol-wa\/\" title=\"Light Fixtures - Find Savings\"><strong>En<\/strong> <strong>Espa\u00f1ol<\/strong><\/a><\/p>\n<p style=\"padding-left: 20px; padding-bottom: 5px; padding-top: 5px;\"><a id=\"hoverlinkblue5\" href=\"https:\/\/staging.wattsmartsavings.net\/es\/residencial-washington\/aviso-de-privacidad-wa\/\"><strong>Pol\u00edtica de privacidad<\/strong><\/a><\/p>\n<p>[\/et_pb_text][\/et_pb_column][et_pb_column type=\u00bb3_5&#8243; _builder_version=\u00bb4.16&#8243; custom_padding=\u00bb|||\u00bb global_colors_info=\u00bb{}\u00bb custom_padding__hover=\u00bb|||\u00bb][et_pb_text _builder_version=\u00bb4.16&#8243; header_font=\u00bb|600|||||||\u00bb custom_margin=\u00bb||14px|||\u00bb global_colors_info=\u00bb{}\u00bb]<\/p>\n<h1>Productos calificados<\/h1>\n<p>[\/et_pb_text][et_pb_text _builder_version=\u00bb4.21.0&#8243; header_font=\u00bb|600|||||||\u00bb header_2_font=\u00bb|600|||||||\u00bb header_2_font_size=\u00bb21px\u00bb custom_margin=\u00bb||14px|||\u00bb z_index_tablet=\u00bb500&#8243; text_text_shadow_horizontal_length_tablet=\u00bb0px\u00bb text_text_shadow_vertical_length_tablet=\u00bb0px\u00bb text_text_shadow_blur_strength_tablet=\u00bb1px\u00bb link_text_shadow_horizontal_length_tablet=\u00bb0px\u00bb link_text_shadow_vertical_length_tablet=\u00bb0px\u00bb link_text_shadow_blur_strength_tablet=\u00bb1px\u00bb ul_text_shadow_horizontal_length_tablet=\u00bb0px\u00bb ul_text_shadow_vertical_length_tablet=\u00bb0px\u00bb ul_text_shadow_blur_strength_tablet=\u00bb1px\u00bb ol_text_shadow_horizontal_length_tablet=\u00bb0px\u00bb ol_text_shadow_vertical_length_tablet=\u00bb0px\u00bb ol_text_shadow_blur_strength_tablet=\u00bb1px\u00bb quote_text_shadow_horizontal_length_tablet=\u00bb0px\u00bb quote_text_shadow_vertical_length_tablet=\u00bb0px\u00bb quote_text_shadow_blur_strength_tablet=\u00bb1px\u00bb header_text_shadow_horizontal_length_tablet=\u00bb0px\u00bb header_text_shadow_vertical_length_tablet=\u00bb0px\u00bb header_text_shadow_blur_strength_tablet=\u00bb1px\u00bb header_2_text_shadow_horizontal_length_tablet=\u00bb0px\u00bb header_2_text_shadow_vertical_length_tablet=\u00bb0px\u00bb header_2_text_shadow_blur_strength_tablet=\u00bb1px\u00bb header_3_text_shadow_horizontal_length_tablet=\u00bb0px\u00bb header_3_text_shadow_vertical_length_tablet=\u00bb0px\u00bb header_3_text_shadow_blur_strength_tablet=\u00bb1px\u00bb header_4_text_shadow_horizontal_length_tablet=\u00bb0px\u00bb header_4_text_shadow_vertical_length_tablet=\u00bb0px\u00bb header_4_text_shadow_blur_strength_tablet=\u00bb1px\u00bb header_5_text_shadow_horizontal_length_tablet=\u00bb0px\u00bb header_5_text_shadow_vertical_length_tablet=\u00bb0px\u00bb header_5_text_shadow_blur_strength_tablet=\u00bb1px\u00bb header_6_text_shadow_horizontal_length_tablet=\u00bb0px\u00bb header_6_text_shadow_vertical_length_tablet=\u00bb0px\u00bb header_6_text_shadow_blur_strength_tablet=\u00bb1px\u00bb box_shadow_horizontal_tablet=\u00bb0px\u00bb box_shadow_vertical_tablet=\u00bb0px\u00bb box_shadow_blur_tablet=\u00bb40px\u00bb box_shadow_spread_tablet=\u00bb0px\u00bb global_colors_info=\u00bb{}\u00bb]<\/p>\n<p>Para ver las calificaciones del equipo o una lista de productos calificados, haga clic en el bot\u00f3n correspondiente.<br \/> Enlace a continuaci\u00f3n.<\/p>\n<h2>Accesorios<\/h2>\n<p><a href=\"https:\/\/staging.wattsmartsavings.net\/washington-residential\/qualified-products-wa\/wa-clotheswashers-qpl\/\" target=\"_blank\" rel=\"noopener noreferrer\">Lavadoras de ropa<\/a><\/p>\n<p><a href=\"https:\/\/staging.wattsmartsavings.net\/washington-residential\/qualified-products-wa\/wa-heatpumpclothesdryer-qpl\/\" target=\"_blank\" rel=\"noopener noreferrer\">Secadoras de ropa con bomba de calor<\/a><\/p>\n<h2>Fontaner\u00eda y calefacci\u00f3n de agua<\/h2>\n<p><a href=\"https:\/\/staging.wattsmartsavings.net\/washington-residential\/qualified-products-wa\/wa-heatpumpwaterheaters-qpl\/\" target=\"_blank\" rel=\"noopener noreferrer\">Calentadores de agua con bomba de calor<\/a><\/p>\n<h2>Calefacci\u00f3n y enfriamiento<\/h2>\n<p><a href=\"https:\/\/staging.wattsmartsavings.net\/washington-residential\/qualified-products-wa\/wa-smartthermostat-qpl\/\" target=\"_blank\" rel=\"noopener noreferrer\">Termostatos inteligentes<\/a><\/p>\n<p><a href=\"https:\/\/staging.wattsmartsavings.net\/es\/residencial-washington\/productos-calificados-wa\/termostato-de-voltaje-de-linea-electrica-wa-qpl\/\" target=\"_blank\" rel=\"noopener noreferrer\">Termostatos de voltaje de l\u00ednea el\u00e9ctrica<\/a><\/p>\n<p>[\/et_pb_text][\/et_pb_column][\/et_pb_row][et_pb_row disabled_on=\u00bboff|off|on\u00bb _builder_version=\u00bb4.16&#8243; width_tablet=\u00bb\u00bb width_phone=\u00bb95%\u00bb width_last_edited=\u00bbon|phone\u00bb custom_padding=\u00bb|||\u00bb global_colors_info=\u00bb{}\u00bb][et_pb_column type=\u00bb4_4&#8243; _builder_version=\u00bb4.16&#8243; custom_padding=\u00bb|||\u00bb global_colors_info=\u00bb{}\u00bb custom_padding__hover=\u00bb|||\u00bb][et_pb_text disabled_on=\u00bboff|off|on\u00bb _builder_version=\u00bb4.16&#8243; text_font=\u00bb||||||||\u00bb text_letter_spacing=\u00bb0.25px\u00bb text_line_height=\u00bb2.2em\u00bb link_text_color=\u00bb#5c5c5c\u00bb header_font=\u00bb||||||||\u00bb header_2_font=\u00bb|800|||||||\u00bb header_2_font_size=\u00bb18px\u00bb width=\u00bb95.5%\u00bb custom_padding=\u00bb22px|0px|22px|0px|true|true\u00bb z_index_tablet=\u00bb500&#8243; text_text_shadow_horizontal_length_tablet=\u00bb0px\u00bb text_text_shadow_vertical_length_tablet=\u00bb0px\u00bb text_text_shadow_blur_strength_tablet=\u00bb1px\u00bb link_text_shadow_horizontal_length_tablet=\u00bb0px\u00bb link_text_shadow_vertical_length_tablet=\u00bb0px\u00bb link_text_shadow_blur_strength_tablet=\u00bb1px\u00bb ul_text_shadow_horizontal_length_tablet=\u00bb0px\u00bb ul_text_shadow_vertical_length_tablet=\u00bb0px\u00bb ul_text_shadow_blur_strength_tablet=\u00bb1px\u00bb ol_text_shadow_horizontal_length_tablet=\u00bb0px\u00bb ol_text_shadow_vertical_length_tablet=\u00bb0px\u00bb ol_text_shadow_blur_strength_tablet=\u00bb1px\u00bb quote_text_shadow_horizontal_length_tablet=\u00bb0px\u00bb quote_text_shadow_vertical_length_tablet=\u00bb0px\u00bb quote_text_shadow_blur_strength_tablet=\u00bb1px\u00bb header_text_shadow_horizontal_length_tablet=\u00bb0px\u00bb header_text_shadow_vertical_length_tablet=\u00bb0px\u00bb header_text_shadow_blur_strength_tablet=\u00bb1px\u00bb header_2_text_shadow_horizontal_length_tablet=\u00bb0px\u00bb header_2_text_shadow_vertical_length_tablet=\u00bb0px\u00bb header_2_text_shadow_blur_strength_tablet=\u00bb1px\u00bb header_3_text_shadow_horizontal_length_tablet=\u00bb0px\u00bb header_3_text_shadow_vertical_length_tablet=\u00bb0px\u00bb header_3_text_shadow_blur_strength_tablet=\u00bb1px\u00bb header_4_text_shadow_horizontal_length_tablet=\u00bb0px\u00bb header_4_text_shadow_vertical_length_tablet=\u00bb0px\u00bb header_4_text_shadow_blur_strength_tablet=\u00bb1px\u00bb header_5_text_shadow_horizontal_length_tablet=\u00bb0px\u00bb header_5_text_shadow_vertical_length_tablet=\u00bb0px\u00bb header_5_text_shadow_blur_strength_tablet=\u00bb1px\u00bb header_6_text_shadow_horizontal_length_tablet=\u00bb0px\u00bb header_6_text_shadow_vertical_length_tablet=\u00bb0px\u00bb header_6_text_shadow_blur_strength_tablet=\u00bb1px\u00bb box_shadow_style=\u00bbpreset1&#8243; box_shadow_blur=\u00bb23px\u00bb box_shadow_spread=\u00bb-1px\u00bb global_colors_info=\u00bb{}\u00bb]<\/p>\n<h2 style=\"padding-left: 20px; padding-bottom: 20px; padding-top: 0px; border-bottom: solid #cdcdcd 1px;\">Atenci\u00f3n al cliente<\/h2>\n<p style=\"padding-left: 20px; padding-bottom: 5px; padding-top: 5px;\"><a id=\"hoverlinkblue1\" href=\"https:\/\/staging.wattsmartsavings.net\/washington-residential\/faqs-wa\/\" title=\"Electrodom\u00e9sticos - Encuentra ahorros\"><strong>Preguntas frecuentes<\/strong><\/a><\/p>\n<p style=\"padding-left: 20px; padding-bottom: 5px; padding-top: 5px;\"><strong><a id=\"hoverlinkblue1\" href=\"https:\/\/staging.wattsmartsavings.net\/es\/residencial-washington\/contactenos-wa\/\" title=\"Electrodom\u00e9sticos - Encuentra ahorros\">Estado de la solicitud<\/a><\/strong><\/p>\n<p style=\"background-color: #d6efff; color: #000; padding-left: 20px; padding-bottom: 5px; padding-top: 5px;\"><a id=\"hoverlinkblue2\" href=\"https:\/\/staging.wattsmartsavings.net\/es\/residencial-washington\/productos-calificados-wa\/\" title=\"Calefacci\u00f3n y enfriamiento: encuentre ahorros\"><strong>Productos calificados<\/strong><\/a><\/p>\n<p style=\"padding-left: 20px; padding-bottom: 5px; padding-top: 5px;\"><strong><a href=\"https:\/\/staging.wattsmartsavings.net\/washington-residential\/multifamily-customer-support-wa\/\">Atenci\u00f3n al cliente de viviendas multifamiliares<\/a><\/strong><\/p>\n<p style=\"  padding-left: 20px; padding-bottom: 5px; padding-top: 5px;\"><a id=\"hoverlinkblue4\" href=\"https:\/\/staging.wattsmartsavings.net\/es\/residencial-washington\/en-espanol-wa\/\" title=\"Artefactos de iluminaci\u00f3n: encuentre ahorros\"><strong>En<\/strong> <strong>espa\u00f1ol<\/strong><\/a><\/p>\n<p style=\"padding-left: 20px; padding-bottom: 5px; padding-top: 5px;\"><a id=\"hoverlinkblue5\" href=\"https:\/\/staging.wattsmartsavings.net\/es\/residencial-washington\/contactenos-wa\/\" title=\"Multifamiliar - Encuentre ahorros\"><strong>Cont\u00e1ctenos<\/strong><\/a><\/p>\n<p style=\"padding-left: 20px; padding-bottom: 5px; padding-top: 5px;\"><a id=\"hoverlinkblue5\" href=\"https:\/\/staging.wattsmartsavings.net\/washington-residential\/privacy-notice-wa\/\"><strong>Pol\u00edtica de Privacidad<\/strong><\/a><\/p>\n<p>[\/et_pb_text][\/et_pb_column][\/et_pb_row][\/et_pb_section]<\/p>\n","protected":false},"excerpt":{"rendered":"<p>ENCUENTRE AHORROSENCONTRAR UN CONTRATISTAESTADO DE LA SOLICITUDATENCI\u00d3N AL CLIENTEFINANCIACI\u00d3NCustomer Support Preguntas frequentes Cont\u00e1ctenos Estado de la solicitud Productos Calificados Atenci\u00f3n al cliente de viviendas multifamiliares En Espa\u00f1ol Pol\u00edtica de privacidadProductos calificados Para ver las calificaciones del equipo o una lista de productos calificados, haga clic en el bot\u00f3n correspondiente. Enlace a continuaci\u00f3n. Accesorios Lavadoras de [&hellip;]<\/p>\n","protected":false},"author":13,"featured_media":0,"parent":15112,"menu_order":0,"comment_status":"closed","ping_status":"closed","template":"","meta":{"_et_pb_use_builder":"on","_et_pb_old_content":"","_et_gb_content_width":"","inline_featured_image":false,"footnotes":""},"class_list":["post-15018","page","type-page","status-publish","hentry"],"_links":{"self":[{"href":"https:\/\/staging.wattsmartsavings.net\/es\/wp-json\/wp\/v2\/pages\/15018","targetHints":{"allow":["GET"]}}],"collection":[{"href":"https:\/\/staging.wattsmartsavings.net\/es\/wp-json\/wp\/v2\/pages"}],"about":[{"href":"https:\/\/staging.wattsmartsavings.net\/es\/wp-json\/wp\/v2\/types\/page"}],"author":[{"embeddable":true,"href":"https:\/\/staging.wattsmartsavings.net\/es\/wp-json\/wp\/v2\/users\/13"}],"replies":[{"embeddable":true,"href":"https:\/\/staging.wattsmartsavings.net\/es\/wp-json\/wp\/v2\/comments?post=15018"}],"version-history":[{"count":3,"href":"https:\/\/staging.wattsmartsavings.net\/es\/wp-json\/wp\/v2\/pages\/15018\/revisions"}],"predecessor-version":[{"id":15645,"href":"https:\/\/staging.wattsmartsavings.net\/es\/wp-json\/wp\/v2\/pages\/15018\/revisions\/15645"}],"up":[{"embeddable":true,"href":"https:\/\/staging.wattsmartsavings.net\/es\/wp-json\/wp\/v2\/pages\/15112"}],"wp:attachment":[{"href":"https:\/\/staging.wattsmartsavings.net\/es\/wp-json\/wp\/v2\/media?parent=15018"}],"curies":[{"name":"wp","href":"https:\/\/api.w.org\/{rel}","templated":true}]}}