{"id":15143,"date":"2019-05-23T22:54:23","date_gmt":"2019-05-23T22:54:23","guid":{"rendered":"https:\/\/staging.wattsmartsavings.net\/residencial-washington\/encuentre-ahorros-electrodomesticos-wa\/lavadoras-de-ropa-wa\/"},"modified":"2025-01-22T23:46:52","modified_gmt":"2025-01-22T23:46:52","slug":"lavadoras-de-ropa-wa","status":"publish","type":"page","link":"https:\/\/staging.wattsmartsavings.net\/es\/residencial-washington\/encuentre-ahorros-electrodomesticos-wa\/lavadoras-de-ropa-wa\/","title":{"rendered":"Lavadoras de ropa &#8211; WA"},"content":{"rendered":"<p>[et_pb_section fb_built=\u00bb1&#8243; disabled_on=\u00bboff|off|off\u00bb admin_label=\u00bbSection\u00bb _builder_version=\u00bb4.6.1&#8243; custom_padding=\u00bb||0px|||\u00bb global_module=\u00bb2143&#8243; collapsed=\u00bboff\u00bb global_colors_info=\u00bb{}\u00bb][et_pb_row column_structure=\u00bb1_5,1_5,1_5,1_5,1_5&#8243; use_custom_gutter=\u00bbon\u00bb gutter_width=\u00bb1&#8243; disabled_on=\u00bbon|on|off\u00bb _builder_version=\u00bb4.17.2&#8243; width=\u00bb77%\u00bb max_width=\u00bb2560px\u00bb custom_margin=\u00bb-40px|auto|22px|auto||\u00bb custom_padding=\u00bb18px||16px|||\u00bb border_width_bottom=\u00bb1px\u00bb border_color_bottom=\u00bbrgba(92,92,92,0.24)\u00bb saved_tabs=\u00bball\u00bb locked=\u00bboff\u00bb global_colors_info=\u00bb{}\u00bb][et_pb_column type=\u00bb1_5&#8243; _builder_version=\u00bb4.16&#8243; custom_padding=\u00bb||0px|\u00bb global_colors_info=\u00bb{}\u00bb custom_padding__hover=\u00bb|||\u00bb][et_pb_text _builder_version=\u00bb4.19.5&#8243; text_text_color=\u00bb#919191&#8243; width=\u00bb100%\u00bb custom_margin=\u00bb||0px\u00bb custom_padding=\u00bb||0px\u00bb link_option_url=\u00bbhttps:\/\/staging.wattsmartsavings.net\/washington-residential\/\u00bb z_index_tablet=\u00bb500&#8243; text_text_shadow_horizontal_length_tablet=\u00bb0px\u00bb text_text_shadow_vertical_length_tablet=\u00bb0px\u00bb text_text_shadow_blur_strength_tablet=\u00bb1px\u00bb link_text_shadow_horizontal_length_tablet=\u00bb0px\u00bb link_text_shadow_vertical_length_tablet=\u00bb0px\u00bb link_text_shadow_blur_strength_tablet=\u00bb1px\u00bb ul_text_shadow_horizontal_length_tablet=\u00bb0px\u00bb ul_text_shadow_vertical_length_tablet=\u00bb0px\u00bb ul_text_shadow_blur_strength_tablet=\u00bb1px\u00bb ol_text_shadow_horizontal_length_tablet=\u00bb0px\u00bb ol_text_shadow_vertical_length_tablet=\u00bb0px\u00bb ol_text_shadow_blur_strength_tablet=\u00bb1px\u00bb quote_text_shadow_horizontal_length_tablet=\u00bb0px\u00bb quote_text_shadow_vertical_length_tablet=\u00bb0px\u00bb quote_text_shadow_blur_strength_tablet=\u00bb1px\u00bb header_text_shadow_horizontal_length_tablet=\u00bb0px\u00bb header_text_shadow_vertical_length_tablet=\u00bb0px\u00bb header_text_shadow_blur_strength_tablet=\u00bb1px\u00bb header_2_text_shadow_horizontal_length_tablet=\u00bb0px\u00bb header_2_text_shadow_vertical_length_tablet=\u00bb0px\u00bb header_2_text_shadow_blur_strength_tablet=\u00bb1px\u00bb header_3_text_shadow_horizontal_length_tablet=\u00bb0px\u00bb header_3_text_shadow_vertical_length_tablet=\u00bb0px\u00bb header_3_text_shadow_blur_strength_tablet=\u00bb1px\u00bb header_4_text_shadow_horizontal_length_tablet=\u00bb0px\u00bb header_4_text_shadow_vertical_length_tablet=\u00bb0px\u00bb header_4_text_shadow_blur_strength_tablet=\u00bb1px\u00bb header_5_text_shadow_horizontal_length_tablet=\u00bb0px\u00bb header_5_text_shadow_vertical_length_tablet=\u00bb0px\u00bb header_5_text_shadow_blur_strength_tablet=\u00bb1px\u00bb header_6_text_shadow_horizontal_length_tablet=\u00bb0px\u00bb header_6_text_shadow_vertical_length_tablet=\u00bb0px\u00bb header_6_text_shadow_blur_strength_tablet=\u00bb1px\u00bb box_shadow_horizontal_tablet=\u00bb0px\u00bb box_shadow_vertical_tablet=\u00bb0px\u00bb box_shadow_blur_tablet=\u00bb40px\u00bb box_shadow_spread_tablet=\u00bb0px\u00bb global_colors_info=\u00bb{}\u00bb]<\/p>\n<p style=\"text-align: center;\"><a id=\"subhead-fac-main\" style=\"color: #196fb6;\" href=\"https:\/\/staging.wattsmartsavings.net\/es\/residencial-washington\/\"><strong>ENCUENTRE AHORROS<\/strong><\/a><\/p>\n<p>[\/et_pb_text][\/et_pb_column][et_pb_column type=\u00bb1_5&#8243; _builder_version=\u00bb4.16&#8243; custom_padding=\u00bb||0px|\u00bb global_colors_info=\u00bb{}\u00bb custom_padding__hover=\u00bb|||\u00bb][et_pb_text _builder_version=\u00bb4.16&#8243; text_font=\u00bb||||||||\u00bb custom_margin=\u00bb||0px|||\u00bb custom_padding=\u00bb||0px\u00bb link_option_url=\u00bb#\u00bb global_colors_info=\u00bb{}\u00bb]<\/p>\n<p style=\"text-align: center;\"><a href=\"https:\/\/pacificpowervendor.force.com\/tradeally\/s\/find-residential-vendor?sector=Residential\" style=\"color: #196fb6;\" id=\"subnav-find-a-contractor-main\" target=\"_blank\" rel=\"noopener noreferrer\"><strong>ENCONTRAR UN CONTRATISTA<\/strong><\/a><\/p>\n<p>[\/et_pb_text][\/et_pb_column][et_pb_column type=\u00bb1_5&#8243; _builder_version=\u00bb4.16&#8243; custom_padding=\u00bb||0px|\u00bb global_colors_info=\u00bb{}\u00bb custom_padding__hover=\u00bb|||\u00bb][et_pb_text _builder_version=\u00bb4.16&#8243; custom_margin=\u00bb0px||0px\u00bb custom_padding=\u00bb||0px\u00bb link_option_url=\u00bb#\u00bb global_colors_info=\u00bb{}\u00bb]<\/p>\n<p style=\"text-align: center;\"><a href=\"https:\/\/pacificorpdsmc.traksmart.com\/traksmart4\/html\/pux\/application-search\" style=\"color: #196fb6;\"><strong>ESTADO DE LA SOLICITUD<\/strong><\/a><\/p>\n<p>[\/et_pb_text][\/et_pb_column][et_pb_column type=\u00bb1_5&#8243; _builder_version=\u00bb4.16&#8243; custom_padding=\u00bb||0px|\u00bb global_colors_info=\u00bb{}\u00bb custom_padding__hover=\u00bb|||\u00bb][et_pb_text _builder_version=\u00bb4.16&#8243; custom_margin=\u00bb||0px\u00bb custom_padding=\u00bb||0px\u00bb link_option_url=\u00bb#\u00bb global_colors_info=\u00bb{}\u00bb]<\/p>\n<p style=\"text-align: center;\"><a href=\"https:\/\/staging.wattsmartsavings.net\/es\/?page_id=14864\" style=\"color: #196fb6\" id=\"subnav-customer-support\"><strong>ATENCI\u00d3N AL CLIENTE<\/strong><\/a><\/p>\n<p>[\/et_pb_text][\/et_pb_column][et_pb_column type=\u00bb1_5&#8243; _builder_version=\u00bb4.17.2&#8243; custom_padding=\u00bb||0px|\u00bb global_colors_info=\u00bb{}\u00bb custom_padding__hover=\u00bb|||\u00bb][et_pb_text _builder_version=\u00bb4.18.0&#8243; custom_margin=\u00bb||0px\u00bb custom_padding=\u00bb||0px\u00bb link_option_url=\u00bb#\u00bb global_colors_info=\u00bb{}\u00bb]<\/p>\n<p style=\"text-align: center;\"><a href=\"https:\/\/staging.wattsmartsavings.net\/es\/?page_id=14855\" style=\"color: #196fb6;\"><b>FINANCIACI\u00d3N<\/b><\/a><\/p>\n<p>[\/et_pb_text][\/et_pb_column][\/et_pb_row][\/et_pb_section][et_pb_section fb_built=\u00bb1&#8243; _builder_version=\u00bb4.16&#8243; custom_margin=\u00bb1px|||||\u00bb custom_padding=\u00bb3px|||||\u00bb global_colors_info=\u00bb{}\u00bb][et_pb_row column_structure=\u00bb1_3,2_3&#8243; use_custom_gutter=\u00bbon\u00bb gutter_width=\u00bb1&#8243; padding_top_bottom_link_2=\u00bbtrue\u00bb padding_left_right_link_2=\u00bbtrue\u00bb disabled_on=\u00bbon|on|off\u00bb module_class=\u00bbpa-inline-buttons\u00bb _builder_version=\u00bb4.16&#8243; custom_margin=\u00bb1px|auto|-8px|auto||\u00bb global_colors_info=\u00bb{}\u00bb][et_pb_column type=\u00bb1_3&#8243; _builder_version=\u00bb4.16&#8243; custom_padding=\u00bb|||\u00bb global_colors_info=\u00bb{}\u00bb custom_padding__hover=\u00bb|||\u00bb][et_pb_text disabled_on=\u00bbon|on|off\u00bb _builder_version=\u00bb4.16&#8243; text_font=\u00bb||||||||\u00bb text_letter_spacing=\u00bb0.25px\u00bb text_line_height=\u00bb2.2em\u00bb link_text_color=\u00bb#5c5c5c\u00bb header_font=\u00bb||||||||\u00bb header_2_font=\u00bb|800|||||||\u00bb header_2_font_size=\u00bb18px\u00bb width=\u00bb95.5%\u00bb custom_padding=\u00bb22px|0px|22px|0px|true|true\u00bb z_index_tablet=\u00bb500&#8243; text_text_shadow_horizontal_length_tablet=\u00bb0px\u00bb text_text_shadow_vertical_length_tablet=\u00bb0px\u00bb text_text_shadow_blur_strength_tablet=\u00bb1px\u00bb link_text_shadow_horizontal_length_tablet=\u00bb0px\u00bb link_text_shadow_vertical_length_tablet=\u00bb0px\u00bb link_text_shadow_blur_strength_tablet=\u00bb1px\u00bb ul_text_shadow_horizontal_length_tablet=\u00bb0px\u00bb ul_text_shadow_vertical_length_tablet=\u00bb0px\u00bb ul_text_shadow_blur_strength_tablet=\u00bb1px\u00bb ol_text_shadow_horizontal_length_tablet=\u00bb0px\u00bb ol_text_shadow_vertical_length_tablet=\u00bb0px\u00bb ol_text_shadow_blur_strength_tablet=\u00bb1px\u00bb quote_text_shadow_horizontal_length_tablet=\u00bb0px\u00bb quote_text_shadow_vertical_length_tablet=\u00bb0px\u00bb quote_text_shadow_blur_strength_tablet=\u00bb1px\u00bb header_text_shadow_horizontal_length_tablet=\u00bb0px\u00bb header_text_shadow_vertical_length_tablet=\u00bb0px\u00bb header_text_shadow_blur_strength_tablet=\u00bb1px\u00bb header_2_text_shadow_horizontal_length_tablet=\u00bb0px\u00bb header_2_text_shadow_vertical_length_tablet=\u00bb0px\u00bb header_2_text_shadow_blur_strength_tablet=\u00bb1px\u00bb header_3_text_shadow_horizontal_length_tablet=\u00bb0px\u00bb header_3_text_shadow_vertical_length_tablet=\u00bb0px\u00bb header_3_text_shadow_blur_strength_tablet=\u00bb1px\u00bb header_4_text_shadow_horizontal_length_tablet=\u00bb0px\u00bb header_4_text_shadow_vertical_length_tablet=\u00bb0px\u00bb header_4_text_shadow_blur_strength_tablet=\u00bb1px\u00bb header_5_text_shadow_horizontal_length_tablet=\u00bb0px\u00bb header_5_text_shadow_vertical_length_tablet=\u00bb0px\u00bb header_5_text_shadow_blur_strength_tablet=\u00bb1px\u00bb header_6_text_shadow_horizontal_length_tablet=\u00bb0px\u00bb header_6_text_shadow_vertical_length_tablet=\u00bb0px\u00bb header_6_text_shadow_blur_strength_tablet=\u00bb1px\u00bb box_shadow_style=\u00bbpreset1&#8243; box_shadow_blur=\u00bb23px\u00bb box_shadow_spread=\u00bb-1px\u00bb global_colors_info=\u00bb{}\u00bb]<\/p>\n<h2 style=\"padding-left: 20px; padding-bottom: 20px; padding-top: 0px; border-bottom: solid #cdcdcd 1px;\">Accesorios<\/h2>\n<p style=\"padding-left: 20px; padding-bottom: 7px; padding-top: 7px;\"><a id=\"hoverlinkblue8\" title=\"Incentivos para electrodom\u00e9sticos: encuentre ahorros\" href=\"https:\/\/staging.wattsmartsavings.net\/es\/residencial-washington\/encuentre-ahorros-electrodomesticos-wa\/\"><strong>Incentivos para electrodom\u00e9sticos<\/strong><\/a><\/p>\n<p style=\"background-color: #d6efff; color: #000; padding-left: 20px; padding-bottom: 7px; padding-top: 7px;\"><strong>Lavadoras de ropa<\/strong><\/p>\n<p style=\"padding-left: 20px; padding-bottom: 7px; padding-top: 7px;\"><a id=\"hoverlinkblue8\" title=\"Secadoras de ropa con bomba de calor: encuentre ahorros\" href=\"https:\/\/staging.wattsmartsavings.net\/washington-residential\/find-savings-appliances\/heat-pumps-clothes-dryer\/\"><strong>Secadoras de ropa con bomba de calor<\/strong><\/a><\/p>\n<p>[\/et_pb_text][\/et_pb_column][et_pb_column type=\u00bb2_3&#8243; _builder_version=\u00bb4.16&#8243; custom_padding=\u00bb0px|51px|0px|51px\u00bb global_colors_info=\u00bb{}\u00bb custom_padding__hover=\u00bb|||\u00bb][et_pb_text _builder_version=\u00bb4.16&#8243; header_font=\u00bb||||||||\u00bb header_2_font=\u00bb||||||||\u00bb header_2_font_size=\u00bb29px\u00bb global_colors_info=\u00bb{}\u00bb]<\/p>\n<h1><strong>Lavadoras de ropa<\/strong><\/h1>\n<p>[\/et_pb_text][et_pb_image src=\u00bb\/wp-content\/uploads\/2019\/05\/thumbnail_measures_clothes_washers.png\u00bb alt=\u00bbLavadora de ropa en el hogar moderno\u00bb align=\u00bbcenter\u00bb align_tablet=\u00bbcenter\u00bb align_phone=\u00bb\u00bb align_last_edited=\u00bbon|desktop\u00bb _builder_version=\u00bb4.16&#8243; width=\u00bb100%\u00bb custom_margin=\u00bb|||||\u00bb custom_padding=\u00bb|||||\u00bb z_index_tablet=\u00bb500&#8243; box_shadow_horizontal_tablet=\u00bb0px\u00bb box_shadow_vertical_tablet=\u00bb0px\u00bb box_shadow_blur_tablet=\u00bb40px\u00bb box_shadow_spread_tablet=\u00bb0px\u00bb global_colors_info=\u00bb{}\u00bb][\/et_pb_image][et_pb_text _builder_version=\u00bb4.16&#8243; text_font=\u00bb||||||||\u00bb header_font=\u00bb|700|||||||\u00bb header_text_align=\u00bbcenter\u00bb header_text_color=\u00bb#196fb6&#8243; header_2_font=\u00bb|700|||||||\u00bb header_2_text_align=\u00bbcenter\u00bb header_2_text_color=\u00bb#196fb6&#8243; background_color=\u00bb#f5f5f5&#8243; custom_margin=\u00bb|||||\u00bb custom_padding=\u00bb1vw||0.5vw||false\u00bb global_colors_info=\u00bb{}\u00bb]<\/p>\n<h2>Reciba $62 de reembolso en efectivo<\/h2>\n<p>[\/et_pb_text][et_pb_code disabled_on=\u00bbon|on|on\u00bb _builder_version=\u00bb4.16&#8243; z_index_tablet=\u00bb500&#8243; disabled=\u00bbon\u00bb global_colors_info=\u00bb{}\u00bb]<a href=\"https:\/\/csappstest.pacificpower.net\/idm\/login\"><button style=\"background-color: #196fb5; color: white; padding: 10px 20px; font-size: medium; border: none;\">SOLICITE EN L\u00cdNEA<\/button><\/a><!-- [et_pb_line_break_holder] --> <a href=\"https:\/\/staging.wattsmartsavings.net\/apps\/WA\/01-WA-Appliances.pdf\"><button style=\"background-color: #196fb5; color: white; padding: 10px 20px; font-size: medium; border: none;\">SOLICITAR POR CORREO<\/button><\/a><!-- [et_pb_line_break_holder] -->[\/et_pb_code][et_pb_button button_url=\u00bbhttps:\/\/csappstest.pacificpower.net\/idm\/login\u00bb url_new_window=\u00bbon\u00bb button_text=\u00bbSOLICITE EN L\u00cdNEA\u00bb module_id=\u00bbcothes-washers-apply-online-btn\u00bb _builder_version=\u00bb4.16&#8243; _module_preset=\u00bbdefault\u00bb custom_button=\u00bbon\u00bb button_text_size=\u00bb18px\u00bb button_text_color=\u00bb#ffffff\u00bb button_bg_color=\u00bb#196fb6&#8243; button_border_width=\u00bb0px\u00bb button_border_radius=\u00bb0px\u00bb button_icon=\u00bb&#x35;||divi||400&#8243; custom_margin=\u00bb5px|8px|5px||true|false\u00bb global_colors_info=\u00bb{}\u00bb][\/et_pb_button][et_pb_button button_url=\u00bbhttps:\/\/staging.wattsmartsavings.net\/wp-content\/uploads\/WA-HES_APPLIANCES_App_11.18.24.pdf\u00bb url_new_window=\u00bbon\u00bb button_text=\u00bbSOLICITAR POR CORREO\u00bb module_id=\u00bbclothes-washers-apply-by-mail-btn\u00bb _builder_version=\u00bb4.27.4&#8243; _module_preset=\u00bbdefault\u00bb custom_button=\u00bbon\u00bb button_text_size=\u00bb18px\u00bb button_text_color=\u00bb#ffffff\u00bb button_bg_color=\u00bb#196fb6&#8243; button_border_width=\u00bb0px\u00bb button_border_radius=\u00bb0px\u00bb button_icon=\u00bb&#x35;||divi||400&#8243; custom_margin=\u00bb5px|8px|5px||true|false\u00bb hover_enabled=\u00bb0&#8243; global_colors_info=\u00bb{}\u00bb sticky_enabled=\u00bb0&#8243;][\/et_pb_button][\/et_pb_column][\/et_pb_row][et_pb_row _builder_version=\u00bb4.16&#8243; _module_preset=\u00bbdefault\u00bb global_colors_info=\u00bb{}\u00bb][et_pb_column type=\u00bb4_4&#8243; _builder_version=\u00bb4.16&#8243; _module_preset=\u00bbdefault\u00bb global_colors_info=\u00bb{}\u00bb][et_pb_text _builder_version=\u00bb4.16&#8243; text_font=\u00bb||||||||\u00bb text_font_size=\u00bb14.6px\u00bb global_colors_info=\u00bb{}\u00bb]<\/p>\n<h3><span style=\"font-size: large;\"><strong>No deje su factura de energ\u00eda al aire libre<\/strong><\/span><\/h3>\n<p>  Actualice su lavadora de ropa a una eficiente y reciba $62 de reembolso en efectivo por su compra. Estas m\u00e1quinas de alta eficiencia utilizan hasta un 40 por ciento menos de energ\u00eda y agua que los modelos convencionales, lo que le ayuda a ahorrar tiempo, energ\u00eda y dinero con cada carga de ropa.<br \/>\n[\/et_pb_text][et_pb_tabs active_tab_background_color=\u00bb#196fb6&#8243; active_tab_text_color=\u00bb#ffffff\u00bb _builder_version=\u00bb4.27.4&#8243; _module_preset=\u00bbdefault\u00bb tab_font_size=\u00bb16px\u00bb hover_enabled=\u00bb0&#8243; global_colors_info=\u00bb{}\u00bb sticky_enabled=\u00bb0&#8243;][et_pb_tab title=\u00bbCualificaciones e incentivos\u00bb _builder_version=\u00bb4.27.4&#8243; _module_preset=\u00bbdefault\u00bb hover_enabled=\u00bb0&#8243; global_colors_info=\u00bb{}\u00bb sticky_enabled=\u00bb0&#8243;]<\/p>\n<table border=\"1\" style=\"width: 100%; border-collapse: collapse; border-style: solid; border-color: Black;\">\n<tbody>\n<tr>\n<td style=\"width: 50%; background-color: #ededed; border-style: solid; border-color: Black;\">\n<h4 style=\"text-align: center;\"><strong><\/strong><\/h4>\n<h4 style=\"text-align: center;\"><strong>Incentivo:<\/strong><\/h4>\n<\/td>\n<td style=\"width: 50%; border-style: solid; border-color: black; text-align: center;\"><strong>$62<\/strong><\/td>\n<\/tr>\n<\/tbody>\n<\/table>\n<h4><strong>Requisitos de calificaci\u00f3n:<\/strong><\/h4>\n<ul>\n<li>La unidad debe estar en la lista de <a title=\"Lavander\u00eda calificada \" href=\"https:\/\/staging.wattsmartsavings.net\/washington-residential\/qualified-products-wa\/wa-clotheswashers-qpl\/\">lavadoras de ropa calificadas<\/a> al momento de la compra.<\/li>\n<li>La lavadora de ropa debe ser nueva y no usada.<\/li>\n<li>El volumen de la tina de la lavadora de ropa debe ser de 2,5 pies c\u00fabicos o m\u00e1s.<\/li>\n<li>La unidad debe tener un factor de energ\u00eda modificado integrado, o IMEF, de 2,76 o superior\n<ul>\n<li>Para determinar el IMEF, visite <a title=\"Energy Star punto gov\" href=\"http:\/\/ENERGYSTAR.gov\">ENERGYSTAR.gov<\/a><\/li>\n<\/ul>\n<h4><strong>Requisitos adicionales del programa:<\/strong><\/h4>\n<ul>\n<li>La solicitud de incentivo y la documentaci\u00f3n de respaldo deben estar selladas por el correo o presentarse en l\u00ednea dentro de los 90 d\u00edas posteriores a la instalaci\u00f3n del equipo.<\/li>\n<li><span>La solicitud debe presentarse dentro de los 90 d\u00edas posteriores a la compra de su nuevo producto de eficiencia energ\u00e9tica.<\/span><\/li>\n<li>La casa debe tener un calentador de agua calentado el\u00e9ctricamente o una secadora calentada el\u00e9ctricamente para ser elegible para un incentivo.<\/li>\n<\/ul>\n<h4><strong>Documentos requeridos:<\/strong><\/h4>\n<ul>\n<li><a href=\"https:\/\/staging.wattsmartsavings.net\/wp-content\/uploads\/WA-HES_APPLIANCES_App_11.18.24.pdf\">Solicitud de incentivo<\/a> , completa y firmada*<\/li>\n<li>Recibo detallado.<\/li>\n<li><a title=\"Anexo sobre pagos a terceros\" href=\"https:\/\/staging.wattsmartsavings.net\/wa_third_party_payment_addendum.pdf\">Anexo de pago de terceros<\/a> para solicitantes que deseen reenviar el pago a un tercero que no figura en la cuenta de servicios p\u00fablicos.<\/li>\n<li><a title=\"Formulario W-9 del IRS\" href=\"https:\/\/www.irs.gov\/pub\/irs-pdf\/fw9.pdf\">Formulario W-9 del IRS<\/a> , si corresponde**<br \/> <em>* Si lo env\u00eda por correo, haga copias para sus registros y anote la fecha de env\u00edo en la solicitud.<\/em><br \/> <em>** Aplicable \u00fanicamente a empresas y clientes no particulares, incluidos propietarios, que soliciten incentivos.<\/em><\/li>\n<\/ul>\n<p>Los incentivos est\u00e1n asociados a la presentaci\u00f3n de tarifas del programa de Ahorro Energ\u00e9tico Dom\u00e9stico del 1 de enero de 2025, aprobada por la Comisi\u00f3n de Servicios P\u00fablicos y Transporte de Washington. Todos los incentivos est\u00e1n sujetos a cambios dentro de los 45 d\u00edas de aviso. Pueden aplicarse T\u00e9rminos y Condiciones adicionales.<\/p>\n<\/li>\n<\/ul>\n<p>[\/et_pb_tab][et_pb_tab title=\u00bbElegibilidad del cliente\u00bb _builder_version=\u00bb4.19.5&#8243; _module_preset=\u00bbdefault\u00bb global_colors_info=\u00bb{}\u00bb]<\/p>\n<p>Los clientes residenciales de electricidad que residen en el estado de Washington y compran su electricidad a Pacific Power seg\u00fan las tarifas 16, 17, 18 y 19 califican. Los propietarios que poseen propiedades de alquiler atendidas por la empresa en el estado de Washington donde el inquilino est\u00e1 facturado seg\u00fan las tarifas 16, 17, 18 y 19 tambi\u00e9n califican para este programa. Puede encontrar su lista de tarifas en su factura o llamando al 1-888-221-7070. Los cheques de incentivo solo se emiten a nombre del titular de la cuenta de Pacific Power.<\/p>\n<p>[\/et_pb_tab][et_pb_tab title=\u00bb\u00bfC\u00f3mo aplicar?\u00bb _builder_version=\u00bb4.20.2&#8243; _module_preset=\u00bbdefault\u00bb global_colors_info=\u00bb{}\u00bb]<\/p>\n<p><b>Necesitar\u00e1 estos elementos para solicitar en l\u00ednea su incentivo:<\/b><\/p>\n<ul>\n<li>N\u00famero de cuenta de Pacific Power<\/li>\n<li>Imagen electr\u00f3nica de su recibo que muestra el nombre del fabricante y el n\u00famero de modelo de su nuevo producto<\/li>\n<\/ul>\n<p><b>Detalles importantes:<\/b><\/p>\n<ul>\n<li>La solicitud de incentivo y la documentaci\u00f3n de respaldo deben estar selladas por el correo o presentarse en l\u00ednea dentro de los 90 d\u00edas posteriores a la instalaci\u00f3n del equipo.<\/li>\n<li>Por favor, espere seis semanas m\u00e1s el tiempo del servicio postal para la entrega de su cheque de incentivo despu\u00e9s de que recibamos su solicitud aprobada y el recibo.<\/li>\n<li>Puede localizar su n\u00famero de cuenta en su estado de cuenta como se muestra a continuaci\u00f3n.<\/li>\n<\/ul>\n<p><a href=\"https:\/\/staging.wattsmartsavings.net\/wp-content\/uploads\/2019\/06\/pp-bill-2.jpg\"><img loading=\"lazy\" decoding=\"async\" class=\"wp-image-1142 alignnone size-medium\" src=\"https:\/\/staging.wattsmartsavings.net\/wp-content\/uploads\/2019\/06\/pp-bill-2.jpg\" alt=\"Ejemplo de n\u00famero de cuenta en la factura de Pacific Power\" width=\"300\" height=\"88\"><\/a><\/p>\n<p>\u00bfYa ha aplicado? <a href=\"https:\/\/pacificorpdsmc.traksmart.com\/traksmart4\/html\/pux\/application-search\">Realice un seguimiento del estado de sus incentivos.<\/a> Por favor, espere 48 horas para que su solicitud en l\u00ednea se cargue en nuestro sistema.<\/p>\n<p>[\/et_pb_tab][\/et_pb_tabs][\/et_pb_column][\/et_pb_row][\/et_pb_section]<\/p>\n","protected":false},"excerpt":{"rendered":"<p>ENCUENTRE AHORROSENCONTRAR UN CONTRATISTAESTADO DE LA SOLICITUDATENCI\u00d3N AL CLIENTEFINANCIACI\u00d3NAccesorios Incentivos para electrodom\u00e9sticos Lavadoras de ropa Secadoras de ropa con bomba de calor Lavadoras de ropa Reciba $62 de reembolso en efectivo No deje su factura de energ\u00eda al aire libre Actualice su lavadora de ropa a una eficiente y reciba $62 de reembolso en efectivo [&hellip;]<\/p>\n","protected":false},"author":13,"featured_media":0,"parent":14977,"menu_order":0,"comment_status":"closed","ping_status":"closed","template":"","meta":{"_et_pb_use_builder":"on","_et_pb_old_content":"","_et_gb_content_width":"","inline_featured_image":false,"footnotes":""},"class_list":["post-15143","page","type-page","status-publish","hentry"],"_links":{"self":[{"href":"https:\/\/staging.wattsmartsavings.net\/es\/wp-json\/wp\/v2\/pages\/15143","targetHints":{"allow":["GET"]}}],"collection":[{"href":"https:\/\/staging.wattsmartsavings.net\/es\/wp-json\/wp\/v2\/pages"}],"about":[{"href":"https:\/\/staging.wattsmartsavings.net\/es\/wp-json\/wp\/v2\/types\/page"}],"author":[{"embeddable":true,"href":"https:\/\/staging.wattsmartsavings.net\/es\/wp-json\/wp\/v2\/users\/13"}],"replies":[{"embeddable":true,"href":"https:\/\/staging.wattsmartsavings.net\/es\/wp-json\/wp\/v2\/comments?post=15143"}],"version-history":[{"count":2,"href":"https:\/\/staging.wattsmartsavings.net\/es\/wp-json\/wp\/v2\/pages\/15143\/revisions"}],"predecessor-version":[{"id":15145,"href":"https:\/\/staging.wattsmartsavings.net\/es\/wp-json\/wp\/v2\/pages\/15143\/revisions\/15145"}],"up":[{"embeddable":true,"href":"https:\/\/staging.wattsmartsavings.net\/es\/wp-json\/wp\/v2\/pages\/14977"}],"wp:attachment":[{"href":"https:\/\/staging.wattsmartsavings.net\/es\/wp-json\/wp\/v2\/media?parent=15143"}],"curies":[{"name":"wp","href":"https:\/\/api.w.org\/{rel}","templated":true}]}}