{"id":15198,"date":"2020-07-31T18:22:20","date_gmt":"2020-07-31T18:22:20","guid":{"rendered":"https:\/\/staging.wattsmartsavings.net\/pagina-de-cupones\/"},"modified":"2025-01-31T14:33:16","modified_gmt":"2025-01-31T14:33:16","slug":"pagina-de-cupones","status":"publish","type":"page","link":"https:\/\/staging.wattsmartsavings.net\/es\/pagina-de-cupones\/","title":{"rendered":"P\u00e1gina de cupones"},"content":{"rendered":"<p>[et_pb_section fb_built=\u00bb1&#8243; custom_padding_last_edited=\u00bbon|desktop\u00bb _builder_version=\u00bb4.16&#8243; background_image=\u00bbhttps:\/\/staging.wattsmartsavings.net\/wp-content\/uploads\/2021\/03\/GettyImages-1183406982-scaled.jpg\u00bb custom_margin=\u00bb4px||||false|false\u00bb custom_margin_tablet=\u00bb||\u00bb custom_margin_phone=\u00bb1%||||false|false\u00bb custom_margin_last_edited=\u00bbon|tablet\u00bb custom_padding=\u00bb25px||25px|150px|true|false\u00bb custom_padding_tablet=\u00bb0px||0px|0px|true|false\u00bb custom_padding_phone=\u00bb|0px||0px|false|false\u00bb collapsed=\u00bboff\u00bb global_colors_info=\u00bb{}\u00bb][et_pb_row column_structure=\u00bb1_2,1_2&#8243; custom_padding_last_edited=\u00bbon|desktop\u00bb _builder_version=\u00bb4.16&#8243; width=\u00bb100%\u00bb width_tablet=\u00bb\u00bb width_phone=\u00bb100%\u00bb width_last_edited=\u00bbon|phone\u00bb module_alignment=\u00bbleft\u00bb custom_margin=\u00bb||||false|false\u00bb custom_padding=\u00bb0px|||0px|false|false\u00bb custom_padding_tablet=\u00bb||6vw\u00bb custom_padding_phone=\u00bb\u00bb global_colors_info=\u00bb{}\u00bb][et_pb_column type=\u00bb1_2&#8243; _builder_version=\u00bb4.16&#8243; custom_padding=\u00bb|||\u00bb global_colors_info=\u00bb{}\u00bb custom_padding__hover=\u00bb|||\u00bb][et_pb_text content_tablet=\u00bb\u00bb content_phone=\u00bb<\/p>\n<h1 style=%22text-align: left;%22>Mejore su hogar y su billetera con<\/h1>\n<h2 style=%22margin: 10px 0px; text-align: left;%22>Cupones Instant\u00e1neos<\/h2>\n<p style=%22text-align: left;%22><span>Ahorre instant\u00e1neamente cuando compre termostatos inteligentes o calentadores de agua con bomba de calor calificados en minoristas seleccionados<\/span><\/p>\n<p>\u00bb content_last_edited=\u00bbon|phone\u00bb disabled_on=\u00bbon|on|off\u00bb _builder_version=\u00bb4.24.2&#8243; text_font=\u00bbGill Sans Light|600|||||||\u00bb text_font_size=\u00bb15px\u00bb text_line_height=\u00bb1.8em\u00bb header_font=\u00bbErnest and Emily caps||||||||\u00bb header_font_size=\u00bb42px\u00bb header_line_height=\u00bb0em\u00bb header_2_font=\u00bbErnest  Emily||||||||\u00bb header_2_font_size=\u00bb72px\u00bb header_5_font=\u00bbErnest  Emily CAPS||||||||\u00bb header_5_font_size=\u00bb58px\u00bb header_5_line_height=\u00bb0em\u00bb background_color=\u00bbrgba(255,255,255,0.84)\u00bb width_tablet=\u00bb100%\u00bb width_phone=\u00bb\u00bb width_last_edited=\u00bbon|desktop\u00bb custom_margin=\u00bb43px|||45px|false|false\u00bb custom_margin_tablet=\u00bb1px||0px|0px\u00bb custom_margin_phone=\u00bb33px||10px|0px|false|false\u00bb custom_margin_last_edited=\u00bbon|tablet\u00bb custom_padding=\u00bb5vw|4vh|3vw|4vh|false|true\u00bb custom_padding_tablet=\u00bb9vw|4vh|9vw|4vh\u00bb custom_padding_phone=\u00bb10vw||14vw|\u00bb custom_padding_last_edited=\u00bbon|tablet\u00bb header_font_tablet=\u00bb\u00bb header_font_phone=\u00bb\u00bb header_font_last_edited=\u00bbon|phone\u00bb z_index_tablet=\u00bb500&#8243; text_text_shadow_horizontal_length_tablet=\u00bb0px\u00bb text_text_shadow_vertical_length_tablet=\u00bb0px\u00bb text_text_shadow_blur_strength_tablet=\u00bb1px\u00bb link_text_shadow_horizontal_length_tablet=\u00bb0px\u00bb link_text_shadow_vertical_length_tablet=\u00bb0px\u00bb link_text_shadow_blur_strength_tablet=\u00bb1px\u00bb ul_text_shadow_horizontal_length_tablet=\u00bb0px\u00bb ul_text_shadow_vertical_length_tablet=\u00bb0px\u00bb ul_text_shadow_blur_strength_tablet=\u00bb1px\u00bb ol_text_shadow_horizontal_length_tablet=\u00bb0px\u00bb ol_text_shadow_vertical_length_tablet=\u00bb0px\u00bb ol_text_shadow_blur_strength_tablet=\u00bb1px\u00bb quote_text_shadow_horizontal_length_tablet=\u00bb0px\u00bb quote_text_shadow_vertical_length_tablet=\u00bb0px\u00bb quote_text_shadow_blur_strength_tablet=\u00bb1px\u00bb header_text_shadow_horizontal_length_tablet=\u00bb0px\u00bb header_text_shadow_vertical_length_tablet=\u00bb0px\u00bb header_text_shadow_blur_strength_tablet=\u00bb1px\u00bb header_2_text_shadow_horizontal_length_tablet=\u00bb0px\u00bb header_2_text_shadow_vertical_length_tablet=\u00bb0px\u00bb header_2_text_shadow_blur_strength_tablet=\u00bb1px\u00bb header_3_text_shadow_horizontal_length_tablet=\u00bb0px\u00bb header_3_text_shadow_vertical_length_tablet=\u00bb0px\u00bb header_3_text_shadow_blur_strength_tablet=\u00bb1px\u00bb header_4_text_shadow_horizontal_length_tablet=\u00bb0px\u00bb header_4_text_shadow_vertical_length_tablet=\u00bb0px\u00bb header_4_text_shadow_blur_strength_tablet=\u00bb1px\u00bb header_5_text_shadow_horizontal_length_tablet=\u00bb0px\u00bb header_5_text_shadow_vertical_length_tablet=\u00bb0px\u00bb header_5_text_shadow_blur_strength_tablet=\u00bb1px\u00bb header_6_text_shadow_horizontal_length_tablet=\u00bb0px\u00bb header_6_text_shadow_vertical_length_tablet=\u00bb0px\u00bb header_6_text_shadow_blur_strength_tablet=\u00bb1px\u00bb box_shadow_horizontal_tablet=\u00bb0px\u00bb box_shadow_vertical_tablet=\u00bb0px\u00bb box_shadow_blur_tablet=\u00bb40px\u00bb box_shadow_spread_tablet=\u00bb0px\u00bb inline_fonts=\u00bbGill Sans,Gill Sans Light\u00bb global_colors_info=\u00bb{}\u00bb]<\/p>\n<h1><strong><span style=\"font-family: 'Gill Sans Light'; font-size: large; color: #000000;\">MEJORE SU HOGAR Y SU BILLETERA CON<\/span><\/strong><\/h1>\n<h2 style=\"margin: 10px 0;\"><span style=\"color: #000000;\">Cupones Instant\u00e1neos<\/span><\/h2>\n<p><span style=\"color: #000000; font-size: large; font-family: 'Gill Sans Light'; font-weight: normal;\">Ahorre instant\u00e1neamente cuando compre termostatos inteligentes, calentadores de agua con bomba de calor y lavadoras de ropa calificados en minoristas seleccionados.<\/span><\/p>\n<p>[\/et_pb_text][\/et_pb_column][et_pb_column type=\u00bb1_2&#8243; _builder_version=\u00bb4.16&#8243; custom_padding=\u00bb|||\u00bb global_colors_info=\u00bb{}\u00bb custom_padding__hover=\u00bb|||\u00bb][\/et_pb_column][\/et_pb_row][\/et_pb_section][et_pb_section fb_built=\u00bb1&#8243; custom_padding_last_edited=\u00bbon|desktop\u00bb _builder_version=\u00bb4.16&#8243; custom_margin_last_edited=\u00bboff|desktop\u00bb custom_padding_tablet=\u00bb\u00bb custom_padding_phone=\u00bb0px||\u00bb global_colors_info=\u00bb{}\u00bb][et_pb_row column_structure=\u00bb3_5,2_5&#8243; _builder_version=\u00bb4.16&#8243; min_height=\u00bb536.8px\u00bb global_colors_info=\u00bb{}\u00bb][et_pb_column type=\u00bb3_5&#8243; _builder_version=\u00bb4.16&#8243; global_colors_info=\u00bb{}\u00bb][et_pb_text _builder_version=\u00bb4.24.2&#8243; text_text_color=\u00bb#196fb6&#8243; text_font_size=\u00bb57px\u00bb text_line_height=\u00bb1em\u00bb text_orientation_tablet=\u00bb\u00bb text_orientation_phone=\u00bbcenter\u00bb text_orientation_last_edited=\u00bbon|phone\u00bb global_colors_info=\u00bb{}\u00bb]<\/p>\n<p style=\"text-align: center;\"><strong>EMPEZANDO<\/strong><\/p>\n<p>[\/et_pb_text][et_pb_image src=\u00bbhttp:\/\/staging.wattsmartsavings.net\/HES-Coupon-Checkout-final-v2.gif\u00bb _builder_version=\u00bb4.16&#8243; global_colors_info=\u00bb{}\u00bb][\/et_pb_image][\/et_pb_column][et_pb_column type=\u00bb2_5&#8243; _builder_version=\u00bb4.16&#8243; global_colors_info=\u00bb{}\u00bb][et_pb_text _builder_version=\u00bb4.24.2&#8243; _module_preset=\u00bbdefault\u00bb global_colors_info=\u00bb{}\u00bb]<\/p>\n<h1 style=\"text-align: center;\"><span style=\"font-size: xx-large;\">3 PASOS A SEGUIR:<\/span><\/h1>\n<p>[\/et_pb_text][et_pb_text _builder_version=\u00bb4.25.2&#8243; _module_preset=\u00bbdefault\u00bb text_font=\u00bbLato||||||||\u00bb text_font_size=\u00bb16px\u00bb background_color=\u00bbrgba(25,111,182,0.13)\u00bb custom_margin=\u00bb0px|0px|0px|0px|true|false\u00bb custom_padding=\u00bb15px|15px|15px|15px|true|true\u00bb global_colors_info=\u00bb{}\u00bb]<\/p>\n<p style=\"text-align: center;\"><span style=\"font-size: large;\"><strong>1<\/strong><\/span><br \/>Haga clic a continuaci\u00f3n para reclamar su cup\u00f3n e iniciar sesi\u00f3n en su cuenta de Pacific Power o seleccione \u00bb <strong>continuar como invitado\u00bb.<\/strong><br \/><span style=\"font-size: small;\"><em>Nota: Primero deber\u00e1 verificar que no es un robot.<\/em><\/span><\/p>\n<p>[\/et_pb_text][et_pb_text _builder_version=\u00bb4.16&#8243; _module_preset=\u00bbdefault\u00bb text_font_size=\u00bb16px\u00bb custom_margin=\u00bb0px|0px|0px|0px|true|true\u00bb custom_padding=\u00bb15px|15px|15px|15px|true|true\u00bb global_colors_info=\u00bb{}\u00bb]<\/p>\n<p style=\"text-align: center;\"><span style=\"font-size: large;\"><strong>2<\/strong><\/span><br \/>Valide su elegibilidad. Una vez que complete el proceso de verificaci\u00f3n, s<strong>u cup\u00f3n exclusivo aparecer\u00e1 en la pantalla y se enviar\u00e1 por correo electr\u00f3nico<\/strong> . <\/p>\n<p>[\/et_pb_text][et_pb_text _builder_version=\u00bb4.24.2&#8243; _module_preset=\u00bbdefault\u00bb text_font_size=\u00bb16px\u00bb background_color=\u00bbrgba(25,111,182,0.15)\u00bb min_height=\u00bb119.4px\u00bb custom_margin=\u00bb0px|0px|0px|0px|true|true\u00bb custom_padding=\u00bb15px|15px|15px|15px|true|true\u00bb global_colors_info=\u00bb{}\u00bb]<\/p>\n<p style=\"text-align: center;\"><span style=\"font-size: large;\"><strong>3<\/strong><\/span><br \/> \u00a1Presente su cup\u00f3n digital en el momento del pago para <strong>recibir dinero de descuento<\/strong> en su compra, al instante!<\/p>\n<p>[\/et_pb_text][\/et_pb_column][\/et_pb_row][et_pb_row column_structure=\u00bb1_2,1_2&#8243; module_id=\u00bbcoupons\u00bb _builder_version=\u00bb4.27.4&#8243; _module_preset=\u00bbdefault\u00bb background_color=\u00bb#f5f5f5&#8243; custom_margin=\u00bb|auto|68px|auto||\u00bb custom_padding=\u00bb|40px||40px|true|true\u00bb hover_enabled=\u00bb0&#8243; box_shadow_style=\u00bbpreset1&#8243; global_colors_info=\u00bb{}\u00bb custom_padding_last_edited=\u00bbon|phone\u00bb sticky_enabled=\u00bb0&#8243; custom_padding_tablet=\u00bb|40px||40px|true|true\u00bb custom_padding_phone=\u00bb|40px||40px|true|true\u00bb][et_pb_column type=\u00bb1_2&#8243; _builder_version=\u00bb4.16&#8243; _module_preset=\u00bbdefault\u00bb global_colors_info=\u00bb{}\u00bb][et_pb_text _builder_version=\u00bb4.16&#8243; _module_preset=\u00bbdefault\u00bb header_2_font_size=\u00bb32px\u00bb custom_margin=\u00bb||10px||false|false\u00bb global_colors_info=\u00bb{}\u00bb]<\/p>\n<h2>Cup\u00f3n de <strong>$100<\/strong> para termostato inteligente<\/h2>\n<p>[\/et_pb_text][et_pb_text _builder_version=\u00bb4.24.2&#8243; _module_preset=\u00bbdefault\u00bb text_font_size=\u00bb16px\u00bb global_colors_info=\u00bb{}\u00bb]<\/p>\n<p><strong>V\u00e1lido \u00fanicamente en:<\/strong><\/p>\n<ul>\n<li>En l\u00ednea en HomeDepot.com<\/li>\n<li>En tienda en las sucursales de College Place y Yakima Home Depot<\/li>\n<li>En tienda en Lowe&#8217;s de Yakima<\/li>\n<li>En l\u00ednea en Lowes.com<\/li>\n<li>\n<div>Ace Hardware de la ciudad natal &#8211; Yakima<\/div>\n<\/li>\n<li>\n<div>El as de Roy &#8211; Yakima<\/div>\n<\/li>\n<li>\n<div>Oak Creek Ace &#8211; Naches<\/div>\n<\/li>\n<li><span>Valor real de Helms &#8211; Selah, WA<\/span><\/li>\n<\/ul>\n<p>Los termostatos inteligentes comprados en otros minoristas son elegibles para un <a href=\"https:\/\/staging.wattsmartsavings.net\/wp-content\/uploads\/WA-HES_SMART_THERM_App_11.22.23.pdf\" target=\"_blank\" rel=\"noopener\">reembolso posterior a la compra<\/a> .  <\/p>\n<p>[\/et_pb_text][et_pb_button button_url=\u00bbhttps:\/\/pacificorpdsmc.traksmart.com\/traksmart4\/html\/pux\/products\/111189800\/measure\u00bb url_new_window=\u00bbon\u00bb button_text=\u00bbRECLAMAR CUP\u00d3N\u00bb button_alignment=\u00bbleft\u00bb button_alignment_tablet=\u00bbcenter\u00bb button_alignment_phone=\u00bbcenter\u00bb button_alignment_last_edited=\u00bbon|desktop\u00bb disabled_on=\u00bboff|off|off\u00bb admin_label=\u00bbClaim Coupon Button\u00bb module_id=\u00bbpp-hes-coupon-btn\u00bb _builder_version=\u00bb4.16&#8243; custom_button=\u00bbon\u00bb button_text_color=\u00bb#ffffff\u00bb button_bg_color=\u00bb#196fb6&#8243; button_border_width=\u00bb0px\u00bb button_border_radius=\u00bb0px\u00bb button_icon=\u00bb&#x35;||divi||400&#8243; custom_margin=\u00bb30px||||false|false\u00bb custom_margin_tablet=\u00bb||||false|false\u00bb custom_margin_phone=\u00bb\u00bb custom_margin_last_edited=\u00bbon|tablet\u00bb global_colors_info=\u00bb{}\u00bb button_text__hover_enabled=\u00bboff|desktop\u00bb][\/et_pb_button][et_pb_text _builder_version=\u00bb4.25.1&#8243; _module_preset=\u00bbdefault\u00bb global_colors_info=\u00bb{}\u00bb]<\/p>\n<p><em><strong>Se aplican restricciones.<\/strong>  La oferta se aplica a los clientes elegibles de Pacific Power con calefacci\u00f3n el\u00e9ctrica. Los incentivos est\u00e1n sujetos a cambios en cualquier momento.   <a href=\"https:\/\/staging.wattsmartsavings.net\/washington-residential\/qualified-products-wa\/wa-smartthermostat-qpl\/\">El cup\u00f3n se aplica a los modelos incluidos en la lista cualificada.<\/a><\/em><\/p>\n<p>[\/et_pb_text][\/et_pb_column][et_pb_column type=\u00bb1_2&#8243; _builder_version=\u00bb4.20.0&#8243; _module_preset=\u00bbdefault\u00bb global_colors_info=\u00bb{}\u00bb][et_pb_image src=\u00bbhttps:\/\/staging.wattsmartsavings.net\/wp-content\/uploads\/2020\/07\/GettyImages-1216160029-scaled.jpg\u00bb title_text=\u00bbMujer africana joven que utiliza un dispositivo de tecnolog\u00eda de termostato con monitor de IoT y pantalla t\u00e1ctil para el hogar inteligente en la pared. Panel de vigilancia de seguridad autom\u00e1tico, sistema de calefacci\u00f3n y energ\u00eda para electrodom\u00e9sticos conectados. Concepto de hogar inteligente  \u00bb _builder_version=\u00bb4.16&#8243; _module_preset=\u00bbdefault\u00bb global_colors_info=\u00bb{}\u00bb][\/et_pb_image][\/et_pb_column][\/et_pb_row][et_pb_row column_structure=\u00bb1_2,1_2&#8243; _builder_version=\u00bb4.27.4&#8243; _module_preset=\u00bbdefault\u00bb background_color=\u00bb#f5f5f5&#8243; custom_margin=\u00bb25px|auto|68px|auto|false|false\u00bb custom_padding=\u00bb|40px||40px|true|true\u00bb hover_enabled=\u00bb0&#8243; box_shadow_style=\u00bbpreset1&#8243; global_colors_info=\u00bb{}\u00bb sticky_enabled=\u00bb0&#8243;][et_pb_column type=\u00bb1_2&#8243; _builder_version=\u00bb4.16&#8243; _module_preset=\u00bbdefault\u00bb global_colors_info=\u00bb{}\u00bb][et_pb_text _builder_version=\u00bb4.16&#8243; _module_preset=\u00bbdefault\u00bb header_2_font_size=\u00bb32px\u00bb custom_margin=\u00bb||10px||false|false\u00bb global_colors_info=\u00bb{}\u00bb]<\/p>\n<h2>Cup\u00f3n de <strong>$900<\/strong> para calentador de agua con bomba de calor<\/h2>\n<p>(Tambi\u00e9n conocido como calentador de agua h\u00edbrido el\u00e9ctrico)<\/p>\n<p>[\/et_pb_text][et_pb_text _builder_version=\u00bb4.25.1&#8243; _module_preset=\u00bbdefault\u00bb text_font_size=\u00bb16px\u00bb global_colors_info=\u00bb{}\u00bb]<\/p>\n<p><strong>V\u00e1lido \u00fanicamente en:<\/strong><\/p>\n<ul>\n<li>En tienda en las sucursales de College Place y Yakima Home Depot<\/li>\n<li>En tienda en Lowe&#8217;s de Yakima<\/li>\n<li>En l\u00ednea en Lowes.com<\/li>\n<\/ul>\n<p>Los calentadores de agua con bomba de calor comprados en otros minoristas son elegibles para un <a href=\"https:\/\/staging.wattsmartsavings.net\/wp-content\/uploads\/WA-HES_HP_WATER_HEATER_App_11.09.23.pdf\" target=\"_blank\" rel=\"noopener\">reembolso posterior a la compra<\/a> .  <\/p>\n<p>[\/et_pb_text][et_pb_button button_url=\u00bbhttps:\/\/pacificorpdsmc.traksmart.com\/traksmart4\/html\/pux\/products\/111189800\/measure\u00bb url_new_window=\u00bbon\u00bb button_text=\u00bbRECLAMAR CUP\u00d3N\u00bb button_alignment=\u00bbleft\u00bb button_alignment_tablet=\u00bbcenter\u00bb button_alignment_phone=\u00bbcenter\u00bb button_alignment_last_edited=\u00bbon|desktop\u00bb disabled_on=\u00bboff|off|off\u00bb admin_label=\u00bbClaim Coupon Button\u00bb module_id=\u00bbpp-hes-coupon-btn\u00bb _builder_version=\u00bb4.16&#8243; custom_button=\u00bbon\u00bb button_text_color=\u00bb#ffffff\u00bb button_bg_color=\u00bb#196fb6&#8243; button_border_width=\u00bb0px\u00bb button_border_radius=\u00bb0px\u00bb button_icon=\u00bb&#x35;||divi||400&#8243; custom_margin=\u00bb30px||||false|false\u00bb custom_margin_tablet=\u00bb||||false|false\u00bb custom_margin_phone=\u00bb\u00bb custom_margin_last_edited=\u00bbon|tablet\u00bb global_colors_info=\u00bb{}\u00bb button_text__hover_enabled=\u00bboff|desktop\u00bb][\/et_pb_button][et_pb_text _builder_version=\u00bb4.25.1&#8243; _module_preset=\u00bbdefault\u00bb global_colors_info=\u00bb{}\u00bb]<\/p>\n<p><em><strong>Se aplican restricciones<\/strong> . <span>La oferta se aplica a clientes elegibles de Pacific Power que reemplacen un calentador de agua con resistencia el\u00e9ctrica. <a href=\"https:\/\/staging.wattsmartsavings.net\/washington-residential\/qualified-products-wa\/wa-heatpumpwaterheaters-qpl\/\">El cup\u00f3n se aplica a los modelos de la lista de calificados.<\/a><\/span><\/em><\/p>\n<p>[\/et_pb_text][\/et_pb_column][et_pb_column type=\u00bb1_2&#8243; _builder_version=\u00bb4.16&#8243; _module_preset=\u00bbdefault\u00bb global_colors_info=\u00bb{}\u00bb][et_pb_image src=\u00bbhttps:\/\/staging.wattsmartsavings.net\/wp-content\/uploads\/2021\/03\/GettyImages-1222861323-scaled.jpg\u00bb title_text=\u00bbMadre ayuda a su hija a lavarse las manos con una buena t\u00e9cnica\u00bb _builder_version=\u00bb4.24.2&#8243; _module_preset=\u00bbdefault\u00bb global_colors_info=\u00bb{}\u00bb][\/et_pb_image][\/et_pb_column][\/et_pb_row][et_pb_row column_structure=\u00bb1_2,1_2&#8243; _builder_version=\u00bb4.27.4&#8243; _module_preset=\u00bbdefault\u00bb background_color=\u00bb#f5f5f5&#8243; custom_margin=\u00bb25px||||false|false\u00bb custom_padding=\u00bb|40px||40px|true|true\u00bb hover_enabled=\u00bb0&#8243; box_shadow_style=\u00bbpreset1&#8243; global_colors_info=\u00bb{}\u00bb sticky_enabled=\u00bb0&#8243;][et_pb_column type=\u00bb1_2&#8243; _builder_version=\u00bb4.16&#8243; _module_preset=\u00bbdefault\u00bb global_colors_info=\u00bb{}\u00bb][et_pb_text _builder_version=\u00bb4.16&#8243; _module_preset=\u00bbdefault\u00bb header_2_font_size=\u00bb32px\u00bb custom_margin=\u00bb||10px||false|false\u00bb global_colors_info=\u00bb{}\u00bb]<\/p>\n<h2>Cup\u00f3n para lavadora de ropa <strong>de $62<\/strong><\/h2>\n<p>[\/et_pb_text][et_pb_text _builder_version=\u00bb4.25.1&#8243; _module_preset=\u00bbdefault\u00bb text_font_size=\u00bb16px\u00bb global_colors_info=\u00bb{}\u00bb]<\/p>\n<p><strong>V\u00e1lido \u00fanicamente en:<\/strong><\/p>\n<ul>\n<li>En tienda en las sucursales de College Place y Yakima Home Depot<\/li>\n<li>En tienda en Lowe&#8217;s de Yakima<\/li>\n<\/ul>\n<p>Las lavadoras de ropa compradas en otros minoristas son elegibles para un <a href=\"https:\/\/staging.wattsmartsavings.net\/wp-content\/uploads\/WA-HES_APPLIANCES_App_11.22.23.pdf\" target=\"_blank\" rel=\"noopener\">reembolso posterior a la compra.<\/a> <\/p>\n<p>[\/et_pb_text][et_pb_button button_url=\u00bbhttps:\/\/pacificorpdsmc.traksmart.com\/traksmart4\/html\/pux\/products\/111189800\/measure\u00bb url_new_window=\u00bbon\u00bb button_text=\u00bbRECLAMAR CUP\u00d3N\u00bb button_alignment=\u00bbleft\u00bb button_alignment_tablet=\u00bbcenter\u00bb button_alignment_phone=\u00bbcenter\u00bb button_alignment_last_edited=\u00bbon|desktop\u00bb disabled_on=\u00bboff|off|off\u00bb admin_label=\u00bbClaim Coupon Button\u00bb module_id=\u00bbpp-hes-coupon-btn\u00bb _builder_version=\u00bb4.25.2&#8243; custom_button=\u00bbon\u00bb button_text_color=\u00bb#ffffff\u00bb button_bg_color=\u00bb#196fb6&#8243; button_border_width=\u00bb0px\u00bb button_border_radius=\u00bb0px\u00bb button_icon=\u00bb&#x35;||divi||400&#8243; custom_margin=\u00bb30px||||false|false\u00bb custom_margin_tablet=\u00bb||||false|false\u00bb custom_margin_phone=\u00bb\u00bb custom_margin_last_edited=\u00bbon|tablet\u00bb global_colors_info=\u00bb{}\u00bb button_text__hover_enabled=\u00bboff|desktop\u00bb][\/et_pb_button][et_pb_text _builder_version=\u00bb4.25.1&#8243; _module_preset=\u00bbdefault\u00bb global_colors_info=\u00bb{}\u00bb]<\/p>\n<p><em><strong>Se aplican restricciones<\/strong> .  <span><a href=\"https:\/\/staging.wattsmartsavings.net\/washington-residential\/qualified-products-wa\/wa-clotheswashers-qpl\/\" title=\"Lavadora de ropa QPL para cupones\">El cup\u00f3n s\u00f3lo puede utilizarse para los modelos de la lista de productos cualificados<\/a>. La vivienda debe tener calefacci\u00f3n el\u00e9ctrica por agua y\/o calefacci\u00f3n el\u00e9ctrica por secadora. <\/span><\/em><\/p>\n<p>[\/et_pb_text][\/et_pb_column][et_pb_column type=\u00bb1_2&#8243; _builder_version=\u00bb4.16&#8243; _module_preset=\u00bbdefault\u00bb global_colors_info=\u00bb{}\u00bb][et_pb_image src=\u00bbhttps:\/\/staging.wattsmartsavings.net\/wp-content\/uploads\/GettyImages-1016529018_washer-dryer-with-kids-scaled.jpg\u00bb alt=\u00bbMujer con ni\u00f1os cargando ropa en la lavadora.  \u00bb title_text=\u00bbFamilia lavando ropa juntos en casa\u00bb _builder_version=\u00bb4.24.2&#8243; _module_preset=\u00bbdefault\u00bb global_colors_info=\u00bb{}\u00bb][\/et_pb_image][\/et_pb_column][\/et_pb_row][\/et_pb_section]<\/p>\n","protected":false},"excerpt":{"rendered":"<p>MEJORE SU HOGAR Y SU BILLETERA CON Cupones Instant\u00e1neos Ahorre instant\u00e1neamente cuando compre termostatos inteligentes, calentadores de agua con bomba de calor y lavadoras de ropa calificados en minoristas seleccionados.EMPEZANDO3 PASOS A SEGUIR:1Haga clic a continuaci\u00f3n para reclamar su cup\u00f3n e iniciar sesi\u00f3n en su cuenta de Pacific Power o seleccione \u00bb continuar como invitado\u00bb.Nota: [&hellip;]<\/p>\n","protected":false},"author":8,"featured_media":0,"parent":0,"menu_order":0,"comment_status":"closed","ping_status":"closed","template":"","meta":{"_et_pb_use_builder":"on","_et_pb_old_content":"","_et_gb_content_width":"","inline_featured_image":false,"footnotes":""},"class_list":["post-15198","page","type-page","status-publish","hentry"],"_links":{"self":[{"href":"https:\/\/staging.wattsmartsavings.net\/es\/wp-json\/wp\/v2\/pages\/15198","targetHints":{"allow":["GET"]}}],"collection":[{"href":"https:\/\/staging.wattsmartsavings.net\/es\/wp-json\/wp\/v2\/pages"}],"about":[{"href":"https:\/\/staging.wattsmartsavings.net\/es\/wp-json\/wp\/v2\/types\/page"}],"author":[{"embeddable":true,"href":"https:\/\/staging.wattsmartsavings.net\/es\/wp-json\/wp\/v2\/users\/8"}],"replies":[{"embeddable":true,"href":"https:\/\/staging.wattsmartsavings.net\/es\/wp-json\/wp\/v2\/comments?post=15198"}],"version-history":[{"count":3,"href":"https:\/\/staging.wattsmartsavings.net\/es\/wp-json\/wp\/v2\/pages\/15198\/revisions"}],"predecessor-version":[{"id":15710,"href":"https:\/\/staging.wattsmartsavings.net\/es\/wp-json\/wp\/v2\/pages\/15198\/revisions\/15710"}],"wp:attachment":[{"href":"https:\/\/staging.wattsmartsavings.net\/es\/wp-json\/wp\/v2\/media?parent=15198"}],"curies":[{"name":"wp","href":"https:\/\/api.w.org\/{rel}","templated":true}]}}